{"id":751,"date":"2025-08-18T16:28:24","date_gmt":"2025-08-18T14:28:24","guid":{"rendered":"https:\/\/class-jewelry.com\/?post_type=product&#038;p=751"},"modified":"2025-08-18T16:28:24","modified_gmt":"2025-08-18T14:28:24","slug":"unazasy","status":"publish","type":"product","link":"https:\/\/class-jewelry.com\/index.php\/product\/unazasy\/","title":{"rendered":"Unaza&#8221;SY&#8221;"},"content":{"rendered":"<p>Kjo unaz\u00eb \u201cSy\u201d \u00ebsht\u00eb nj\u00eb aksesor elegant dhe i ve\u00e7ant\u00eb q\u00eb nuk kalon pa u v\u00ebn\u00eb re \u2013 minimalist\u00eb, t\u00eb rafinuar dhe perfekt p\u00ebr \u00e7do kombinim stili.<br \/>\nE punuar nga \u00e7elik inox 316 cil\u00ebsia m\u00eb e lart\u00eb dhe e lar\u00eb n\u00eb flori 18K me metod\u00ebn PVD, ajo ofron shk\u00eblqim t\u00eb q\u00ebndruesh\u00ebm dhe rezistenc\u00eb maksimale.<br \/>\nMateriali antialergjik dhe rezistent ndaj ujit dhe lag\u00ebshtir\u00ebs e b\u00ebn t\u00eb p\u00ebrshtatshme p\u00ebr p\u00ebrdorim t\u00eb p\u00ebrditsh\u00ebm, pa rrezik t\u00eb njollosjes apo nxi\u00e7jes.<br \/>\nMe dizajn t\u00eb thjesht\u00eb dhe ikonik, kjo unaz\u00eb \u201cSy\u201d sjell eleganc\u00eb dhe finesse n\u00eb \u00e7do paraqitje, duke e b\u00ebr\u00eb aksesorin tuaj t\u00eb paz\u00ebvend\u00ebsuesh\u00ebm.<\/p>\n","protected":false},"excerpt":{"rendered":"<ul>\n<li><strong>Material: Stainless Steel 316<\/strong> (\u00e7elik inox cil\u00ebsia m\u00eb e lart\u00eb)<\/li>\n<li><strong>Veshje PVD Gold 18K<\/strong> \u2013 e lar\u00eb n\u00eb flori 18K<\/li>\n<li><strong>Antialergjike<\/strong>, rezistente ndaj ujit dhe lag\u00ebshtir\u00ebs<\/li>\n<li><strong>Dizajn unik me simbolin e syrit,<\/strong> mbrojt\u00ebs dhe me kuptim t\u00eb ve\u00e7ant\u00eb<\/li>\n<li><strong>Aksesor modern q\u00eb shton stil dhe dometh\u00ebnie n\u00eb \u00e7do kombinim<\/strong><\/li>\n<\/ul>\n","protected":false},"featured_media":752,"comment_status":"open","ping_status":"closed","template":"","meta":{"neve_meta_sidebar":"","neve_meta_container":"","neve_meta_enable_content_width":"off","neve_meta_content_width":100,"neve_meta_title_alignment":"","neve_meta_author_avatar":"","neve_post_elements_order":"","neve_meta_disable_header":"","neve_meta_disable_footer":"","neve_meta_disable_title":"","_themeisle_gutenberg_block_has_review":false},"product_brand":[],"product_cat":[24],"product_tag":[],"class_list":{"0":"post-751","1":"product","2":"type-product","3":"status-publish","4":"has-post-thumbnail","6":"product_cat-unaza","8":"first","9":"instock","10":"shipping-taxable","11":"purchasable","12":"product-type-simple"},"_links":{"self":[{"href":"https:\/\/class-jewelry.com\/index.php\/wp-json\/wp\/v2\/product\/751","targetHints":{"allow":["GET"]}}],"collection":[{"href":"https:\/\/class-jewelry.com\/index.php\/wp-json\/wp\/v2\/product"}],"about":[{"href":"https:\/\/class-jewelry.com\/index.php\/wp-json\/wp\/v2\/types\/product"}],"replies":[{"embeddable":true,"href":"https:\/\/class-jewelry.com\/index.php\/wp-json\/wp\/v2\/comments?post=751"}],"wp:featuredmedia":[{"embeddable":true,"href":"https:\/\/class-jewelry.com\/index.php\/wp-json\/wp\/v2\/media\/752"}],"wp:attachment":[{"href":"https:\/\/class-jewelry.com\/index.php\/wp-json\/wp\/v2\/media?parent=751"}],"wp:term":[{"taxonomy":"product_brand","embeddable":true,"href":"https:\/\/class-jewelry.com\/index.php\/wp-json\/wp\/v2\/product_brand?post=751"},{"taxonomy":"product_cat","embeddable":true,"href":"https:\/\/class-jewelry.com\/index.php\/wp-json\/wp\/v2\/product_cat?post=751"},{"taxonomy":"product_tag","embeddable":true,"href":"https:\/\/class-jewelry.com\/index.php\/wp-json\/wp\/v2\/product_tag?post=751"}],"curies":[{"name":"wp","href":"https:\/\/api.w.org\/{rel}","templated":true}]}}