{"id":758,"date":"2025-08-18T17:15:34","date_gmt":"2025-08-18T15:15:34","guid":{"rendered":"https:\/\/class-jewelry.com\/?post_type=product&#038;p=758"},"modified":"2025-08-18T17:15:34","modified_gmt":"2025-08-18T15:15:34","slug":"vethet-diell","status":"publish","type":"product","link":"https:\/\/class-jewelry.com\/index.php\/product\/vethet-diell\/","title":{"rendered":"Vethet Diell"},"content":{"rendered":"<p>K\u00ebta v\u00ebth\u00eb \u201cDiell\u201d jan\u00eb aksesor\u00eb unik\u00eb q\u00eb sjellin nj\u00eb shk\u00eblqim natyral dhe energji pozitive n\u00eb \u00e7do stil. T\u00eb punuar nga \u00e7elik inox cil\u00ebsia m\u00eb e lart\u00eb (Stainless Steel 316) dhe t\u00eb lara n\u00eb flori 18K me metod\u00ebn PVD, ata ofrojn\u00eb nj\u00eb shk\u00eblqim t\u00eb q\u00ebndruesh\u00ebm dhe rezistenc\u00eb maksimale. Materiali \u00ebsht\u00eb antialergjik, nuk nxihet dhe reziston ndaj ujit e lag\u00ebshtir\u00ebs, duke i b\u00ebr\u00eb t\u00eb p\u00ebrshtatsh\u00ebm p\u00ebr p\u00ebrdorim t\u00eb p\u00ebrditsh\u00ebm. Me dizajn elegant dhe simbolin e Diellit, k\u00ebta v\u00ebth\u00eb shtojn\u00eb drit\u00eb, fines\u00eb dhe nj\u00eb prekje pozitive n\u00eb \u00e7do paraqitje.<\/p>\n","protected":false},"excerpt":{"rendered":"<ul>\n<li><strong>Material:<\/strong> Stainless Steel 316 (\u00e7elik inox cil\u00ebsia m\u00eb e lart\u00eb)<\/li>\n<li><strong>Veshje PVD Gold 18K<\/strong> \u2013 t\u00eb lara n\u00eb flori 18K<\/li>\n<li><strong>Antialergjik,<\/strong> nuk nxihen dhe rezistente ndaj ujit<\/li>\n<li><strong>Dizajn me simbolin e Diellit<\/strong> \u2013 burim drite dhe energjie pozitive<\/li>\n<li><strong>Aksesor q\u00eb ndri\u00e7on \u00e7do paraqitje<\/strong><\/li>\n<\/ul>\n","protected":false},"featured_media":759,"comment_status":"open","ping_status":"closed","template":"","meta":{"neve_meta_sidebar":"","neve_meta_container":"","neve_meta_enable_content_width":"off","neve_meta_content_width":100,"neve_meta_title_alignment":"","neve_meta_author_avatar":"","neve_post_elements_order":"","neve_meta_disable_header":"","neve_meta_disable_footer":"","neve_meta_disable_title":"","_themeisle_gutenberg_block_has_review":false},"product_brand":[],"product_cat":[25],"product_tag":[],"class_list":{"0":"post-758","1":"product","2":"type-product","3":"status-publish","4":"has-post-thumbnail","6":"product_cat-vethe","8":"first","9":"instock","10":"shipping-taxable","11":"purchasable","12":"product-type-simple"},"_links":{"self":[{"href":"https:\/\/class-jewelry.com\/index.php\/wp-json\/wp\/v2\/product\/758","targetHints":{"allow":["GET"]}}],"collection":[{"href":"https:\/\/class-jewelry.com\/index.php\/wp-json\/wp\/v2\/product"}],"about":[{"href":"https:\/\/class-jewelry.com\/index.php\/wp-json\/wp\/v2\/types\/product"}],"replies":[{"embeddable":true,"href":"https:\/\/class-jewelry.com\/index.php\/wp-json\/wp\/v2\/comments?post=758"}],"wp:featuredmedia":[{"embeddable":true,"href":"https:\/\/class-jewelry.com\/index.php\/wp-json\/wp\/v2\/media\/759"}],"wp:attachment":[{"href":"https:\/\/class-jewelry.com\/index.php\/wp-json\/wp\/v2\/media?parent=758"}],"wp:term":[{"taxonomy":"product_brand","embeddable":true,"href":"https:\/\/class-jewelry.com\/index.php\/wp-json\/wp\/v2\/product_brand?post=758"},{"taxonomy":"product_cat","embeddable":true,"href":"https:\/\/class-jewelry.com\/index.php\/wp-json\/wp\/v2\/product_cat?post=758"},{"taxonomy":"product_tag","embeddable":true,"href":"https:\/\/class-jewelry.com\/index.php\/wp-json\/wp\/v2\/product_tag?post=758"}],"curies":[{"name":"wp","href":"https:\/\/api.w.org\/{rel}","templated":true}]}}