{"id":764,"date":"2025-08-19T13:32:14","date_gmt":"2025-08-19T11:32:14","guid":{"rendered":"https:\/\/class-jewelry.com\/?post_type=product&#038;p=764"},"modified":"2025-08-19T13:32:14","modified_gmt":"2025-08-19T11:32:14","slug":"vethet-guaske","status":"publish","type":"product","link":"https:\/\/class-jewelry.com\/index.php\/product\/vethet-guaske\/","title":{"rendered":"Vethet Guaske"},"content":{"rendered":"<p data-start=\"525\" data-end=\"775\">K\u00ebto v\u00ebthe me detaj guaske jan\u00eb nj\u00eb p\u00ebrqafim i stilit boho dhe fines\u00ebs verore.<br data-start=\"612\" data-end=\"615\" \/>T\u00eb punuara nga \u00e7elik inox 316 dhe t\u00eb veshura me flori 18K me metod\u00ebn PVD, ato ofrojn\u00eb jo vet\u00ebm shk\u00eblqim t\u00eb q\u00ebndruesh\u00ebm, por edhe rezistenc\u00eb ndaj ujit dhe koh\u00ebs.Materiali \u00ebsht\u00eb antialergjik, duke i b\u00ebr\u00eb k\u00ebto v\u00ebthe t\u00eb sigurta dhe komode p\u00ebr \u00e7do p\u00ebrdorim. Nj\u00eb aksesor q\u00eb t\u00eb \u00e7on me mendje te plazhet e bardha dhe freskia e ver\u00ebs, pa l\u00ebn\u00eb m\u00ebnjan\u00eb eleganc\u00ebn.<\/p>\n","protected":false},"excerpt":{"rendered":"<ul>\n<li data-start=\"250\" data-end=\"309\"><strong>Material:<\/strong> Stainless Steel 316 (\u00e7elik inox cil\u00ebsi e lart\u00eb)<\/li>\n<li data-start=\"312\" data-end=\"361\"><strong>T\u00eb lar\u00eb n\u00eb flori 18K<\/strong> \u2013 me veshje PVD rezistente<\/li>\n<li data-start=\"399\" data-end=\"455\"><strong>Antialergjike dhe rezistente ndaj ujit dhe lag\u00ebshtir\u00ebs<\/strong><\/li>\n<li data-start=\"458\" data-end=\"527\"><strong>Aksesor me frym\u00eb bregdetare q\u00eb shton stil dhe freski n\u00eb \u00e7do paraqitje<\/strong><\/li>\n<\/ul>\n","protected":false},"featured_media":763,"comment_status":"open","ping_status":"closed","template":"","meta":{"neve_meta_sidebar":"","neve_meta_container":"","neve_meta_enable_content_width":"off","neve_meta_content_width":100,"neve_meta_title_alignment":"","neve_meta_author_avatar":"","neve_post_elements_order":"","neve_meta_disable_header":"","neve_meta_disable_footer":"","neve_meta_disable_title":"","_themeisle_gutenberg_block_has_review":false},"product_brand":[],"product_cat":[25],"product_tag":[],"class_list":{"0":"post-764","1":"product","2":"type-product","3":"status-publish","4":"has-post-thumbnail","6":"product_cat-vethe","8":"first","9":"instock","10":"shipping-taxable","11":"purchasable","12":"product-type-simple"},"_links":{"self":[{"href":"https:\/\/class-jewelry.com\/index.php\/wp-json\/wp\/v2\/product\/764","targetHints":{"allow":["GET"]}}],"collection":[{"href":"https:\/\/class-jewelry.com\/index.php\/wp-json\/wp\/v2\/product"}],"about":[{"href":"https:\/\/class-jewelry.com\/index.php\/wp-json\/wp\/v2\/types\/product"}],"replies":[{"embeddable":true,"href":"https:\/\/class-jewelry.com\/index.php\/wp-json\/wp\/v2\/comments?post=764"}],"wp:featuredmedia":[{"embeddable":true,"href":"https:\/\/class-jewelry.com\/index.php\/wp-json\/wp\/v2\/media\/763"}],"wp:attachment":[{"href":"https:\/\/class-jewelry.com\/index.php\/wp-json\/wp\/v2\/media?parent=764"}],"wp:term":[{"taxonomy":"product_brand","embeddable":true,"href":"https:\/\/class-jewelry.com\/index.php\/wp-json\/wp\/v2\/product_brand?post=764"},{"taxonomy":"product_cat","embeddable":true,"href":"https:\/\/class-jewelry.com\/index.php\/wp-json\/wp\/v2\/product_cat?post=764"},{"taxonomy":"product_tag","embeddable":true,"href":"https:\/\/class-jewelry.com\/index.php\/wp-json\/wp\/v2\/product_tag?post=764"}],"curies":[{"name":"wp","href":"https:\/\/api.w.org\/{rel}","templated":true}]}}