{"id":768,"date":"2025-08-19T13:42:59","date_gmt":"2025-08-19T11:42:59","guid":{"rendered":"https:\/\/class-jewelry.com\/?post_type=product&#038;p=768"},"modified":"2025-08-19T13:42:59","modified_gmt":"2025-08-19T11:42:59","slug":"vethe-sirena","status":"publish","type":"product","link":"https:\/\/class-jewelry.com\/index.php\/product\/vethe-sirena\/","title":{"rendered":"V\u00ebthe \u201cSirena\u201d"},"content":{"rendered":"<p data-start=\"850\" data-end=\"1068\"><strong data-start=\"850\" data-end=\"868\">V\u00ebthe \u201cSirena\u201d<\/strong> jan\u00eb frym\u00ebzuar nga bota e qet\u00eb dhe magjike e detit.<br data-start=\"920\" data-end=\"923\" \/>T\u00eb punuara nga \u00e7elik inox 316 dhe t\u00eb veshura me flori 18K, ato ofrojn\u00eb nj\u00eb shk\u00eblqim t\u00eb ngroht\u00eb dhe t\u00eb sofistikuar, rezistent ndaj ujit dhe koh\u00ebs.<\/p>\n<p data-start=\"1070\" data-end=\"1346\">N\u00eb qend\u00ebr t\u00eb dizajnit q\u00ebndron nj\u00eb <strong data-start=\"1104\" data-end=\"1116\">yll deti<\/strong> \u2013 simbol i feminitetit dhe bukuris\u00eb natyrore \u2013 i kombinuar me nj\u00eb <strong data-start=\"1183\" data-end=\"1201\">perl\u00eb t\u00eb varur<\/strong> q\u00eb shton nj\u00eb prekje delikate dhe romantike.<br data-start=\"1245\" data-end=\"1248\" \/>Jan\u00eb antialergjike, t\u00eb lehta p\u00ebr t\u2019u mbajtur dhe perfekte p\u00ebr dit\u00eb vere, pushime apo net elegante.<\/p>\n<p data-start=\"1348\" data-end=\"1448\">Me <strong data-start=\"1351\" data-end=\"1370\">V\u00ebthet \u201cSirena\u201d<\/strong>, \u00e7do l\u00ebvizje merr shk\u00eblqim dhe eleganc\u00eb \u2013 si nj\u00eb siren\u00eb q\u00eb ec\u00ebn mbi tok\u00eb. \ud83c\udf0a\u2728<\/p>\n","protected":false},"excerpt":{"rendered":"<ul>\n<li data-start=\"566\" data-end=\"597\"><strong>Material: Stainless Steel 316<\/strong><\/li>\n<li data-start=\"600\" data-end=\"649\"><strong>T\u00eb lar\u00eb n\u00eb flori 18K<\/strong> \u2013 veshje PVD e q\u00ebndrueshme<\/li>\n<li data-start=\"652\" data-end=\"687\">Detaj ylli deti me perl\u00eb t\u00eb varur<\/li>\n<li data-start=\"690\" data-end=\"730\"><strong>Antialergjike dhe rezistente ndaj ujit<\/strong><\/li>\n<li data-start=\"733\" data-end=\"784\"><strong>Dizajn elegant me frym\u00eb verore dhe stil mesdhe<\/strong><\/li>\n<\/ul>\n","protected":false},"featured_media":769,"comment_status":"open","ping_status":"closed","template":"","meta":{"neve_meta_sidebar":"","neve_meta_container":"","neve_meta_enable_content_width":"off","neve_meta_content_width":100,"neve_meta_title_alignment":"","neve_meta_author_avatar":"","neve_post_elements_order":"","neve_meta_disable_header":"","neve_meta_disable_footer":"","neve_meta_disable_title":"","_themeisle_gutenberg_block_has_review":false},"product_brand":[],"product_cat":[25],"product_tag":[],"class_list":{"0":"post-768","1":"product","2":"type-product","3":"status-publish","4":"has-post-thumbnail","6":"product_cat-vethe","8":"first","9":"instock","10":"shipping-taxable","11":"purchasable","12":"product-type-simple"},"_links":{"self":[{"href":"https:\/\/class-jewelry.com\/index.php\/wp-json\/wp\/v2\/product\/768","targetHints":{"allow":["GET"]}}],"collection":[{"href":"https:\/\/class-jewelry.com\/index.php\/wp-json\/wp\/v2\/product"}],"about":[{"href":"https:\/\/class-jewelry.com\/index.php\/wp-json\/wp\/v2\/types\/product"}],"replies":[{"embeddable":true,"href":"https:\/\/class-jewelry.com\/index.php\/wp-json\/wp\/v2\/comments?post=768"}],"wp:featuredmedia":[{"embeddable":true,"href":"https:\/\/class-jewelry.com\/index.php\/wp-json\/wp\/v2\/media\/769"}],"wp:attachment":[{"href":"https:\/\/class-jewelry.com\/index.php\/wp-json\/wp\/v2\/media?parent=768"}],"wp:term":[{"taxonomy":"product_brand","embeddable":true,"href":"https:\/\/class-jewelry.com\/index.php\/wp-json\/wp\/v2\/product_brand?post=768"},{"taxonomy":"product_cat","embeddable":true,"href":"https:\/\/class-jewelry.com\/index.php\/wp-json\/wp\/v2\/product_cat?post=768"},{"taxonomy":"product_tag","embeddable":true,"href":"https:\/\/class-jewelry.com\/index.php\/wp-json\/wp\/v2\/product_tag?post=768"}],"curies":[{"name":"wp","href":"https:\/\/api.w.org\/{rel}","templated":true}]}}