{"id":780,"date":"2025-08-19T16:25:11","date_gmt":"2025-08-19T14:25:11","guid":{"rendered":"https:\/\/class-jewelry.com\/?post_type=product&#038;p=780"},"modified":"2025-09-01T16:16:29","modified_gmt":"2025-09-01T14:16:29","slug":"varesja-guaska-perla","status":"publish","type":"product","link":"https:\/\/class-jewelry.com\/index.php\/product\/varesja-guaska-perla\/","title":{"rendered":"Var\u00ebsja \u201cGuaska &#038; Perla\u201d"},"content":{"rendered":"<p data-start=\"671\" data-end=\"879\"><strong data-start=\"671\" data-end=\"699\">Var\u00ebsja \u201cGuaska &amp; Perla\u201d<\/strong> sjell freskin\u00eb dhe eleganc\u00ebn e detit n\u00eb nj\u00eb aksesor t\u00eb p\u00ebrditsh\u00ebm.<br data-start=\"766\" data-end=\"769\" \/>Guaska e art\u00eb simbolizon sekretet e natyr\u00ebs, nd\u00ebrsa perla e bardh\u00eb sjell nj\u00eb prekje past\u00ebrtie dhe ndjeshm\u00ebrie.<\/p>\n<p data-start=\"881\" data-end=\"1130\">E punuar nga <strong data-start=\"894\" data-end=\"930\">\u00e7elik inox 316 (Stainless Steel)<\/strong> dhe e veshur me <strong data-start=\"947\" data-end=\"960\">flori 18K<\/strong> p\u00ebrmes teknologjis\u00eb <strong data-start=\"981\" data-end=\"988\">PVD<\/strong>, kjo var\u00ebse \u00ebsht\u00eb <strong data-start=\"1007\" data-end=\"1031\">rezistente ndaj ujit<\/strong>, <strong data-start=\"1033\" data-end=\"1047\">nuk zbehet<\/strong> dhe <strong data-start=\"1052\" data-end=\"1076\">nuk shkakton alergji<\/strong> \u2013 perfekte p\u00ebr dit\u00ebt e ver\u00ebs apo net\u00ebt me drit\u00eb h\u00ebne.<\/p>\n<p data-start=\"1132\" data-end=\"1202\">Nj\u00eb aksesor me shpirt veror, por q\u00eb mbetet i bukur gjat\u00eb gjith\u00eb vitit.<\/p>\n","protected":false},"excerpt":{"rendered":"<ul>\n<li data-start=\"260\" data-end=\"307\"><strong data-start=\"260\" data-end=\"273\">Material:<\/strong> <strong data-start=\"274\" data-end=\"305\">Stainless Steel316 (\u00e7elik)\u00a0<\/strong><\/li>\n<li data-start=\"310\" data-end=\"374\"><strong data-start=\"310\" data-end=\"333\">E lar\u00eb n\u00eb flori 18K<\/strong> \u2013 veshje <strong data-start=\"343\" data-end=\"350\">PVD<\/strong> me shk\u00eblqim afatgjat\u00eb<\/li>\n<li data-start=\"377\" data-end=\"425\"><strong data-start=\"377\" data-end=\"403\">Detaj guaske dhe perl\u00eb<\/strong> \u2013 inspirim nga deti<\/li>\n<li data-start=\"428\" data-end=\"489\"><strong data-start=\"428\" data-end=\"445\">Antialergjike<\/strong>, rezistente ndaj <strong data-start=\"463\" data-end=\"487\">ujit dhe lag\u00ebshtir\u00ebs<\/strong><\/li>\n<li data-start=\"492\" data-end=\"538\">Var\u00ebse <strong data-start=\"499\" data-end=\"524\">delikate dhe elegante<\/strong> p\u00ebr \u00e7do stin\u00eb<\/li>\n<\/ul>\n","protected":false},"featured_media":1188,"comment_status":"open","ping_status":"closed","template":"","meta":{"neve_meta_sidebar":"","neve_meta_container":"","neve_meta_enable_content_width":"off","neve_meta_content_width":100,"neve_meta_title_alignment":"","neve_meta_author_avatar":"","neve_post_elements_order":"","neve_meta_disable_header":"","neve_meta_disable_footer":"","neve_meta_disable_title":"","_themeisle_gutenberg_block_has_review":false},"product_brand":[],"product_cat":[23],"product_tag":[],"class_list":{"0":"post-780","1":"product","2":"type-product","3":"status-publish","4":"has-post-thumbnail","6":"product_cat-varse","8":"first","9":"instock","10":"shipping-taxable","11":"purchasable","12":"product-type-simple"},"_links":{"self":[{"href":"https:\/\/class-jewelry.com\/index.php\/wp-json\/wp\/v2\/product\/780","targetHints":{"allow":["GET"]}}],"collection":[{"href":"https:\/\/class-jewelry.com\/index.php\/wp-json\/wp\/v2\/product"}],"about":[{"href":"https:\/\/class-jewelry.com\/index.php\/wp-json\/wp\/v2\/types\/product"}],"replies":[{"embeddable":true,"href":"https:\/\/class-jewelry.com\/index.php\/wp-json\/wp\/v2\/comments?post=780"}],"wp:featuredmedia":[{"embeddable":true,"href":"https:\/\/class-jewelry.com\/index.php\/wp-json\/wp\/v2\/media\/1188"}],"wp:attachment":[{"href":"https:\/\/class-jewelry.com\/index.php\/wp-json\/wp\/v2\/media?parent=780"}],"wp:term":[{"taxonomy":"product_brand","embeddable":true,"href":"https:\/\/class-jewelry.com\/index.php\/wp-json\/wp\/v2\/product_brand?post=780"},{"taxonomy":"product_cat","embeddable":true,"href":"https:\/\/class-jewelry.com\/index.php\/wp-json\/wp\/v2\/product_cat?post=780"},{"taxonomy":"product_tag","embeddable":true,"href":"https:\/\/class-jewelry.com\/index.php\/wp-json\/wp\/v2\/product_tag?post=780"}],"curies":[{"name":"wp","href":"https:\/\/api.w.org\/{rel}","templated":true}]}}