{"id":782,"date":"2025-08-19T16:29:11","date_gmt":"2025-08-19T14:29:11","guid":{"rendered":"https:\/\/class-jewelry.com\/?post_type=product&#038;p=782"},"modified":"2025-08-19T16:29:11","modified_gmt":"2025-08-19T14:29:11","slug":"vathet-guaske","status":"publish","type":"product","link":"https:\/\/class-jewelry.com\/index.php\/product\/vathet-guaske\/","title":{"rendered":"Vath\u00ebt \u201cGuask\u00eb\u201d"},"content":{"rendered":"<p data-start=\"527\" data-end=\"625\"><strong data-start=\"527\" data-end=\"546\">Vath\u00ebt \u201cGuask\u00eb\u201d<\/strong> sjellin eleganc\u00ebn dhe freskin\u00eb e detit n\u00eb nj\u00eb dizajn t\u00eb thjesht\u00eb dhe t\u00eb bukur.<\/p>\n<p data-start=\"627\" data-end=\"749\">Me form\u00ebn e tyre t\u00eb ve\u00e7ant\u00eb, k\u00ebta vath\u00eb jan\u00eb frym\u00ebzuar nga guaskat e detit, q\u00eb simbolizojn\u00eb mister dhe natyr\u00eb t\u00eb paprekur.<\/p>\n<p data-start=\"751\" data-end=\"963\">T\u00eb punuar nga <strong data-start=\"765\" data-end=\"801\">\u00e7elik inox 316 (Stainless Steel)<\/strong> dhe t\u00eb veshur me <strong data-start=\"819\" data-end=\"832\">flori 18K<\/strong> me teknologjin\u00eb <strong data-start=\"849\" data-end=\"856\">PVD<\/strong>, vath\u00ebt jan\u00eb rezistent\u00eb ndaj ujit, nuk zbehen dhe nuk shkaktojn\u00eb alergji \u2013 t\u00eb p\u00ebrshtatsh\u00ebm p\u00ebr \u00e7do moment.<\/p>\n<p data-start=\"965\" data-end=\"1046\">Nj\u00eb aksesor q\u00eb sjell detin gjithmon\u00eb me vete, n\u00eb m\u00ebnyr\u00eb elegante dhe t\u00eb rafinuar.<\/p>\n","protected":false},"excerpt":{"rendered":"<ul>\n<li data-start=\"199\" data-end=\"246\"><strong data-start=\"199\" data-end=\"212\">Material:<\/strong> <strong data-start=\"213\" data-end=\"244\">Stainless Steel 316(\u00e7elik) <\/strong><\/li>\n<li data-start=\"249\" data-end=\"318\"><strong data-start=\"249\" data-end=\"272\">I lar\u00eb n\u00eb flori 18K<\/strong> \u2013 veshje <strong data-start=\"282\" data-end=\"289\">PVD<\/strong> me shk\u00eblqim t\u00eb q\u00ebndruesh\u00ebm<\/li>\n<li data-start=\"321\" data-end=\"360\"><strong data-start=\"321\" data-end=\"338\">Dizajn guask\u00eb<\/strong> \u2013 frym\u00ebzim nga deti<\/li>\n<li data-start=\"363\" data-end=\"422\"><strong data-start=\"363\" data-end=\"379\">Antialergjik<\/strong>, rezistent ndaj <strong data-start=\"396\" data-end=\"420\">ujit dhe lag\u00ebshtir\u00ebs<\/strong><\/li>\n<li data-start=\"425\" data-end=\"468\">Aksesor <strong data-start=\"433\" data-end=\"455\">delikat dhe modern<\/strong> p\u00ebr \u00e7do dit\u00eb<\/li>\n<\/ul>\n","protected":false},"featured_media":783,"comment_status":"open","ping_status":"closed","template":"","meta":{"neve_meta_sidebar":"","neve_meta_container":"","neve_meta_enable_content_width":"off","neve_meta_content_width":100,"neve_meta_title_alignment":"","neve_meta_author_avatar":"","neve_post_elements_order":"","neve_meta_disable_header":"","neve_meta_disable_footer":"","neve_meta_disable_title":"","_themeisle_gutenberg_block_has_review":false},"product_brand":[],"product_cat":[25],"product_tag":[],"class_list":{"0":"post-782","1":"product","2":"type-product","3":"status-publish","4":"has-post-thumbnail","6":"product_cat-vethe","8":"first","9":"instock","10":"shipping-taxable","11":"purchasable","12":"product-type-simple"},"_links":{"self":[{"href":"https:\/\/class-jewelry.com\/index.php\/wp-json\/wp\/v2\/product\/782","targetHints":{"allow":["GET"]}}],"collection":[{"href":"https:\/\/class-jewelry.com\/index.php\/wp-json\/wp\/v2\/product"}],"about":[{"href":"https:\/\/class-jewelry.com\/index.php\/wp-json\/wp\/v2\/types\/product"}],"replies":[{"embeddable":true,"href":"https:\/\/class-jewelry.com\/index.php\/wp-json\/wp\/v2\/comments?post=782"}],"wp:featuredmedia":[{"embeddable":true,"href":"https:\/\/class-jewelry.com\/index.php\/wp-json\/wp\/v2\/media\/783"}],"wp:attachment":[{"href":"https:\/\/class-jewelry.com\/index.php\/wp-json\/wp\/v2\/media?parent=782"}],"wp:term":[{"taxonomy":"product_brand","embeddable":true,"href":"https:\/\/class-jewelry.com\/index.php\/wp-json\/wp\/v2\/product_brand?post=782"},{"taxonomy":"product_cat","embeddable":true,"href":"https:\/\/class-jewelry.com\/index.php\/wp-json\/wp\/v2\/product_cat?post=782"},{"taxonomy":"product_tag","embeddable":true,"href":"https:\/\/class-jewelry.com\/index.php\/wp-json\/wp\/v2\/product_tag?post=782"}],"curies":[{"name":"wp","href":"https:\/\/api.w.org\/{rel}","templated":true}]}}