{"id":788,"date":"2025-08-19T16:41:58","date_gmt":"2025-08-19T14:41:58","guid":{"rendered":"https:\/\/class-jewelry.com\/?post_type=product&#038;p=788"},"modified":"2025-09-01T15:57:50","modified_gmt":"2025-09-01T13:57:50","slug":"unaza-diell","status":"publish","type":"product","link":"https:\/\/class-jewelry.com\/index.php\/product\/unaza-diell\/","title":{"rendered":"Unaza \u201cDiell\u201d"},"content":{"rendered":"<p data-start=\"508\" data-end=\"607\"><strong data-start=\"508\" data-end=\"525\">Unaza \u201cDiell\u201d<\/strong> \u00ebsht\u00eb nj\u00eb simbol i fuqis\u00eb, energjis\u00eb dhe drit\u00ebs q\u00eb sjell n\u00eb jet\u00ebn t\u00ebnde \u00e7do dit\u00eb.<\/p>\n<p data-start=\"609\" data-end=\"757\">Dizajni me motive dielli p\u00ebrfaq\u00ebson rrezet e ngrohta q\u00eb ndri\u00e7ojn\u00eb dhe ngroh\u00ebn shpirtin, duke e kthyer k\u00ebt\u00eb unaz\u00eb n\u00eb nj\u00eb aksesor me kuptim t\u00eb thell\u00eb.<\/p>\n<p data-start=\"759\" data-end=\"984\">E punuar nga <strong data-start=\"772\" data-end=\"808\">\u00e7elik inox 316 (Stainless Steel)<\/strong> dhe e veshur me <strong data-start=\"825\" data-end=\"838\">flori 18K<\/strong> p\u00ebrmes teknologjis\u00eb <strong data-start=\"859\" data-end=\"866\">PVD<\/strong>, unaza \u00ebsht\u00eb rezistente ndaj ujit, nuk zbehet dhe nuk shkakton alergji \u2013 perfekte p\u00ebr t\u2019u mbajtur gjat\u00eb gjith\u00eb koh\u00ebs.<\/p>\n<p data-start=\"986\" data-end=\"1050\">Nj\u00eb detaj i ve\u00e7ant\u00eb q\u00eb plot\u00ebson \u00e7do stil me nj\u00eb prekje diellore.<\/p>\n","protected":false},"excerpt":{"rendered":"<ul data-start=\"151\" data-end=\"449\">\n<li data-start=\"151\" data-end=\"200\">\n<p data-start=\"153\" data-end=\"200\"><strong data-start=\"153\" data-end=\"166\">Material:<\/strong> <strong data-start=\"167\" data-end=\"198\">Stainless Steel 316<\/strong><\/p>\n<\/li>\n<li data-start=\"201\" data-end=\"272\">\n<p data-start=\"203\" data-end=\"272\"><strong data-start=\"203\" data-end=\"226\">E lar\u00eb n\u00eb flori 18K<\/strong> \u2013 veshje <strong data-start=\"236\" data-end=\"243\">PVD<\/strong> me shk\u00eblqim t\u00eb q\u00ebndruesh\u00ebm<\/p>\n<\/li>\n<li data-start=\"273\" data-end=\"341\">\n<p data-start=\"275\" data-end=\"341\"><strong data-start=\"275\" data-end=\"307\">Dizajn unik me motive dielli<\/strong> \u2013 simbol i energjis\u00eb dhe drit\u00ebs<\/p>\n<\/li>\n<li data-start=\"342\" data-end=\"403\">\n<p data-start=\"344\" data-end=\"403\"><strong data-start=\"344\" data-end=\"360\">Antialergjik<\/strong>, rezistent ndaj <strong data-start=\"377\" data-end=\"401\">ujit dhe lag\u00ebshtir\u00ebs<\/strong><\/p>\n<\/li>\n<li data-start=\"404\" data-end=\"449\">\n<p data-start=\"406\" data-end=\"449\">Unaz\u00eb <strong data-start=\"412\" data-end=\"436\">e fort\u00eb dhe elegante<\/strong> p\u00ebr \u00e7do dit\u00eb<\/p>\n<\/li>\n<\/ul>\n","protected":false},"featured_media":1181,"comment_status":"open","ping_status":"closed","template":"","meta":{"neve_meta_sidebar":"","neve_meta_container":"","neve_meta_enable_content_width":"off","neve_meta_content_width":100,"neve_meta_title_alignment":"","neve_meta_author_avatar":"","neve_post_elements_order":"","neve_meta_disable_header":"","neve_meta_disable_footer":"","neve_meta_disable_title":"","_themeisle_gutenberg_block_has_review":false},"product_brand":[],"product_cat":[24],"product_tag":[],"class_list":{"0":"post-788","1":"product","2":"type-product","3":"status-publish","4":"has-post-thumbnail","6":"product_cat-unaza","8":"first","9":"instock","10":"shipping-taxable","11":"purchasable","12":"product-type-simple"},"_links":{"self":[{"href":"https:\/\/class-jewelry.com\/index.php\/wp-json\/wp\/v2\/product\/788","targetHints":{"allow":["GET"]}}],"collection":[{"href":"https:\/\/class-jewelry.com\/index.php\/wp-json\/wp\/v2\/product"}],"about":[{"href":"https:\/\/class-jewelry.com\/index.php\/wp-json\/wp\/v2\/types\/product"}],"replies":[{"embeddable":true,"href":"https:\/\/class-jewelry.com\/index.php\/wp-json\/wp\/v2\/comments?post=788"}],"wp:featuredmedia":[{"embeddable":true,"href":"https:\/\/class-jewelry.com\/index.php\/wp-json\/wp\/v2\/media\/1181"}],"wp:attachment":[{"href":"https:\/\/class-jewelry.com\/index.php\/wp-json\/wp\/v2\/media?parent=788"}],"wp:term":[{"taxonomy":"product_brand","embeddable":true,"href":"https:\/\/class-jewelry.com\/index.php\/wp-json\/wp\/v2\/product_brand?post=788"},{"taxonomy":"product_cat","embeddable":true,"href":"https:\/\/class-jewelry.com\/index.php\/wp-json\/wp\/v2\/product_cat?post=788"},{"taxonomy":"product_tag","embeddable":true,"href":"https:\/\/class-jewelry.com\/index.php\/wp-json\/wp\/v2\/product_tag?post=788"}],"curies":[{"name":"wp","href":"https:\/\/api.w.org\/{rel}","templated":true}]}}