{"id":790,"date":"2025-08-19T16:46:53","date_gmt":"2025-08-19T14:46:53","guid":{"rendered":"https:\/\/class-jewelry.com\/?post_type=product&#038;p=790"},"modified":"2025-08-19T16:46:53","modified_gmt":"2025-08-19T14:46:53","slug":"seti-elegance-e-perlat","status":"publish","type":"product","link":"https:\/\/class-jewelry.com\/index.php\/product\/seti-elegance-e-perlat\/","title":{"rendered":"Seti \u201cEleganc\u00eb e Perlat\u201d"},"content":{"rendered":"<p data-start=\"561\" data-end=\"775\"><strong data-start=\"561\" data-end=\"589\">Seti \u201cEleganc\u00eb e Perlat\u201d<\/strong> \u00ebsht\u00eb nj\u00eb harmonizim perfekt i natyr\u00ebs dhe luksit.<br data-start=\"640\" data-end=\"643\" \/>Perlat natyrale sjellin nj\u00eb but\u00ebsi dhe past\u00ebrti t\u00eb ve\u00e7ant\u00eb, nd\u00ebrsa detajet e arta i japin setit nj\u00eb shk\u00eblqim t\u00eb rafinuar dhe modern.<\/p>\n<p data-start=\"777\" data-end=\"917\">Ky set p\u00ebrfshin var\u00ebsen, vath\u00ebt dhe byzylykun \u2013 \u00e7do pjes\u00eb \u00ebsht\u00eb krijuar p\u00ebr t\u00eb kompletuar stilin t\u00ebnd n\u00eb m\u00ebnyr\u00eb elegante dhe t\u00eb q\u00ebndrueshme.<\/p>\n<p data-start=\"919\" data-end=\"1182\">E punuar nga <strong data-start=\"932\" data-end=\"968\">\u00e7elik inox 316 (Stainless Steel)<\/strong> dhe e veshur me <strong data-start=\"985\" data-end=\"998\">flori 18K<\/strong> p\u00ebrmes teknologjis\u00eb <strong data-start=\"1019\" data-end=\"1026\">PVD<\/strong>, ky set \u00ebsht\u00eb rezistent ndaj ujit, nuk zbehet dhe nuk shkakton alergji \u2013 zgjedhja ideale p\u00ebr ato momente kur d\u00ebshiron t\u00eb shk\u00eblqesh me nj\u00eb stil t\u00eb rafinuar.<\/p>\n<p data-start=\"1184\" data-end=\"1270\">Nj\u00eb kombinim q\u00eb nuk kalon pa u v\u00ebn\u00eb re, i p\u00ebrshtatsh\u00ebm p\u00ebr \u00e7do dit\u00eb apo event special.<\/p>\n","protected":false},"excerpt":{"rendered":"<ul data-start=\"179\" data-end=\"502\">\n<li data-start=\"179\" data-end=\"228\">\n<p data-start=\"181\" data-end=\"228\"><strong data-start=\"181\" data-end=\"194\">Material:<\/strong> <strong data-start=\"195\" data-end=\"226\">Stainless Steel (\u00e7elik) 316<\/strong><\/p>\n<\/li>\n<li data-start=\"229\" data-end=\"300\">\n<p data-start=\"231\" data-end=\"300\"><strong data-start=\"231\" data-end=\"254\">I lar\u00eb n\u00eb flori 18K<\/strong> \u2013 veshje <strong data-start=\"264\" data-end=\"271\">PVD<\/strong> me shk\u00eblqim t\u00eb q\u00ebndruesh\u00ebm<\/p>\n<\/li>\n<li data-start=\"301\" data-end=\"373\">\n<p data-start=\"303\" data-end=\"373\"><strong data-start=\"303\" data-end=\"340\">Perla natyrale dhe detaje t\u00eb art\u00eb<\/strong> \u2013 kombinim elegant dhe delikat<\/p>\n<\/li>\n<li data-start=\"374\" data-end=\"435\">\n<p data-start=\"376\" data-end=\"435\"><strong data-start=\"376\" data-end=\"392\">Antialergjik<\/strong>, rezistent ndaj <strong data-start=\"409\" data-end=\"433\">ujit dhe lag\u00ebshtir\u00ebs<\/strong><\/p>\n<\/li>\n<li data-start=\"436\" data-end=\"502\">\n<p data-start=\"438\" data-end=\"502\">Set <strong data-start=\"442\" data-end=\"482\">komplet me var\u00ebse, vath\u00eb dhe byzylyk<\/strong>, ideal p\u00ebr \u00e7do rast<\/p>\n<\/li>\n<\/ul>\n","protected":false},"featured_media":791,"comment_status":"open","ping_status":"closed","template":"","meta":{"neve_meta_sidebar":"","neve_meta_container":"","neve_meta_enable_content_width":"off","neve_meta_content_width":100,"neve_meta_title_alignment":"","neve_meta_author_avatar":"","neve_post_elements_order":"","neve_meta_disable_header":"","neve_meta_disable_footer":"","neve_meta_disable_title":"","_themeisle_gutenberg_block_has_review":false},"product_brand":[],"product_cat":[27],"product_tag":[],"class_list":{"0":"post-790","1":"product","2":"type-product","3":"status-publish","4":"has-post-thumbnail","6":"product_cat-sete","8":"first","9":"instock","10":"shipping-taxable","11":"purchasable","12":"product-type-simple"},"_links":{"self":[{"href":"https:\/\/class-jewelry.com\/index.php\/wp-json\/wp\/v2\/product\/790","targetHints":{"allow":["GET"]}}],"collection":[{"href":"https:\/\/class-jewelry.com\/index.php\/wp-json\/wp\/v2\/product"}],"about":[{"href":"https:\/\/class-jewelry.com\/index.php\/wp-json\/wp\/v2\/types\/product"}],"replies":[{"embeddable":true,"href":"https:\/\/class-jewelry.com\/index.php\/wp-json\/wp\/v2\/comments?post=790"}],"wp:featuredmedia":[{"embeddable":true,"href":"https:\/\/class-jewelry.com\/index.php\/wp-json\/wp\/v2\/media\/791"}],"wp:attachment":[{"href":"https:\/\/class-jewelry.com\/index.php\/wp-json\/wp\/v2\/media?parent=790"}],"wp:term":[{"taxonomy":"product_brand","embeddable":true,"href":"https:\/\/class-jewelry.com\/index.php\/wp-json\/wp\/v2\/product_brand?post=790"},{"taxonomy":"product_cat","embeddable":true,"href":"https:\/\/class-jewelry.com\/index.php\/wp-json\/wp\/v2\/product_cat?post=790"},{"taxonomy":"product_tag","embeddable":true,"href":"https:\/\/class-jewelry.com\/index.php\/wp-json\/wp\/v2\/product_tag?post=790"}],"curies":[{"name":"wp","href":"https:\/\/api.w.org\/{rel}","templated":true}]}}