{"id":792,"date":"2025-08-19T16:55:11","date_gmt":"2025-08-19T14:55:11","guid":{"rendered":"https:\/\/class-jewelry.com\/?post_type=product&#038;p=792"},"modified":"2025-08-19T16:55:11","modified_gmt":"2025-08-19T14:55:11","slug":"vathet-yll-guaske","status":"publish","type":"product","link":"https:\/\/class-jewelry.com\/index.php\/product\/vathet-yll-guaske\/","title":{"rendered":"Vath\u00ebt \u201cYll &#038; Guask\u00eb\u201d"},"content":{"rendered":"<p data-start=\"155\" data-end=\"245\"><strong data-start=\"155\" data-end=\"180\">Vath\u00ebt \u201cYll &amp; Guask\u00eb\u201d<\/strong> jan\u00eb nj\u00eb kombinim i bukuris\u00eb s\u00eb natyr\u00ebs dhe misterit t\u00eb qiellit.<\/p>\n<p data-start=\"247\" data-end=\"455\">Detajet e yllit sjellin ndri\u00e7imin dhe \u00ebndrrat q\u00eb na udh\u00ebheqin \u00e7do dit\u00eb, nd\u00ebrsa guaska p\u00ebrfaq\u00ebson thell\u00ebsin\u00eb dhe freskin\u00eb e detit. Ky dizajn i ve\u00e7ant\u00eb i b\u00ebn k\u00ebto vath\u00eb nj\u00eb aksesor q\u00eb i jep karakter \u00e7do look-u.<\/p>\n<p data-start=\"457\" data-end=\"703\">T\u00eb punuar nga <strong data-start=\"471\" data-end=\"507\">\u00e7elik inox 316 (Stainless Steel)<\/strong> dhe t\u00eb veshur me <strong data-start=\"525\" data-end=\"538\">flori 18K<\/strong> p\u00ebrmes teknologjis\u00eb <strong data-start=\"559\" data-end=\"566\">PVD<\/strong>, k\u00ebto vath\u00eb jan\u00eb rezistente ndaj ujit, nuk zbehen dhe nuk shkaktojn\u00eb alergji \u2013 perfekt p\u00ebr t\u00eb mbajtur \u00e7do dit\u00eb ose p\u00ebr momente speciale.<\/p>\n<p data-start=\"705\" data-end=\"761\">Nj\u00eb detaj delikat, por me ndikim t\u00eb madh n\u00eb stilin t\u00ebnd.<\/p>\n","protected":false},"excerpt":{"rendered":"<ul>\n<li data-start=\"201\" data-end=\"248\"><strong data-start=\"201\" data-end=\"214\">Material:<\/strong> <strong data-start=\"215\" data-end=\"246\">Stainless Steel (\u00e7elik) 316<\/strong><\/li>\n<li data-start=\"251\" data-end=\"334\"><strong data-start=\"251\" data-end=\"274\">I lar\u00eb n\u00eb flori 18K<\/strong> \u2013 veshje <strong data-start=\"284\" data-end=\"291\">PVD<\/strong> me shk\u00eblqim t\u00eb q\u00ebndruesh\u00ebm dhe rezistent<\/li>\n<li data-start=\"337\" data-end=\"417\"><strong data-start=\"337\" data-end=\"372\">Dizajn me detaje yll dhe guask\u00eb<\/strong> \u2013 kombinim i bukur mes natyr\u00ebs dhe qiellit<\/li>\n<li data-start=\"420\" data-end=\"479\"><strong data-start=\"420\" data-end=\"436\">Antialergjik<\/strong>, rezistent ndaj <strong data-start=\"453\" data-end=\"477\">ujit dhe lag\u00ebshtir\u00ebs<\/strong><\/li>\n<li data-start=\"482\" data-end=\"548\">Vath\u00eb <strong data-start=\"488\" data-end=\"510\">delikat\u00eb dhe unik\u00eb<\/strong>, ideal\u00eb p\u00ebr \u00e7do dit\u00eb dhe rast special<\/li>\n<\/ul>\n","protected":false},"featured_media":794,"comment_status":"open","ping_status":"closed","template":"","meta":{"neve_meta_sidebar":"","neve_meta_container":"","neve_meta_enable_content_width":"off","neve_meta_content_width":100,"neve_meta_title_alignment":"","neve_meta_author_avatar":"","neve_post_elements_order":"","neve_meta_disable_header":"","neve_meta_disable_footer":"","neve_meta_disable_title":"","_themeisle_gutenberg_block_has_review":false},"product_brand":[],"product_cat":[25],"product_tag":[],"class_list":{"0":"post-792","1":"product","2":"type-product","3":"status-publish","4":"has-post-thumbnail","6":"product_cat-vethe","8":"first","9":"instock","10":"shipping-taxable","11":"purchasable","12":"product-type-simple"},"_links":{"self":[{"href":"https:\/\/class-jewelry.com\/index.php\/wp-json\/wp\/v2\/product\/792","targetHints":{"allow":["GET"]}}],"collection":[{"href":"https:\/\/class-jewelry.com\/index.php\/wp-json\/wp\/v2\/product"}],"about":[{"href":"https:\/\/class-jewelry.com\/index.php\/wp-json\/wp\/v2\/types\/product"}],"replies":[{"embeddable":true,"href":"https:\/\/class-jewelry.com\/index.php\/wp-json\/wp\/v2\/comments?post=792"}],"wp:featuredmedia":[{"embeddable":true,"href":"https:\/\/class-jewelry.com\/index.php\/wp-json\/wp\/v2\/media\/794"}],"wp:attachment":[{"href":"https:\/\/class-jewelry.com\/index.php\/wp-json\/wp\/v2\/media?parent=792"}],"wp:term":[{"taxonomy":"product_brand","embeddable":true,"href":"https:\/\/class-jewelry.com\/index.php\/wp-json\/wp\/v2\/product_brand?post=792"},{"taxonomy":"product_cat","embeddable":true,"href":"https:\/\/class-jewelry.com\/index.php\/wp-json\/wp\/v2\/product_cat?post=792"},{"taxonomy":"product_tag","embeddable":true,"href":"https:\/\/class-jewelry.com\/index.php\/wp-json\/wp\/v2\/product_tag?post=792"}],"curies":[{"name":"wp","href":"https:\/\/api.w.org\/{rel}","templated":true}]}}