{"id":795,"date":"2025-08-19T17:28:01","date_gmt":"2025-08-19T15:28:01","guid":{"rendered":"https:\/\/class-jewelry.com\/?post_type=product&#038;p=795"},"modified":"2025-08-19T17:28:01","modified_gmt":"2025-08-19T15:28:01","slug":"vathet-zemer-2","status":"publish","type":"product","link":"https:\/\/class-jewelry.com\/index.php\/product\/vathet-zemer-2\/","title":{"rendered":"Vath\u00ebt \u201cZem\u00ebr\u201d"},"content":{"rendered":"<p data-start=\"245\" data-end=\"344\"><strong data-start=\"245\" data-end=\"263\">Vath\u00ebt \u201cZem\u00ebr\u201d<\/strong> jan\u00eb nj\u00eb simbol i ndjenj\u00ebs s\u00eb past\u00ebr \u2013 t\u00eb but\u00eb n\u00eb pamje, por me kuptim t\u00eb fort\u00eb.<\/p>\n<p data-start=\"346\" data-end=\"517\">Forma delikate e zemr\u00ebs sjell nj\u00eb ndjesi ngroht\u00ebsie dhe feminiteti, duke i b\u00ebr\u00eb k\u00ebta vath\u00eb t\u00eb p\u00ebrshtatsh\u00ebm p\u00ebr \u00e7do moment \u2013 nga p\u00ebrditshm\u00ebria deri tek nj\u00eb takim i ve\u00e7ant\u00eb.<\/p>\n<p data-start=\"519\" data-end=\"784\">T\u00eb punuar nga <strong data-start=\"533\" data-end=\"569\">\u00e7elik inox 316 (Stainless Steel)<\/strong> dhe t\u00eb veshur me <strong data-start=\"587\" data-end=\"600\">flori 18K<\/strong> n\u00ebp\u00ebrmjet teknologjis\u00eb <strong data-start=\"624\" data-end=\"631\">PVD<\/strong>, ata jan\u00eb <strong data-start=\"642\" data-end=\"674\">rezistent\u00eb ndaj g\u00ebrvishtjeve<\/strong>, <strong data-start=\"676\" data-end=\"690\">nuk zbehen<\/strong> dhe <strong data-start=\"695\" data-end=\"721\">nuk shkaktojn\u00eb alergji<\/strong> \u2013 nj\u00eb aksesor q\u00eb q\u00ebndron i bukur, po aq sa edhe i q\u00ebndruesh\u00ebm.<\/p>\n<p data-start=\"786\" data-end=\"851\">Nj\u00eb prekje e vog\u00ebl dashurie q\u00eb mund t\u00eb mbart\u00ebsh \u00e7do dit\u00eb me vete.<\/p>\n","protected":false},"excerpt":{"rendered":"<ul data-start=\"175\" data-end=\"500\">\n<li data-start=\"175\" data-end=\"224\">\n<p data-start=\"177\" data-end=\"224\"><strong data-start=\"177\" data-end=\"190\">Material:<\/strong> <strong data-start=\"191\" data-end=\"222\">Stainless Steel (\u00e7elik) 316<\/strong><\/p>\n<\/li>\n<li data-start=\"225\" data-end=\"311\">\n<p data-start=\"227\" data-end=\"311\"><strong data-start=\"227\" data-end=\"251\">T\u00eb lar\u00eb n\u00eb flori 18K<\/strong> \u2013 veshje <strong data-start=\"261\" data-end=\"268\">PVD<\/strong> q\u00eb ruan shk\u00eblqimin p\u00ebr nj\u00eb koh\u00eb t\u00eb gjat\u00eb<\/p>\n<\/li>\n<li data-start=\"312\" data-end=\"375\">\n<p data-start=\"314\" data-end=\"375\"><strong data-start=\"314\" data-end=\"339\">Dizajn n\u00eb form\u00eb zemre<\/strong> \u2013 simbol i ndjenj\u00ebs dhe eleganc\u00ebs<\/p>\n<\/li>\n<li data-start=\"376\" data-end=\"441\">\n<p data-start=\"378\" data-end=\"441\"><strong data-start=\"378\" data-end=\"394\">Antialergjik<\/strong>, rezistent ndaj <strong data-start=\"411\" data-end=\"439\">g\u00ebrvishtjeve dhe zbehjes<\/strong><\/p>\n<\/li>\n<li data-start=\"442\" data-end=\"500\">\n<p data-start=\"444\" data-end=\"500\">Vath\u00eb <strong data-start=\"450\" data-end=\"479\">minimalist\u00eb dhe romantik\u00eb<\/strong>, ideal\u00eb p\u00ebr \u00e7do stil<\/p>\n<\/li>\n<\/ul>\n","protected":false},"featured_media":796,"comment_status":"open","ping_status":"closed","template":"","meta":{"neve_meta_sidebar":"","neve_meta_container":"","neve_meta_enable_content_width":"off","neve_meta_content_width":100,"neve_meta_title_alignment":"","neve_meta_author_avatar":"","neve_post_elements_order":"","neve_meta_disable_header":"","neve_meta_disable_footer":"","neve_meta_disable_title":"","_themeisle_gutenberg_block_has_review":false},"product_brand":[],"product_cat":[25],"product_tag":[],"class_list":{"0":"post-795","1":"product","2":"type-product","3":"status-publish","4":"has-post-thumbnail","6":"product_cat-vethe","8":"first","9":"instock","10":"shipping-taxable","11":"purchasable","12":"product-type-simple"},"_links":{"self":[{"href":"https:\/\/class-jewelry.com\/index.php\/wp-json\/wp\/v2\/product\/795","targetHints":{"allow":["GET"]}}],"collection":[{"href":"https:\/\/class-jewelry.com\/index.php\/wp-json\/wp\/v2\/product"}],"about":[{"href":"https:\/\/class-jewelry.com\/index.php\/wp-json\/wp\/v2\/types\/product"}],"replies":[{"embeddable":true,"href":"https:\/\/class-jewelry.com\/index.php\/wp-json\/wp\/v2\/comments?post=795"}],"wp:featuredmedia":[{"embeddable":true,"href":"https:\/\/class-jewelry.com\/index.php\/wp-json\/wp\/v2\/media\/796"}],"wp:attachment":[{"href":"https:\/\/class-jewelry.com\/index.php\/wp-json\/wp\/v2\/media?parent=795"}],"wp:term":[{"taxonomy":"product_brand","embeddable":true,"href":"https:\/\/class-jewelry.com\/index.php\/wp-json\/wp\/v2\/product_brand?post=795"},{"taxonomy":"product_cat","embeddable":true,"href":"https:\/\/class-jewelry.com\/index.php\/wp-json\/wp\/v2\/product_cat?post=795"},{"taxonomy":"product_tag","embeddable":true,"href":"https:\/\/class-jewelry.com\/index.php\/wp-json\/wp\/v2\/product_tag?post=795"}],"curies":[{"name":"wp","href":"https:\/\/api.w.org\/{rel}","templated":true}]}}