{"id":798,"date":"2025-08-19T17:40:07","date_gmt":"2025-08-19T15:40:07","guid":{"rendered":"https:\/\/class-jewelry.com\/?post_type=product&#038;p=798"},"modified":"2025-09-04T21:25:52","modified_gmt":"2025-09-04T19:25:52","slug":"unaza-engjell","status":"publish","type":"product","link":"https:\/\/class-jewelry.com\/index.php\/product\/unaza-engjell\/","title":{"rendered":"Unaza \u201cEngj\u00ebll\u201d"},"content":{"rendered":"<p data-start=\"547\" data-end=\"663\"><strong data-start=\"547\" data-end=\"566\">U<\/strong><\/p>\n<p data-start=\"658\" data-end=\"768\"><strong data-start=\"658\" data-end=\"684\">Unaza \u201cZem\u00ebr Engj\u00eblli\u201d<\/strong> \u00ebsht\u00eb nj\u00eb kujtim i p\u00ebrhersh\u00ebm i dashuris\u00eb dhe mbrojtjes s\u00eb padukshme q\u00eb na rrethon.<\/p>\n<p data-start=\"770\" data-end=\"1001\">Forma e zemr\u00ebs shpreh ndjenj\u00eb dhe p\u00ebrkushtim, nd\u00ebrsa engj\u00eblli i gdhendur mbi pllak\u00ebn e art\u00eb simbolizon sigurin\u00eb, paqen dhe pranin\u00eb shpirt\u00ebrore n\u00eb jet\u00ebn ton\u00eb.<br data-start=\"927\" data-end=\"930\" \/>Nj\u00eb aksesor q\u00eb nuk \u00ebsht\u00eb thjesht i bukur \u2013 por me dometh\u00ebnie t\u00eb thell\u00eb.<\/p>\n<p data-start=\"1003\" data-end=\"1240\">E punuar nga <strong data-start=\"1016\" data-end=\"1052\">\u00e7elik inox 316 (Stainless Steel)<\/strong> dhe e veshur me <strong data-start=\"1069\" data-end=\"1082\">flori 18K<\/strong> p\u00ebrmes teknologjis\u00eb <strong data-start=\"1103\" data-end=\"1110\">PVD<\/strong>, unaza \u00ebsht\u00eb <strong data-start=\"1124\" data-end=\"1156\">rezistente ndaj g\u00ebrvishtjeve<\/strong>, <strong data-start=\"1158\" data-end=\"1172\">nuk zbehet<\/strong> dhe <strong data-start=\"1177\" data-end=\"1201\">nuk shkakton alergji<\/strong> \u2013 e p\u00ebrkryer p\u00ebr t\u2019u mbajtur \u00e7do dit\u00eb.<\/p>\n<p data-start=\"1242\" data-end=\"1306\">Nj\u00eb pjes\u00eb e vog\u00ebl arti q\u00eb flet p\u00ebr ndjenj\u00eb, kujtim dhe mbrojtje.<\/p>\n","protected":false},"excerpt":{"rendered":"<ul>\n<li data-start=\"248\" data-end=\"297\">\n<p data-start=\"250\" data-end=\"297\"><strong data-start=\"250\" data-end=\"263\">Material:<\/strong> <strong data-start=\"264\" data-end=\"295\">Stainless Steel (\u00e7elik) 316<\/strong><\/p>\n<\/li>\n<li data-start=\"298\" data-end=\"369\">\n<p data-start=\"300\" data-end=\"369\"><strong data-start=\"300\" data-end=\"323\">E lar\u00eb n\u00eb flori 18K<\/strong> \u2013 veshje <strong data-start=\"333\" data-end=\"340\">PVD<\/strong> me shk\u00eblqim t\u00eb q\u00ebndruesh\u00ebm<\/p>\n<\/li>\n<li data-start=\"370\" data-end=\"460\">\n<p data-start=\"372\" data-end=\"460\"><strong data-start=\"372\" data-end=\"411\">Dizajn zemre me engj\u00ebll t\u00eb gdhendur<\/strong> \u2013 simbol i dashuris\u00eb dhe mbrojtjes shpirt\u00ebrore<\/p>\n<\/li>\n<li data-start=\"461\" data-end=\"528\">\n<p data-start=\"463\" data-end=\"528\"><strong data-start=\"463\" data-end=\"480\">Antialergjike<\/strong>, rezistente ndaj <strong data-start=\"498\" data-end=\"526\">g\u00ebrvishtjeve dhe zbehjes<\/strong><\/p>\n<\/li>\n<li data-start=\"529\" data-end=\"599\">\n<p data-start=\"531\" data-end=\"599\">Unaz\u00eb <strong data-start=\"537\" data-end=\"568\">e punuar me detaje t\u00eb holl\u00eb<\/strong>, perfekte si dhurat\u00eb me kuptim<\/p>\n<\/li>\n<\/ul>\n","protected":false},"featured_media":1218,"comment_status":"open","ping_status":"closed","template":"","meta":{"neve_meta_sidebar":"","neve_meta_container":"","neve_meta_enable_content_width":"off","neve_meta_content_width":100,"neve_meta_title_alignment":"","neve_meta_author_avatar":"","neve_post_elements_order":"","neve_meta_disable_header":"","neve_meta_disable_footer":"","neve_meta_disable_title":"","_themeisle_gutenberg_block_has_review":false},"product_brand":[],"product_cat":[24],"product_tag":[],"class_list":{"0":"post-798","1":"product","2":"type-product","3":"status-publish","4":"has-post-thumbnail","6":"product_cat-unaza","8":"first","9":"instock","10":"shipping-taxable","11":"purchasable","12":"product-type-simple"},"_links":{"self":[{"href":"https:\/\/class-jewelry.com\/index.php\/wp-json\/wp\/v2\/product\/798","targetHints":{"allow":["GET"]}}],"collection":[{"href":"https:\/\/class-jewelry.com\/index.php\/wp-json\/wp\/v2\/product"}],"about":[{"href":"https:\/\/class-jewelry.com\/index.php\/wp-json\/wp\/v2\/types\/product"}],"replies":[{"embeddable":true,"href":"https:\/\/class-jewelry.com\/index.php\/wp-json\/wp\/v2\/comments?post=798"}],"wp:featuredmedia":[{"embeddable":true,"href":"https:\/\/class-jewelry.com\/index.php\/wp-json\/wp\/v2\/media\/1218"}],"wp:attachment":[{"href":"https:\/\/class-jewelry.com\/index.php\/wp-json\/wp\/v2\/media?parent=798"}],"wp:term":[{"taxonomy":"product_brand","embeddable":true,"href":"https:\/\/class-jewelry.com\/index.php\/wp-json\/wp\/v2\/product_brand?post=798"},{"taxonomy":"product_cat","embeddable":true,"href":"https:\/\/class-jewelry.com\/index.php\/wp-json\/wp\/v2\/product_cat?post=798"},{"taxonomy":"product_tag","embeddable":true,"href":"https:\/\/class-jewelry.com\/index.php\/wp-json\/wp\/v2\/product_tag?post=798"}],"curies":[{"name":"wp","href":"https:\/\/api.w.org\/{rel}","templated":true}]}}