{"id":802,"date":"2025-08-19T17:53:09","date_gmt":"2025-08-19T15:53:09","guid":{"rendered":"https:\/\/class-jewelry.com\/?post_type=product&#038;p=802"},"modified":"2025-08-29T14:32:42","modified_gmt":"2025-08-29T12:32:42","slug":"vathet-elora","status":"publish","type":"product","link":"https:\/\/class-jewelry.com\/index.php\/product\/vathet-elora\/","title":{"rendered":"\u201cVath\u00ebt Elora\u201d"},"content":{"rendered":"<p data-start=\"614\" data-end=\"799\"><strong data-start=\"614\" data-end=\"625\">\u201cElora\u201d<\/strong> nuk jan\u00eb thjesht vath\u00eb \u2013 jan\u00eb nj\u00eb loj\u00eb forme, drite dhe l\u00ebvizjeje.<br data-start=\"692\" data-end=\"695\" \/>Dizajni i tyre spiral p\u00ebrfaq\u00ebson energjin\u00eb q\u00eb rritet, kthesat e jet\u00ebs dhe bukurin\u00eb q\u00eb shfaqet n\u00eb detaje.<\/p>\n<p data-start=\"801\" data-end=\"1049\">T\u00eb punuar me kujdes nga <strong data-start=\"825\" data-end=\"861\">\u00e7elik inox 316 (Stainless Steel)<\/strong> dhe t\u00eb veshur me <strong data-start=\"879\" data-end=\"892\">flori 18K<\/strong> me teknologjin\u00eb <strong data-start=\"909\" data-end=\"916\">PVD<\/strong>, <strong data-start=\"918\" data-end=\"934\">vath\u00ebt Elora<\/strong> jan\u00eb <strong data-start=\"940\" data-end=\"968\">t\u00eb leht\u00eb p\u00ebr t\u2019u mbajtur<\/strong>, <strong data-start=\"970\" data-end=\"984\">nuk zbehen<\/strong>, <strong data-start=\"986\" data-end=\"1012\">nuk shkaktojn\u00eb alergji<\/strong> dhe kan\u00eb nj\u00eb ndri\u00e7im t\u00eb q\u00ebndruesh\u00ebm.<\/p>\n<p data-start=\"1051\" data-end=\"1147\">Nj\u00eb aksesor modern me ndjesi t\u00eb but\u00eb dhe stil t\u00eb guximsh\u00ebm \u2013 p\u00ebr ato q\u00eb v\u00ebrtet duan t\u00eb dallohen.<\/p>\n","protected":false},"excerpt":{"rendered":"<ul data-start=\"201\" data-end=\"513\">\n<li data-start=\"201\" data-end=\"250\">\n<p data-start=\"203\" data-end=\"250\"><strong data-start=\"203\" data-end=\"216\">Material:<\/strong> <strong data-start=\"217\" data-end=\"248\">Stainless Steel (\u00e7elik) 316<\/strong><\/p>\n<\/li>\n<li data-start=\"251\" data-end=\"323\">\n<p data-start=\"253\" data-end=\"323\"><strong data-start=\"253\" data-end=\"277\">T\u00eb lar\u00eb n\u00eb flori 18K<\/strong> \u2013 veshje <strong data-start=\"287\" data-end=\"294\">PVD<\/strong> me shk\u00eblqim t\u00eb q\u00ebndruesh\u00ebm<\/p>\n<\/li>\n<li data-start=\"324\" data-end=\"366\">\n<p data-start=\"326\" data-end=\"366\"><strong data-start=\"326\" data-end=\"343\">Dizajn spiral<\/strong> \u2013 modern dhe dinamik<\/p>\n<\/li>\n<li data-start=\"367\" data-end=\"432\">\n<p data-start=\"369\" data-end=\"432\"><strong data-start=\"369\" data-end=\"385\">Antialergjik<\/strong>, rezistent ndaj <strong data-start=\"402\" data-end=\"430\">g\u00ebrvishtjeve dhe zbehjes<\/strong><\/p>\n<\/li>\n<li data-start=\"433\" data-end=\"513\">\n<p data-start=\"435\" data-end=\"513\">Vath\u00eb <strong data-start=\"441\" data-end=\"470\">t\u00eb leht\u00eb dhe t\u00eb pazakont\u00eb<\/strong>, ideal\u00eb p\u00ebr stil t\u00eb p\u00ebrditsh\u00ebm me karakter<\/p>\n<\/li>\n<\/ul>\n","protected":false},"featured_media":803,"comment_status":"open","ping_status":"closed","template":"","meta":{"neve_meta_sidebar":"","neve_meta_container":"","neve_meta_enable_content_width":"off","neve_meta_content_width":100,"neve_meta_title_alignment":"","neve_meta_author_avatar":"","neve_post_elements_order":"","neve_meta_disable_header":"","neve_meta_disable_footer":"","neve_meta_disable_title":"","_themeisle_gutenberg_block_has_review":false},"product_brand":[],"product_cat":[25],"product_tag":[],"class_list":{"0":"post-802","1":"product","2":"type-product","3":"status-publish","4":"has-post-thumbnail","6":"product_cat-vethe","8":"first","9":"instock","10":"shipping-taxable","11":"purchasable","12":"product-type-simple"},"_links":{"self":[{"href":"https:\/\/class-jewelry.com\/index.php\/wp-json\/wp\/v2\/product\/802","targetHints":{"allow":["GET"]}}],"collection":[{"href":"https:\/\/class-jewelry.com\/index.php\/wp-json\/wp\/v2\/product"}],"about":[{"href":"https:\/\/class-jewelry.com\/index.php\/wp-json\/wp\/v2\/types\/product"}],"replies":[{"embeddable":true,"href":"https:\/\/class-jewelry.com\/index.php\/wp-json\/wp\/v2\/comments?post=802"}],"wp:featuredmedia":[{"embeddable":true,"href":"https:\/\/class-jewelry.com\/index.php\/wp-json\/wp\/v2\/media\/803"}],"wp:attachment":[{"href":"https:\/\/class-jewelry.com\/index.php\/wp-json\/wp\/v2\/media?parent=802"}],"wp:term":[{"taxonomy":"product_brand","embeddable":true,"href":"https:\/\/class-jewelry.com\/index.php\/wp-json\/wp\/v2\/product_brand?post=802"},{"taxonomy":"product_cat","embeddable":true,"href":"https:\/\/class-jewelry.com\/index.php\/wp-json\/wp\/v2\/product_cat?post=802"},{"taxonomy":"product_tag","embeddable":true,"href":"https:\/\/class-jewelry.com\/index.php\/wp-json\/wp\/v2\/product_tag?post=802"}],"curies":[{"name":"wp","href":"https:\/\/api.w.org\/{rel}","templated":true}]}}