{"id":806,"date":"2025-08-19T18:01:19","date_gmt":"2025-08-19T16:01:19","guid":{"rendered":"https:\/\/class-jewelry.com\/?post_type=product&#038;p=806"},"modified":"2025-08-29T14:32:15","modified_gmt":"2025-08-29T12:32:15","slug":"vathet-selen","status":"publish","type":"product","link":"https:\/\/class-jewelry.com\/index.php\/product\/vathet-selen\/","title":{"rendered":"Vath\u00ebt \u201cSelen\u201d"},"content":{"rendered":"<p data-start=\"151\" data-end=\"220\"><strong data-start=\"151\" data-end=\"169\">Vath\u00ebt \u201cSelen\u201d<\/strong> jan\u00eb simbol i harmonis\u00eb dhe eleganc\u00ebs s\u00eb thjesht\u00eb.<\/p>\n<p data-start=\"222\" data-end=\"379\">Perl\u2019a n\u00eb mes \u00ebsht\u00eb zemra e bukuris\u00eb s\u00eb tyre \u2013 nj\u00eb p\u00ebrfaq\u00ebsim i past\u00ebrtis\u00eb dhe but\u00ebsis\u00eb. Ky aksesor \u00ebsht\u00eb p\u00ebr ata q\u00eb duan t\u00eb dallohen me stil dhe ndjeshm\u00ebri.<\/p>\n<p data-start=\"381\" data-end=\"599\">T\u00eb punuar nga <strong data-start=\"395\" data-end=\"431\">\u00e7elik inox 316 (Stainless Steel)<\/strong> dhe t\u00eb veshur me <strong data-start=\"449\" data-end=\"462\">flori 18K<\/strong> p\u00ebrmes teknologjis\u00eb <strong data-start=\"483\" data-end=\"490\">PVD<\/strong>, jan\u00eb <strong data-start=\"497\" data-end=\"524\">rezistent\u00eb ndaj zbehjes<\/strong>, <strong data-start=\"526\" data-end=\"552\">nuk shkaktojn\u00eb alergji<\/strong> dhe t\u00eb q\u00ebndruesh\u00ebm p\u00ebr p\u00ebrdorim t\u00eb p\u00ebrditsh\u00ebm.<\/p>\n<p data-start=\"601\" data-end=\"651\">Nj\u00eb detaj i ve\u00e7ant\u00eb q\u00eb i jep shk\u00eblqim \u00e7do pamjeje.<\/p>\n","protected":false},"excerpt":{"rendered":"<ul>\n<li data-start=\"147\" data-end=\"196\">\n<p data-start=\"149\" data-end=\"196\"><strong data-start=\"149\" data-end=\"162\">Material:<\/strong> <strong data-start=\"163\" data-end=\"194\">Stainless Steel (\u00e7elik) 316<\/strong><\/p>\n<\/li>\n<li data-start=\"197\" data-end=\"269\">\n<p data-start=\"199\" data-end=\"269\"><strong data-start=\"199\" data-end=\"223\">T\u00eb lar\u00eb n\u00eb flori 18K<\/strong> \u2013 veshje <strong data-start=\"233\" data-end=\"240\">PVD<\/strong> me shk\u00eblqim t\u00eb q\u00ebndruesh\u00ebm<\/p>\n<\/li>\n<li data-start=\"270\" data-end=\"324\">\n<p data-start=\"272\" data-end=\"324\"><strong data-start=\"272\" data-end=\"291\">Perl\u00eb n\u00eb qend\u00ebr<\/strong> \u2013 detaj elegant dhe i rafinuar<\/p>\n<\/li>\n<li data-start=\"325\" data-end=\"390\">\n<p data-start=\"327\" data-end=\"390\"><strong data-start=\"327\" data-end=\"343\">Antialergjik<\/strong>, rezistent ndaj <strong data-start=\"360\" data-end=\"388\">g\u00ebrvishtjeve dhe zbehjes<\/strong><\/p>\n<\/li>\n<li data-start=\"391\" data-end=\"457\">\n<p data-start=\"393\" data-end=\"457\">Vath\u00eb <strong data-start=\"399\" data-end=\"423\">delikat\u00eb dhe modern\u00eb<\/strong>, p\u00ebr nj\u00eb stil t\u00eb ve\u00e7ant\u00eb \u00e7do dit\u00eb<\/p>\n<\/li>\n<\/ul>\n","protected":false},"featured_media":807,"comment_status":"open","ping_status":"closed","template":"","meta":{"neve_meta_sidebar":"","neve_meta_container":"","neve_meta_enable_content_width":"off","neve_meta_content_width":100,"neve_meta_title_alignment":"","neve_meta_author_avatar":"","neve_post_elements_order":"","neve_meta_disable_header":"","neve_meta_disable_footer":"","neve_meta_disable_title":"","_themeisle_gutenberg_block_has_review":false},"product_brand":[],"product_cat":[25],"product_tag":[],"class_list":{"0":"post-806","1":"product","2":"type-product","3":"status-publish","4":"has-post-thumbnail","6":"product_cat-vethe","8":"first","9":"instock","10":"shipping-taxable","11":"purchasable","12":"product-type-simple"},"_links":{"self":[{"href":"https:\/\/class-jewelry.com\/index.php\/wp-json\/wp\/v2\/product\/806","targetHints":{"allow":["GET"]}}],"collection":[{"href":"https:\/\/class-jewelry.com\/index.php\/wp-json\/wp\/v2\/product"}],"about":[{"href":"https:\/\/class-jewelry.com\/index.php\/wp-json\/wp\/v2\/types\/product"}],"replies":[{"embeddable":true,"href":"https:\/\/class-jewelry.com\/index.php\/wp-json\/wp\/v2\/comments?post=806"}],"wp:featuredmedia":[{"embeddable":true,"href":"https:\/\/class-jewelry.com\/index.php\/wp-json\/wp\/v2\/media\/807"}],"wp:attachment":[{"href":"https:\/\/class-jewelry.com\/index.php\/wp-json\/wp\/v2\/media?parent=806"}],"wp:term":[{"taxonomy":"product_brand","embeddable":true,"href":"https:\/\/class-jewelry.com\/index.php\/wp-json\/wp\/v2\/product_brand?post=806"},{"taxonomy":"product_cat","embeddable":true,"href":"https:\/\/class-jewelry.com\/index.php\/wp-json\/wp\/v2\/product_cat?post=806"},{"taxonomy":"product_tag","embeddable":true,"href":"https:\/\/class-jewelry.com\/index.php\/wp-json\/wp\/v2\/product_tag?post=806"}],"curies":[{"name":"wp","href":"https:\/\/api.w.org\/{rel}","templated":true}]}}