{"id":808,"date":"2025-08-19T18:06:33","date_gmt":"2025-08-19T16:06:33","guid":{"rendered":"https:\/\/class-jewelry.com\/?post_type=product&#038;p=808"},"modified":"2025-08-19T18:06:33","modified_gmt":"2025-08-19T16:06:33","slug":"varse-mesazhi-i-zemres","status":"publish","type":"product","link":"https:\/\/class-jewelry.com\/index.php\/product\/varse-mesazhi-i-zemres\/","title":{"rendered":"Varse \u201cMesazhi i Zemr\u00ebs\u201d"},"content":{"rendered":"<p data-start=\"140\" data-end=\"235\">Kjo var\u00ebse \u00ebsht\u00eb m\u00eb shum\u00eb se nj\u00eb aksesor \u2013 \u00ebsht\u00eb nj\u00eb kujtim i dashuris\u00eb dhe lidhjes s\u00eb ve\u00e7ant\u00eb.<\/p>\n<p data-start=\"237\" data-end=\"384\">Me gurin n\u00eb form\u00eb zemre q\u00eb hapet, ajo ruan brenda nj\u00eb shkrim t\u00eb ngroht\u00eb: \u201cT\u2019dua\u201d. Ky detaj personal e b\u00ebn \u00e7do moment t\u00eb r\u00ebnd\u00ebsish\u00ebm edhe m\u00eb magjik.<\/p>\n<p data-start=\"386\" data-end=\"564\">E punuar nga <strong data-start=\"399\" data-end=\"435\">\u00e7elik inox 316 (Stainless Steel)<\/strong>, ajo \u00ebsht\u00eb <strong data-start=\"447\" data-end=\"464\">e q\u00ebndrueshme<\/strong>, <strong data-start=\"466\" data-end=\"495\">nuk nxihet dhe nuk zbehet<\/strong>, <strong data-start=\"497\" data-end=\"522\">e sigurt\u00eb p\u00ebr l\u00ebkur\u00ebn<\/strong> dhe nj\u00eb simbol i dashuris\u00eb s\u00eb p\u00ebrjetshme.<\/p>\n<p data-start=\"566\" data-end=\"618\">Nj\u00eb dhurat\u00eb q\u00eb flet me zem\u00ebr dhe zgjat p\u00ebrgjithmon\u00eb.<\/p>\n","protected":false},"excerpt":{"rendered":"<ul>\n<li data-start=\"166\" data-end=\"215\">\n<p data-start=\"168\" data-end=\"215\"><strong data-start=\"168\" data-end=\"181\">Material:<\/strong> <strong data-start=\"182\" data-end=\"213\">Stainless Steel (\u00e7elik) 316<\/strong><\/p>\n<\/li>\n<li data-start=\"216\" data-end=\"272\">\n<p data-start=\"218\" data-end=\"272\">Varse <strong data-start=\"224\" data-end=\"270\">e personalizuar me shkrimin \u201cT\u2019dua\u201d brenda<\/strong><\/p>\n<\/li>\n<li data-start=\"273\" data-end=\"343\">\n<p data-start=\"275\" data-end=\"343\">Gur <strong data-start=\"279\" data-end=\"306\">n\u00eb form\u00eb zemre q\u00eb hapet<\/strong> dhe mban mesazhin e ve\u00e7ant\u00eb brenda<\/p>\n<\/li>\n<li data-start=\"344\" data-end=\"400\">\n<p data-start=\"346\" data-end=\"400\"><strong data-start=\"346\" data-end=\"362\">Antialergjik<\/strong> dhe rezistent ndaj <strong data-start=\"382\" data-end=\"398\">g\u00ebrvishtjeve<\/strong><\/p>\n<\/li>\n<li data-start=\"401\" data-end=\"474\">\n<p data-start=\"403\" data-end=\"474\">Nj\u00eb aksesor unik dhe emocional, i p\u00ebrshtatsh\u00ebm p\u00ebr dhurat\u00eb ose p\u00ebr vete<\/p>\n<\/li>\n<\/ul>\n","protected":false},"featured_media":809,"comment_status":"open","ping_status":"closed","template":"","meta":{"neve_meta_sidebar":"","neve_meta_container":"","neve_meta_enable_content_width":"off","neve_meta_content_width":100,"neve_meta_title_alignment":"","neve_meta_author_avatar":"","neve_post_elements_order":"","neve_meta_disable_header":"","neve_meta_disable_footer":"","neve_meta_disable_title":"","_themeisle_gutenberg_block_has_review":false},"product_brand":[],"product_cat":[23],"product_tag":[],"class_list":{"0":"post-808","1":"product","2":"type-product","3":"status-publish","4":"has-post-thumbnail","6":"product_cat-varse","8":"first","9":"instock","10":"shipping-taxable","11":"purchasable","12":"product-type-simple"},"_links":{"self":[{"href":"https:\/\/class-jewelry.com\/index.php\/wp-json\/wp\/v2\/product\/808","targetHints":{"allow":["GET"]}}],"collection":[{"href":"https:\/\/class-jewelry.com\/index.php\/wp-json\/wp\/v2\/product"}],"about":[{"href":"https:\/\/class-jewelry.com\/index.php\/wp-json\/wp\/v2\/types\/product"}],"replies":[{"embeddable":true,"href":"https:\/\/class-jewelry.com\/index.php\/wp-json\/wp\/v2\/comments?post=808"}],"wp:featuredmedia":[{"embeddable":true,"href":"https:\/\/class-jewelry.com\/index.php\/wp-json\/wp\/v2\/media\/809"}],"wp:attachment":[{"href":"https:\/\/class-jewelry.com\/index.php\/wp-json\/wp\/v2\/media?parent=808"}],"wp:term":[{"taxonomy":"product_brand","embeddable":true,"href":"https:\/\/class-jewelry.com\/index.php\/wp-json\/wp\/v2\/product_brand?post=808"},{"taxonomy":"product_cat","embeddable":true,"href":"https:\/\/class-jewelry.com\/index.php\/wp-json\/wp\/v2\/product_cat?post=808"},{"taxonomy":"product_tag","embeddable":true,"href":"https:\/\/class-jewelry.com\/index.php\/wp-json\/wp\/v2\/product_tag?post=808"}],"curies":[{"name":"wp","href":"https:\/\/api.w.org\/{rel}","templated":true}]}}