{"id":811,"date":"2025-08-19T22:15:51","date_gmt":"2025-08-19T20:15:51","guid":{"rendered":"https:\/\/class-jewelry.com\/?post_type=product&#038;p=811"},"modified":"2025-08-19T22:15:51","modified_gmt":"2025-08-19T20:15:51","slug":"unaze-yll","status":"publish","type":"product","link":"https:\/\/class-jewelry.com\/index.php\/product\/unaze-yll\/","title":{"rendered":"Unaz\u00eb Yll"},"content":{"rendered":"<p data-start=\"636\" data-end=\"879\"><strong data-start=\"636\" data-end=\"654\">Unaza \u201cYLL\u201d<\/strong> \u00ebsht\u00eb frym\u00ebzuar nga drita e qet\u00eb dhe magjike e yjeve q\u00eb ndri\u00e7ojn\u00eb edhe nat\u00ebn m\u00eb t\u00eb err\u00ebt.<br data-start=\"744\" data-end=\"747\" \/>Motivi i yllit n\u00eb qend\u00ebr simbolizon <strong data-start=\"783\" data-end=\"817\">shpres\u00ebn, forc\u00ebn dhe drejtimin<\/strong> \u2013 nj\u00eb kujtes\u00eb p\u00ebr t\u00eb ndjekur gjithmon\u00eb rrug\u00ebn t\u00ebnde me besim.<\/p>\n<p data-start=\"881\" data-end=\"1240\">E punuar nga <strong data-start=\"894\" data-end=\"917\">Stainless Steel 316<\/strong> dhe e veshur me <strong data-start=\"934\" data-end=\"947\">flori 18K<\/strong> p\u00ebrmes teknologjis\u00eb <strong data-start=\"968\" data-end=\"975\">PVD<\/strong>, kjo unaz\u00eb ka nj\u00eb <strong data-start=\"994\" data-end=\"1021\">shk\u00eblqim t\u00eb q\u00ebndruesh\u00ebm<\/strong> dhe \u00ebsht\u00eb <strong data-start=\"1032\" data-end=\"1082\">rezistente ndaj ujit, g\u00ebrvishtjeve dhe nxirjes<\/strong>.<br data-start=\"1083\" data-end=\"1086\" \/><strong data-start=\"1086\" data-end=\"1103\">Antialergjike<\/strong> dhe perfekte p\u00ebr p\u00ebrdorim t\u00eb p\u00ebrditsh\u00ebm, ajo \u00ebsht\u00eb nj\u00eb detaj i vog\u00ebl me kuptim t\u00eb madh \u2013 nj\u00eb <strong data-start=\"1197\" data-end=\"1204\">yll<\/strong> q\u00eb mund ta mbash gjithmon\u00eb me vete.<\/p>\n","protected":false},"excerpt":{"rendered":"<ul data-start=\"191\" data-end=\"555\">\n<li data-start=\"191\" data-end=\"243\">\n<p data-start=\"193\" data-end=\"243\"><strong data-start=\"193\" data-end=\"206\">Material:<\/strong> <strong data-start=\"207\" data-end=\"243\">Stainless Steel 316 (\u00e7elik inox)<\/strong><\/p>\n<\/li>\n<li data-start=\"244\" data-end=\"321\">\n<p data-start=\"246\" data-end=\"321\"><strong data-start=\"246\" data-end=\"257\">Veshje:<\/strong> <strong data-start=\"258\" data-end=\"281\">E lar\u00eb me flori 18K<\/strong> \u2013 veshje PVD me shk\u00eblqim t\u00eb q\u00ebndruesh\u00ebm<\/p>\n<\/li>\n<li data-start=\"322\" data-end=\"383\">\n<p data-start=\"324\" data-end=\"383\"><strong data-start=\"324\" data-end=\"335\">Dizajn:<\/strong> <strong data-start=\"336\" data-end=\"350\">Motiv ylli<\/strong> \u2013 simbol i drit\u00ebs dhe udh\u00ebheqjes<\/p>\n<\/li>\n<li data-start=\"384\" data-end=\"475\">\n<p data-start=\"386\" data-end=\"475\"><strong data-start=\"386\" data-end=\"397\">Cil\u00ebsi:<\/strong> <strong data-start=\"398\" data-end=\"415\">Antialergjike<\/strong>, <strong data-start=\"417\" data-end=\"441\">rezistente ndaj ujit<\/strong>, <strong data-start=\"443\" data-end=\"459\">g\u00ebrvishtjeve<\/strong> dhe <strong data-start=\"464\" data-end=\"475\">nxirjes<\/strong><\/p>\n<\/li>\n<li data-start=\"476\" data-end=\"555\">\n<p data-start=\"478\" data-end=\"555\"><strong data-start=\"478\" data-end=\"488\">Punim:<\/strong> <strong data-start=\"489\" data-end=\"511\">E punuar me fines\u00eb<\/strong> \u2013 e p\u00ebrshtatshme p\u00ebr p\u00ebrdorim t\u00eb p\u00ebrditsh\u00ebm<\/p>\n<\/li>\n<\/ul>\n","protected":false},"featured_media":812,"comment_status":"open","ping_status":"closed","template":"","meta":{"neve_meta_sidebar":"","neve_meta_container":"","neve_meta_enable_content_width":"off","neve_meta_content_width":100,"neve_meta_title_alignment":"","neve_meta_author_avatar":"","neve_post_elements_order":"","neve_meta_disable_header":"","neve_meta_disable_footer":"","neve_meta_disable_title":"","_themeisle_gutenberg_block_has_review":false},"product_brand":[],"product_cat":[24],"product_tag":[],"class_list":{"0":"post-811","1":"product","2":"type-product","3":"status-publish","4":"has-post-thumbnail","6":"product_cat-unaza","8":"first","9":"instock","10":"shipping-taxable","11":"purchasable","12":"product-type-simple"},"_links":{"self":[{"href":"https:\/\/class-jewelry.com\/index.php\/wp-json\/wp\/v2\/product\/811","targetHints":{"allow":["GET"]}}],"collection":[{"href":"https:\/\/class-jewelry.com\/index.php\/wp-json\/wp\/v2\/product"}],"about":[{"href":"https:\/\/class-jewelry.com\/index.php\/wp-json\/wp\/v2\/types\/product"}],"replies":[{"embeddable":true,"href":"https:\/\/class-jewelry.com\/index.php\/wp-json\/wp\/v2\/comments?post=811"}],"wp:featuredmedia":[{"embeddable":true,"href":"https:\/\/class-jewelry.com\/index.php\/wp-json\/wp\/v2\/media\/812"}],"wp:attachment":[{"href":"https:\/\/class-jewelry.com\/index.php\/wp-json\/wp\/v2\/media?parent=811"}],"wp:term":[{"taxonomy":"product_brand","embeddable":true,"href":"https:\/\/class-jewelry.com\/index.php\/wp-json\/wp\/v2\/product_brand?post=811"},{"taxonomy":"product_cat","embeddable":true,"href":"https:\/\/class-jewelry.com\/index.php\/wp-json\/wp\/v2\/product_cat?post=811"},{"taxonomy":"product_tag","embeddable":true,"href":"https:\/\/class-jewelry.com\/index.php\/wp-json\/wp\/v2\/product_tag?post=811"}],"curies":[{"name":"wp","href":"https:\/\/api.w.org\/{rel}","templated":true}]}}