{"id":813,"date":"2025-08-19T22:19:19","date_gmt":"2025-08-19T20:19:19","guid":{"rendered":"https:\/\/class-jewelry.com\/?post_type=product&#038;p=813"},"modified":"2025-08-19T22:19:19","modified_gmt":"2025-08-19T20:19:19","slug":"varesja-shella","status":"publish","type":"product","link":"https:\/\/class-jewelry.com\/index.php\/product\/varesja-shella\/","title":{"rendered":"Var\u00ebsja \u201cShella\u201d"},"content":{"rendered":"<p data-start=\"685\" data-end=\"932\"><strong data-start=\"685\" data-end=\"705\">Var\u00ebsja \u201cShella\u201d<\/strong> \u00ebsht\u00eb nj\u00eb thirrje e qet\u00eb nga deti \u2013 nj\u00eb kujtim i ver\u00ebs, i natyr\u00ebs dhe i momenteve t\u00eb mbushura me paqe.<br data-start=\"808\" data-end=\"811\" \/>Guaska, si simbol i <strong data-start=\"831\" data-end=\"882\">mbrojtjes, ndjeshm\u00ebris\u00eb dhe forc\u00ebs s\u00eb brendshme<\/strong>, sjell nj\u00eb ndjenj\u00eb natyrale elegance dhe qet\u00ebsie.<\/p>\n<p data-start=\"934\" data-end=\"1249\">E punuar nga <strong data-start=\"947\" data-end=\"965\">\u00e7elik inox 316<\/strong> dhe e veshur me <strong data-start=\"982\" data-end=\"995\">flori 18K<\/strong> me teknologji <strong data-start=\"1010\" data-end=\"1017\">PVD<\/strong>, kjo var\u00ebse ofron <strong data-start=\"1036\" data-end=\"1063\">shk\u00eblqim t\u00eb q\u00ebndruesh\u00ebm<\/strong> dhe \u00ebsht\u00eb <strong data-start=\"1074\" data-end=\"1091\">antialergjike<\/strong>, <strong data-start=\"1093\" data-end=\"1143\">rezistente ndaj ujit, g\u00ebrvishtjeve dhe nxirjes<\/strong>.<br data-start=\"1144\" data-end=\"1147\" \/>Nj\u00eb aksesor i ve\u00e7ant\u00eb q\u00eb mund t\u00eb vishet \u00e7do dit\u00eb, p\u00ebr t\u00eb mbajtur me vete nj\u00eb cop\u00ebz deti kudo q\u00eb shkon.<\/p>\n","protected":false},"excerpt":{"rendered":"<p data-start=\"177\" data-end=\"212\">\n<ul data-start=\"175\" data-end=\"611\">\n<li data-start=\"213\" data-end=\"267\">\n<p data-start=\"215\" data-end=\"267\"><strong data-start=\"215\" data-end=\"228\">Material:<\/strong> <strong data-start=\"229\" data-end=\"265\">Stainless Steel 316 (\u00e7elik )<\/strong><\/p>\n<\/li>\n<li data-start=\"268\" data-end=\"347\">\n<p data-start=\"270\" data-end=\"347\"><strong data-start=\"270\" data-end=\"281\">Veshje:<\/strong> <strong data-start=\"282\" data-end=\"305\">E lar\u00eb me flori 18K<\/strong> \u2013 veshje PVD me shk\u00eblqim t\u00eb q\u00ebndruesh\u00ebm<\/p>\n<\/li>\n<li data-start=\"348\" data-end=\"424\">\n<p data-start=\"350\" data-end=\"424\"><strong data-start=\"350\" data-end=\"361\">Dizajn:<\/strong> <strong data-start=\"362\" data-end=\"381\">Guask\u00eb natyrale<\/strong> \u2013 simbol i but\u00ebsis\u00eb dhe lidhjes me detin<\/p>\n<\/li>\n<li data-start=\"425\" data-end=\"518\">\n<p data-start=\"427\" data-end=\"518\"><strong data-start=\"427\" data-end=\"438\">Cil\u00ebsi:<\/strong> <strong data-start=\"439\" data-end=\"456\">Antialergjike<\/strong>, <strong data-start=\"458\" data-end=\"482\">rezistente ndaj ujit<\/strong>, <strong data-start=\"484\" data-end=\"500\">g\u00ebrvishtjeve<\/strong> dhe <strong data-start=\"505\" data-end=\"516\">nxirjes<\/strong><\/p>\n<\/li>\n<li data-start=\"519\" data-end=\"611\">\n<p data-start=\"521\" data-end=\"611\"><strong data-start=\"521\" data-end=\"531\">Punim:<\/strong> <strong data-start=\"532\" data-end=\"554\">Me detaje t\u00eb im\u00ebta<\/strong> \u2013 ideale p\u00ebr p\u00ebrdorim t\u00eb p\u00ebrditsh\u00ebm apo si dhurat\u00eb unike<\/p>\n<\/li>\n<\/ul>\n","protected":false},"featured_media":814,"comment_status":"open","ping_status":"closed","template":"","meta":{"neve_meta_sidebar":"","neve_meta_container":"","neve_meta_enable_content_width":"off","neve_meta_content_width":100,"neve_meta_title_alignment":"","neve_meta_author_avatar":"","neve_post_elements_order":"","neve_meta_disable_header":"","neve_meta_disable_footer":"","neve_meta_disable_title":"","_themeisle_gutenberg_block_has_review":false},"product_brand":[],"product_cat":[23],"product_tag":[],"class_list":{"0":"post-813","1":"product","2":"type-product","3":"status-publish","4":"has-post-thumbnail","6":"product_cat-varse","8":"first","9":"instock","10":"shipping-taxable","11":"purchasable","12":"product-type-simple"},"_links":{"self":[{"href":"https:\/\/class-jewelry.com\/index.php\/wp-json\/wp\/v2\/product\/813","targetHints":{"allow":["GET"]}}],"collection":[{"href":"https:\/\/class-jewelry.com\/index.php\/wp-json\/wp\/v2\/product"}],"about":[{"href":"https:\/\/class-jewelry.com\/index.php\/wp-json\/wp\/v2\/types\/product"}],"replies":[{"embeddable":true,"href":"https:\/\/class-jewelry.com\/index.php\/wp-json\/wp\/v2\/comments?post=813"}],"wp:featuredmedia":[{"embeddable":true,"href":"https:\/\/class-jewelry.com\/index.php\/wp-json\/wp\/v2\/media\/814"}],"wp:attachment":[{"href":"https:\/\/class-jewelry.com\/index.php\/wp-json\/wp\/v2\/media?parent=813"}],"wp:term":[{"taxonomy":"product_brand","embeddable":true,"href":"https:\/\/class-jewelry.com\/index.php\/wp-json\/wp\/v2\/product_brand?post=813"},{"taxonomy":"product_cat","embeddable":true,"href":"https:\/\/class-jewelry.com\/index.php\/wp-json\/wp\/v2\/product_cat?post=813"},{"taxonomy":"product_tag","embeddable":true,"href":"https:\/\/class-jewelry.com\/index.php\/wp-json\/wp\/v2\/product_tag?post=813"}],"curies":[{"name":"wp","href":"https:\/\/api.w.org\/{rel}","templated":true}]}}