{"id":820,"date":"2025-08-20T22:10:41","date_gmt":"2025-08-20T20:10:41","guid":{"rendered":"https:\/\/class-jewelry.com\/?post_type=product&#038;p=820"},"modified":"2025-08-20T22:10:41","modified_gmt":"2025-08-20T20:10:41","slug":"varese-snake","status":"publish","type":"product","link":"https:\/\/class-jewelry.com\/index.php\/product\/varese-snake\/","title":{"rendered":"Var\u00ebse &#8220;Snake&#8221;"},"content":{"rendered":"<p data-start=\"795\" data-end=\"1034\">Var\u00ebsja <strong data-start=\"803\" data-end=\"814\">&#8220;Snake&#8221;<\/strong> nuk \u00ebsht\u00eb thjesht nj\u00eb aksesor \u2013 \u00ebsht\u00eb nj\u00eb simbol i forc\u00ebs s\u00eb brendshme dhe vet\u00ebbesimit.<br data-start=\"902\" data-end=\"905\" \/>Forma e saj e but\u00eb dhe elegante frym\u00ebzohet nga mistika e gjarprit \u2013 nj\u00eb krijes\u00eb q\u00eb p\u00ebrfaq\u00ebson transformimin dhe fuqin\u00eb e heshtur.<\/p>\n<p data-start=\"1036\" data-end=\"1342\">E realizuar me <strong data-start=\"1051\" data-end=\"1064\">stainless steel 316<\/strong> dhe e veshur me <strong data-start=\"1081\" data-end=\"1094\">flori 18K<\/strong> p\u00ebrmes teknologjis\u00eb <strong data-start=\"1115\" data-end=\"1122\">PVD<\/strong>, kjo var\u00ebse ofron nj\u00eb shk\u00eblqim t\u00eb q\u00ebndruesh\u00ebm dhe \u00ebsht\u00eb <strong data-start=\"1179\" data-end=\"1196\">antialergjike<\/strong>, si edhe <strong data-start=\"1206\" data-end=\"1256\">rezistente ndaj ujit, g\u00ebrvishtjeve dhe nxirjes<\/strong>.<br data-start=\"1257\" data-end=\"1260\" \/>Nj\u00eb aksesor i fuqish\u00ebm dhe modern \u2013 p\u00ebr ata q\u00eb zgjedhin t\u00eb duken ndryshe \u00e7do dit\u00eb.<\/p>\n","protected":false},"excerpt":{"rendered":"<ul>\n<li><strong data-start=\"145\" data-end=\"158\">Material:<\/strong> Stainless Steel 316 \u2013 cil\u00ebsi e lart\u00eb dhe jet\u00ebgjat\u00ebsi maksimale<\/li>\n<li><strong data-start=\"224\" data-end=\"235\">Veshje:<\/strong> E lar\u00eb me flori 18K \u2013 veshje PVD p\u00ebr shk\u00eblqim dhe rezistenc\u00eb t\u00eb q\u00ebndrueshme<\/li>\n<li><strong data-start=\"314\" data-end=\"325\">Dizajn:<\/strong> Frym\u00ebzuar nga forma elegante dhe mistike e gjarprit \u2013 simbol i transformimit dhe forc\u00ebs s\u00eb brendshme<\/li>\n<li><strong data-start=\"429\" data-end=\"440\">Cil\u00ebsi:<\/strong> Antialergjike, rezistente ndaj ujit, g\u00ebrvishtjeve dhe nxirjes<\/li>\n<li><strong data-start=\"505\" data-end=\"515\">Punim:<\/strong> Stil minimalist dhe modern \u2013 p\u00ebr nj\u00eb pamje elegante q\u00eb bie n\u00eb sy, si p\u00ebr p\u00ebrditshm\u00ebri ashtu edhe p\u00ebr mbr\u00ebmje<\/li>\n<\/ul>\n","protected":false},"featured_media":821,"comment_status":"open","ping_status":"closed","template":"","meta":{"neve_meta_sidebar":"","neve_meta_container":"","neve_meta_enable_content_width":"off","neve_meta_content_width":100,"neve_meta_title_alignment":"","neve_meta_author_avatar":"","neve_post_elements_order":"","neve_meta_disable_header":"","neve_meta_disable_footer":"","neve_meta_disable_title":"","_themeisle_gutenberg_block_has_review":false},"product_brand":[],"product_cat":[23],"product_tag":[],"class_list":{"0":"post-820","1":"product","2":"type-product","3":"status-publish","4":"has-post-thumbnail","6":"product_cat-varse","8":"first","9":"instock","10":"shipping-taxable","11":"purchasable","12":"product-type-simple"},"_links":{"self":[{"href":"https:\/\/class-jewelry.com\/index.php\/wp-json\/wp\/v2\/product\/820","targetHints":{"allow":["GET"]}}],"collection":[{"href":"https:\/\/class-jewelry.com\/index.php\/wp-json\/wp\/v2\/product"}],"about":[{"href":"https:\/\/class-jewelry.com\/index.php\/wp-json\/wp\/v2\/types\/product"}],"replies":[{"embeddable":true,"href":"https:\/\/class-jewelry.com\/index.php\/wp-json\/wp\/v2\/comments?post=820"}],"wp:featuredmedia":[{"embeddable":true,"href":"https:\/\/class-jewelry.com\/index.php\/wp-json\/wp\/v2\/media\/821"}],"wp:attachment":[{"href":"https:\/\/class-jewelry.com\/index.php\/wp-json\/wp\/v2\/media?parent=820"}],"wp:term":[{"taxonomy":"product_brand","embeddable":true,"href":"https:\/\/class-jewelry.com\/index.php\/wp-json\/wp\/v2\/product_brand?post=820"},{"taxonomy":"product_cat","embeddable":true,"href":"https:\/\/class-jewelry.com\/index.php\/wp-json\/wp\/v2\/product_cat?post=820"},{"taxonomy":"product_tag","embeddable":true,"href":"https:\/\/class-jewelry.com\/index.php\/wp-json\/wp\/v2\/product_tag?post=820"}],"curies":[{"name":"wp","href":"https:\/\/api.w.org\/{rel}","templated":true}]}}