{"id":822,"date":"2025-08-20T22:15:51","date_gmt":"2025-08-20T20:15:51","guid":{"rendered":"https:\/\/class-jewelry.com\/?post_type=product&#038;p=822"},"modified":"2025-08-20T22:15:51","modified_gmt":"2025-08-20T20:15:51","slug":"byzylyk-harmoni","status":"publish","type":"product","link":"https:\/\/class-jewelry.com\/index.php\/product\/byzylyk-harmoni\/","title":{"rendered":"Byzylyk \u201cHarmoni\u201d"},"content":{"rendered":"<p data-start=\"1089\" data-end=\"1279\">Ky byzylyk \u00ebsht\u00eb nj\u00eb kombinim harmonik mes dy bot\u00ebve \u2013 eleganca e <strong data-start=\"1155\" data-end=\"1166\">perlave<\/strong> dhe ngroht\u00ebsia e <strong data-start=\"1184\" data-end=\"1192\">arit<\/strong>.<br data-start=\"1193\" data-end=\"1196\" \/>Gjysm\u00eb klasik, gjysm\u00eb modern \u2013 ai p\u00ebrfaq\u00ebson balanc\u00ebn mes but\u00ebsis\u00eb dhe vet\u00ebbesimit.<\/p>\n<p data-start=\"1281\" data-end=\"1656\">Realizuar me <strong data-start=\"1294\" data-end=\"1307\">\u00e7elik 316<\/strong> t\u00eb veshur me <strong data-start=\"1321\" data-end=\"1334\">flori 18K<\/strong> p\u00ebrmes teknologjis\u00eb <strong data-start=\"1355\" data-end=\"1362\">PVD<\/strong>, dhe zbukuruar me <strong data-start=\"1381\" data-end=\"1399\">perla delikate<\/strong>, ky aksesor jo vet\u00ebm shk\u00eblqen vizualisht, por \u00ebsht\u00eb edhe <strong data-start=\"1457\" data-end=\"1473\">antialergjik<\/strong>, si edhe <strong data-start=\"1483\" data-end=\"1532\">rezistent ndaj ujit, g\u00ebrvishtjeve dhe nxirjes<\/strong>.<br data-start=\"1533\" data-end=\"1536\" \/>Nj\u00eb zgjedhje e ve\u00e7ant\u00eb p\u00ebr ato momente kur d\u00ebshiron t\u00eb shpreh\u00ebsh stil, fines\u00eb dhe origjinalitet \u2013 n\u00eb nj\u00eb detaj t\u00eb vet\u00ebm.<\/p>\n","protected":false},"excerpt":{"rendered":"<ul>\n<li><strong data-start=\"518\" data-end=\"531\">Material:<\/strong> Stainless Steel 316 \u2013 cil\u00ebsi e lart\u00eb dhe jet\u00ebgjat\u00ebsi maksimale<\/li>\n<li><strong data-start=\"597\" data-end=\"608\">Veshje:<\/strong> E lar\u00eb me flori 18K \u2013 veshje PVD p\u00ebr nj\u00eb shk\u00eblqim t\u00eb q\u00ebndruesh\u00ebm<\/li>\n<li><strong data-start=\"676\" data-end=\"687\">Detaje:<\/strong> Gjysma e byzylykut p\u00ebrb\u00ebhet nga perla elegante, nd\u00ebrsa gjysma tjet\u00ebr nga zinxhir me pamje ari \u2013 nj\u00eb balanc\u00eb perfekte mes fines\u00ebs dhe modernitetit<\/li>\n<li><strong data-start=\"836\" data-end=\"847\">Cil\u00ebsi:<\/strong> Antialergjik, rezistent ndaj ujit, g\u00ebrvishtjeve dhe nxirjes<\/li>\n<li><strong data-start=\"910\" data-end=\"919\">Stil:<\/strong> Dizajn i rafinuar, ideal p\u00ebr t\u2019u veshur si n\u00eb p\u00ebrditshm\u00ebri, ashtu edhe n\u00eb evente apo si dhurat\u00eb me shije t\u00eb holl\u00eb<\/li>\n<\/ul>\n","protected":false},"featured_media":823,"comment_status":"open","ping_status":"closed","template":"","meta":{"neve_meta_sidebar":"","neve_meta_container":"","neve_meta_enable_content_width":"off","neve_meta_content_width":100,"neve_meta_title_alignment":"","neve_meta_author_avatar":"","neve_post_elements_order":"","neve_meta_disable_header":"","neve_meta_disable_footer":"","neve_meta_disable_title":"","_themeisle_gutenberg_block_has_review":false},"product_brand":[],"product_cat":[26],"product_tag":[],"class_list":{"0":"post-822","1":"product","2":"type-product","3":"status-publish","4":"has-post-thumbnail","6":"product_cat-byrzylyk","8":"first","9":"instock","10":"shipping-taxable","11":"purchasable","12":"product-type-simple"},"_links":{"self":[{"href":"https:\/\/class-jewelry.com\/index.php\/wp-json\/wp\/v2\/product\/822","targetHints":{"allow":["GET"]}}],"collection":[{"href":"https:\/\/class-jewelry.com\/index.php\/wp-json\/wp\/v2\/product"}],"about":[{"href":"https:\/\/class-jewelry.com\/index.php\/wp-json\/wp\/v2\/types\/product"}],"replies":[{"embeddable":true,"href":"https:\/\/class-jewelry.com\/index.php\/wp-json\/wp\/v2\/comments?post=822"}],"wp:featuredmedia":[{"embeddable":true,"href":"https:\/\/class-jewelry.com\/index.php\/wp-json\/wp\/v2\/media\/823"}],"wp:attachment":[{"href":"https:\/\/class-jewelry.com\/index.php\/wp-json\/wp\/v2\/media?parent=822"}],"wp:term":[{"taxonomy":"product_brand","embeddable":true,"href":"https:\/\/class-jewelry.com\/index.php\/wp-json\/wp\/v2\/product_brand?post=822"},{"taxonomy":"product_cat","embeddable":true,"href":"https:\/\/class-jewelry.com\/index.php\/wp-json\/wp\/v2\/product_cat?post=822"},{"taxonomy":"product_tag","embeddable":true,"href":"https:\/\/class-jewelry.com\/index.php\/wp-json\/wp\/v2\/product_tag?post=822"}],"curies":[{"name":"wp","href":"https:\/\/api.w.org\/{rel}","templated":true}]}}