{"id":824,"date":"2025-08-20T22:20:04","date_gmt":"2025-08-20T20:20:04","guid":{"rendered":"https:\/\/class-jewelry.com\/?post_type=product&#038;p=824"},"modified":"2025-08-20T22:20:04","modified_gmt":"2025-08-20T20:20:04","slug":"byzylykun-cuban","status":"publish","type":"product","link":"https:\/\/class-jewelry.com\/index.php\/product\/byzylykun-cuban\/","title":{"rendered":"Byzylykun \u201cCuban\u201d"},"content":{"rendered":"<p data-start=\"962\" data-end=\"1200\">Byzylyku <strong data-start=\"971\" data-end=\"982\">\u201cCuban\u201d<\/strong> nuk \u00ebsht\u00eb thjesht nj\u00eb pjes\u00eb bizhuterie \u2013 \u00ebsht\u00eb nj\u00eb deklarat\u00eb stili.<br data-start=\"1050\" data-end=\"1053\" \/>Hallkat dhe dizajni i tij i fuqish\u00ebm reflektojn\u00eb <strong data-start=\"1111\" data-end=\"1124\">vet\u00ebbesim<\/strong>, <strong data-start=\"1126\" data-end=\"1135\">forc\u00eb<\/strong> dhe nj\u00eb <strong data-start=\"1144\" data-end=\"1161\">q\u00ebndrim urban<\/strong> q\u00eb nuk k\u00ebrkon fjal\u00eb p\u00ebr t\u00eb r\u00ebn\u00eb n\u00eb sy.<\/p>\n<p data-start=\"1202\" data-end=\"1589\">I krijuar me <strong data-start=\"1215\" data-end=\"1228\">\u00e7elik 316<\/strong> dhe i <strong data-start=\"1235\" data-end=\"1258\">veshur me flori 18K<\/strong> p\u00ebrmes teknologjis\u00eb <strong data-start=\"1279\" data-end=\"1286\">PVD<\/strong>, ky byzylyk kombinon luksin me q\u00ebndrueshm\u00ebrin\u00eb.<br data-start=\"1334\" data-end=\"1337\" \/>\u00cbsht\u00eb <strong data-start=\"1343\" data-end=\"1359\">antialergjik<\/strong>, <strong data-start=\"1361\" data-end=\"1384\">rezistent ndaj ujit<\/strong>, <strong data-start=\"1386\" data-end=\"1402\">g\u00ebrvishtjeve<\/strong> dhe <strong data-start=\"1407\" data-end=\"1418\">nxirjes<\/strong>, ndaj mund ta mbash \u00e7do dit\u00eb pa kompromis me stilin.<br data-start=\"1471\" data-end=\"1474\" \/>Nj\u00eb aksesor p\u00ebr ata q\u00eb zgjedhin t\u00eb jen\u00eb ndryshe dhe t\u00eb duken ashtu si\u00e7 ndihen \u2013 t\u00eb fort\u00eb, t\u00eb sigurt, dhe autentik\u00eb.<\/p>\n","protected":false},"excerpt":{"rendered":"<ul>\n<li><strong data-start=\"441\" data-end=\"454\">Material:<\/strong> Stainless Steel 316 \u2013 q\u00ebndrueshm\u00ebri dhe cil\u00ebsi e lart\u00eb p\u00ebr p\u00ebrdorim afatgjat\u00eb<\/li>\n<li><strong data-start=\"535\" data-end=\"546\">Veshje:<\/strong> I lar\u00eb me flori 18K \u2013 veshje PVD q\u00eb garanton shk\u00eblqim t\u00eb q\u00ebndruesh\u00ebm<\/li>\n<li><strong data-start=\"618\" data-end=\"629\">Dizajn:<\/strong> Cuban link \u2013 hallka t\u00eb holla me pamje t\u00eb fort\u00eb dhe efekt luksi<\/li>\n<li><strong data-start=\"696\" data-end=\"707\">Cil\u00ebsi:<\/strong> Antialergjik, rezistent ndaj ujit, g\u00ebrvishtjeve dhe nxirjes<\/li>\n<li><strong data-start=\"770\" data-end=\"779\" data-is-only-node=\"\">Stil:<\/strong> Aksesor i guximsh\u00ebm dhe modern \u2013 p\u00ebr nj\u00eb pamje q\u00eb nuk kalon pa u v\u00ebn\u00eb re, ideal p\u00ebr t\u00eb kompletuar \u00e7do outfit urban apo elegant<\/li>\n<\/ul>\n","protected":false},"featured_media":825,"comment_status":"open","ping_status":"closed","template":"","meta":{"neve_meta_sidebar":"","neve_meta_container":"","neve_meta_enable_content_width":"off","neve_meta_content_width":100,"neve_meta_title_alignment":"","neve_meta_author_avatar":"","neve_post_elements_order":"","neve_meta_disable_header":"","neve_meta_disable_footer":"","neve_meta_disable_title":"","_themeisle_gutenberg_block_has_review":false},"product_brand":[],"product_cat":[26],"product_tag":[],"class_list":{"0":"post-824","1":"product","2":"type-product","3":"status-publish","4":"has-post-thumbnail","6":"product_cat-byrzylyk","8":"first","9":"instock","10":"shipping-taxable","11":"purchasable","12":"product-type-simple"},"_links":{"self":[{"href":"https:\/\/class-jewelry.com\/index.php\/wp-json\/wp\/v2\/product\/824","targetHints":{"allow":["GET"]}}],"collection":[{"href":"https:\/\/class-jewelry.com\/index.php\/wp-json\/wp\/v2\/product"}],"about":[{"href":"https:\/\/class-jewelry.com\/index.php\/wp-json\/wp\/v2\/types\/product"}],"replies":[{"embeddable":true,"href":"https:\/\/class-jewelry.com\/index.php\/wp-json\/wp\/v2\/comments?post=824"}],"wp:featuredmedia":[{"embeddable":true,"href":"https:\/\/class-jewelry.com\/index.php\/wp-json\/wp\/v2\/media\/825"}],"wp:attachment":[{"href":"https:\/\/class-jewelry.com\/index.php\/wp-json\/wp\/v2\/media?parent=824"}],"wp:term":[{"taxonomy":"product_brand","embeddable":true,"href":"https:\/\/class-jewelry.com\/index.php\/wp-json\/wp\/v2\/product_brand?post=824"},{"taxonomy":"product_cat","embeddable":true,"href":"https:\/\/class-jewelry.com\/index.php\/wp-json\/wp\/v2\/product_cat?post=824"},{"taxonomy":"product_tag","embeddable":true,"href":"https:\/\/class-jewelry.com\/index.php\/wp-json\/wp\/v2\/product_tag?post=824"}],"curies":[{"name":"wp","href":"https:\/\/api.w.org\/{rel}","templated":true}]}}