{"id":826,"date":"2025-08-20T22:23:43","date_gmt":"2025-08-20T20:23:43","guid":{"rendered":"https:\/\/class-jewelry.com\/?post_type=product&#038;p=826"},"modified":"2025-08-20T22:23:43","modified_gmt":"2025-08-20T20:23:43","slug":"byzylyk-statik-2","status":"publish","type":"product","link":"https:\/\/class-jewelry.com\/index.php\/product\/byzylyk-statik-2\/","title":{"rendered":"Byzylyk \u201cStatik\u201d"},"content":{"rendered":"<p data-start=\"700\" data-end=\"882\">Byzylyku <strong data-start=\"709\" data-end=\"721\">\u201cStatik\u201d<\/strong> \u00ebsht\u00eb nj\u00eb simbol i q\u00ebndrueshm\u00ebris\u00eb dhe fuqis\u00eb s\u00eb heshtur.<br data-start=\"779\" data-end=\"782\" \/>Me linjat e tij t\u00eb thjeshta dhe t\u00eb forta, ai p\u00ebrfaq\u00ebson stabilitetin dhe stilin modern pa kompromis.<\/p>\n<p data-start=\"884\" data-end=\"1161\">Realizuar nga <strong data-start=\"898\" data-end=\"911\">\u00e7elik 316<\/strong> dhe i veshur me <strong data-start=\"928\" data-end=\"941\">flori 18K<\/strong> p\u00ebrmes teknologjis\u00eb <strong data-start=\"962\" data-end=\"969\">PVD<\/strong>, ky byzylyk \u00ebsht\u00eb i <strong data-start=\"990\" data-end=\"1006\">antialergjik<\/strong> dhe <strong data-start=\"1011\" data-end=\"1060\">rezistent ndaj ujit, g\u00ebrvishtjeve dhe nxirjes<\/strong>.<br data-start=\"1061\" data-end=\"1064\" \/>Nj\u00eb aksesor p\u00ebr ata q\u00eb duan t\u00eb tregojn\u00eb karakter me nj\u00eb detaj t\u00eb thjesht\u00eb, por me ndikim t\u00eb madh.<\/p>\n","protected":false},"excerpt":{"rendered":"<ul>\n<li><strong data-start=\"197\" data-end=\"210\">Material:<\/strong> Stainless Steel 316 \u2013 i q\u00ebndruesh\u00ebm dhe me jet\u00ebgjat\u00ebsi t\u00eb lart\u00eb<\/li>\n<li><strong data-start=\"277\" data-end=\"288\">Veshje:<\/strong> E lar\u00eb me flori 18K \u2013 teknologjia PVD siguron shk\u00eblqim dhe rezistenc\u00eb t\u00eb gjat\u00eb<\/li>\n<li><strong data-start=\"370\" data-end=\"381\">Dizajn:<\/strong> Stil statik dhe minimalist, me linja t\u00eb qarta dhe t\u00eb forta<\/li>\n<li><strong data-start=\"443\" data-end=\"454\">Cil\u00ebsi:<\/strong> Antialergjik, rezistent ndaj ujit, g\u00ebrvishtjeve dhe nxirjes<\/li>\n<li><strong data-start=\"517\" data-end=\"526\">Stil:<\/strong> Byzylyk modern dhe i thjesht\u00eb, ideal p\u00ebr p\u00ebrdorim t\u00eb p\u00ebrditsh\u00ebm dhe p\u00ebr ata q\u00eb preferojn\u00eb eleganc\u00eb pa shum\u00eb zbukurime<\/li>\n<\/ul>\n","protected":false},"featured_media":827,"comment_status":"open","ping_status":"closed","template":"","meta":{"neve_meta_sidebar":"","neve_meta_container":"","neve_meta_enable_content_width":"off","neve_meta_content_width":100,"neve_meta_title_alignment":"","neve_meta_author_avatar":"","neve_post_elements_order":"","neve_meta_disable_header":"","neve_meta_disable_footer":"","neve_meta_disable_title":"","_themeisle_gutenberg_block_has_review":false},"product_brand":[],"product_cat":[26],"product_tag":[],"class_list":{"0":"post-826","1":"product","2":"type-product","3":"status-publish","4":"has-post-thumbnail","6":"product_cat-byrzylyk","8":"first","9":"instock","10":"shipping-taxable","11":"purchasable","12":"product-type-simple"},"_links":{"self":[{"href":"https:\/\/class-jewelry.com\/index.php\/wp-json\/wp\/v2\/product\/826","targetHints":{"allow":["GET"]}}],"collection":[{"href":"https:\/\/class-jewelry.com\/index.php\/wp-json\/wp\/v2\/product"}],"about":[{"href":"https:\/\/class-jewelry.com\/index.php\/wp-json\/wp\/v2\/types\/product"}],"replies":[{"embeddable":true,"href":"https:\/\/class-jewelry.com\/index.php\/wp-json\/wp\/v2\/comments?post=826"}],"wp:featuredmedia":[{"embeddable":true,"href":"https:\/\/class-jewelry.com\/index.php\/wp-json\/wp\/v2\/media\/827"}],"wp:attachment":[{"href":"https:\/\/class-jewelry.com\/index.php\/wp-json\/wp\/v2\/media?parent=826"}],"wp:term":[{"taxonomy":"product_brand","embeddable":true,"href":"https:\/\/class-jewelry.com\/index.php\/wp-json\/wp\/v2\/product_brand?post=826"},{"taxonomy":"product_cat","embeddable":true,"href":"https:\/\/class-jewelry.com\/index.php\/wp-json\/wp\/v2\/product_cat?post=826"},{"taxonomy":"product_tag","embeddable":true,"href":"https:\/\/class-jewelry.com\/index.php\/wp-json\/wp\/v2\/product_tag?post=826"}],"curies":[{"name":"wp","href":"https:\/\/api.w.org\/{rel}","templated":true}]}}