{"id":828,"date":"2025-08-20T22:27:19","date_gmt":"2025-08-20T20:27:19","guid":{"rendered":"https:\/\/class-jewelry.com\/?post_type=product&#038;p=828"},"modified":"2025-08-20T22:27:19","modified_gmt":"2025-08-20T20:27:19","slug":"byzylyk-statik-3","status":"publish","type":"product","link":"https:\/\/class-jewelry.com\/index.php\/product\/byzylyk-statik-3\/","title":{"rendered":"Byzylyk \u201cStatik\u201d,"},"content":{"rendered":"<p data-start=\"756\" data-end=\"978\">Byzylyku <strong data-start=\"765\" data-end=\"777\">\u201cStatik\u201d<\/strong> \u00ebsht\u00eb nj\u00eb reflektim i fuqis\u00eb s\u00eb brendshme dhe qet\u00ebsis\u00eb q\u00eb buron nga stabiliteti.<br data-start=\"858\" data-end=\"861\" \/>Me form\u00ebn e tij t\u00eb thjesht\u00eb, por t\u00eb fuqishme, ai shpreh eleganc\u00eb dhe nj\u00eb stil modern q\u00eb nuk kalon kurr\u00eb pa u v\u00ebn\u00eb re.<\/p>\n<p data-start=\"980\" data-end=\"1228\">I punuar me <strong data-start=\"992\" data-end=\"1005\">stainless steel 316<\/strong> dhe i mbuluar me <strong data-start=\"1023\" data-end=\"1036\">flori 18K<\/strong> p\u00ebrmes teknologjis\u00eb <strong data-start=\"1057\" data-end=\"1064\">PVD<\/strong>, ky byzylyk \u00ebsht\u00eb jo vet\u00ebm i bukur, por edhe i q\u00ebndruesh\u00ebm dhe antialergjik.<br data-start=\"1141\" data-end=\"1144\" \/>Nj\u00eb aksesor q\u00eb mban gjithmon\u00eb stilin t\u00ebnd n\u00eb linj\u00eb \u2013 i thjesht\u00eb, por i paharruesh\u00ebm.<\/p>\n","protected":false},"excerpt":{"rendered":"<ul>\n<li data-start=\"183\" data-end=\"700\"><strong data-start=\"183\" data-end=\"196\">Material:<\/strong> Stainless Steel 316 \u2013 nj\u00eb material i q\u00ebndruesh\u00ebm dhe cil\u00ebsor q\u00eb siguron jet\u00ebgjat\u00ebsi<\/li>\n<li data-start=\"183\" data-end=\"700\"><strong data-start=\"283\" data-end=\"294\">Veshje:<\/strong> E lar\u00eb me flori 18K p\u00ebrmes teknologjis\u00eb PVD, q\u00eb i jep byzylykut nj\u00eb shk\u00eblqim t\u00eb fort\u00eb dhe rezistenc\u00eb ndaj koh\u00ebs<\/li>\n<li data-start=\"183\" data-end=\"700\"><strong data-start=\"409\" data-end=\"420\">Dizajn:<\/strong> Linja t\u00eb pastra dhe statike q\u00eb reflektojn\u00eb eleganc\u00eb dhe forc\u00eb, pa zbukurime t\u00eb tep\u00ebrta<\/li>\n<li data-start=\"183\" data-end=\"700\"><strong data-start=\"510\" data-end=\"521\">Cil\u00ebsi:<\/strong> Antialergjik, rezistent ndaj ujit, g\u00ebrvishtjeve dhe nxirjes<\/li>\n<li data-start=\"183\" data-end=\"700\"><strong data-start=\"584\" data-end=\"593\">Stil:<\/strong> Byzylyk q\u00eb q\u00ebndron n\u00eb heshtje, por flet p\u00ebr karakterin dhe stilin t\u00ebnd \u2013 perfekt p\u00ebr \u00e7do dit\u00eb dhe \u00e7do rast<\/li>\n<\/ul>\n","protected":false},"featured_media":829,"comment_status":"open","ping_status":"closed","template":"","meta":{"neve_meta_sidebar":"","neve_meta_container":"","neve_meta_enable_content_width":"off","neve_meta_content_width":100,"neve_meta_title_alignment":"","neve_meta_author_avatar":"","neve_post_elements_order":"","neve_meta_disable_header":"","neve_meta_disable_footer":"","neve_meta_disable_title":"","_themeisle_gutenberg_block_has_review":false},"product_brand":[],"product_cat":[26],"product_tag":[],"class_list":{"0":"post-828","1":"product","2":"type-product","3":"status-publish","4":"has-post-thumbnail","6":"product_cat-byrzylyk","8":"first","9":"instock","10":"shipping-taxable","11":"purchasable","12":"product-type-simple"},"_links":{"self":[{"href":"https:\/\/class-jewelry.com\/index.php\/wp-json\/wp\/v2\/product\/828","targetHints":{"allow":["GET"]}}],"collection":[{"href":"https:\/\/class-jewelry.com\/index.php\/wp-json\/wp\/v2\/product"}],"about":[{"href":"https:\/\/class-jewelry.com\/index.php\/wp-json\/wp\/v2\/types\/product"}],"replies":[{"embeddable":true,"href":"https:\/\/class-jewelry.com\/index.php\/wp-json\/wp\/v2\/comments?post=828"}],"wp:featuredmedia":[{"embeddable":true,"href":"https:\/\/class-jewelry.com\/index.php\/wp-json\/wp\/v2\/media\/829"}],"wp:attachment":[{"href":"https:\/\/class-jewelry.com\/index.php\/wp-json\/wp\/v2\/media?parent=828"}],"wp:term":[{"taxonomy":"product_brand","embeddable":true,"href":"https:\/\/class-jewelry.com\/index.php\/wp-json\/wp\/v2\/product_brand?post=828"},{"taxonomy":"product_cat","embeddable":true,"href":"https:\/\/class-jewelry.com\/index.php\/wp-json\/wp\/v2\/product_cat?post=828"},{"taxonomy":"product_tag","embeddable":true,"href":"https:\/\/class-jewelry.com\/index.php\/wp-json\/wp\/v2\/product_tag?post=828"}],"curies":[{"name":"wp","href":"https:\/\/api.w.org\/{rel}","templated":true}]}}