{"id":837,"date":"2025-08-20T23:43:19","date_gmt":"2025-08-20T21:43:19","guid":{"rendered":"https:\/\/class-jewelry.com\/?post_type=product&#038;p=837"},"modified":"2025-08-20T23:43:19","modified_gmt":"2025-08-20T21:43:19","slug":"varese-zodiac","status":"publish","type":"product","link":"https:\/\/class-jewelry.com\/index.php\/product\/varese-zodiac\/","title":{"rendered":"Var\u00ebse \u201cZodiac\u201d."},"content":{"rendered":"<p>VAR\u00cbSE ME SHENJEN E DEMIT<\/p>\n<p>Kjo var\u00ebse me shenj\u00ebn e horoskopit \u00ebsht\u00eb krijuar p\u00ebr t\u2019i dh\u00ebn\u00eb \u00e7do pamjeje nj\u00eb prekje personale dhe t\u00eb ve\u00e7ant\u00eb. E punuar me stainless steel 316 dhe e veshur me flori 18K p\u00ebrmes teknologjis\u00eb PVD, ajo ofron shk\u00eblqim elegant dhe jet\u00ebgjat\u00ebsi. Dizajni i saj me simbolin e horoskopit reflekton personalitetin, energjin\u00eb dhe unikalitetin tuaj, duke e b\u00ebr\u00eb nj\u00eb aksesor me kuptim t\u00eb thell\u00eb. Antialergjike, rezistente ndaj ujit dhe nxirjes, kjo var\u00ebse \u00ebsht\u00eb zgjedhja perfekte si dhurat\u00eb apo si detaj q\u00eb tregon historin\u00eb tuaj personale.<\/p>\n","protected":false},"excerpt":{"rendered":"<ul>\n<li><strong>Material<\/strong>: Stainless Steel 316 \u2013 \u00e7elik cil\u00ebsor, rezistent dhe jet\u00ebgjat\u00eb<\/li>\n<li><strong>Veshje<\/strong>: I lar\u00eb me flori 18K p\u00ebrmes teknologjis\u00eb PVD \u2013 shk\u00eblqim i q\u00ebndruesh\u00ebm dhe ngjyr\u00eb gold elegante<\/li>\n<li><strong>Dizajn<\/strong>: Shenja e Demit ,Simbol unik i shenj\u00ebs s\u00eb horoskopit, i punuar me detaje delikate q\u00eb pasqyrojn\u00eb personalitetin dhe energjin\u00eb tuaj<\/li>\n<li><strong>Cil\u00ebsi<\/strong>: Antialergjike, rezistente ndaj ujit, nxirjes dhe g\u00ebrvishtjeve \u2013 ideale p\u00ebr p\u00ebrdorim t\u00eb p\u00ebrditsh\u00ebm<\/li>\n<li><strong>Stil<\/strong>: Nj\u00eb var\u00ebse personale dhe me kuptim t\u00eb ve\u00e7ant\u00eb, q\u00eb shnd\u00ebrrohet n\u00eb nj\u00eb aksesor plot stil dhe energji pozitive<\/li>\n<\/ul>\n","protected":false},"featured_media":838,"comment_status":"open","ping_status":"closed","template":"","meta":{"neve_meta_sidebar":"","neve_meta_container":"","neve_meta_enable_content_width":"off","neve_meta_content_width":100,"neve_meta_title_alignment":"","neve_meta_author_avatar":"","neve_post_elements_order":"","neve_meta_disable_header":"","neve_meta_disable_footer":"","neve_meta_disable_title":"","_themeisle_gutenberg_block_has_review":false},"product_brand":[],"product_cat":[23],"product_tag":[],"class_list":{"0":"post-837","1":"product","2":"type-product","3":"status-publish","4":"has-post-thumbnail","6":"product_cat-varse","8":"first","9":"instock","10":"shipping-taxable","11":"purchasable","12":"product-type-simple"},"_links":{"self":[{"href":"https:\/\/class-jewelry.com\/index.php\/wp-json\/wp\/v2\/product\/837","targetHints":{"allow":["GET"]}}],"collection":[{"href":"https:\/\/class-jewelry.com\/index.php\/wp-json\/wp\/v2\/product"}],"about":[{"href":"https:\/\/class-jewelry.com\/index.php\/wp-json\/wp\/v2\/types\/product"}],"replies":[{"embeddable":true,"href":"https:\/\/class-jewelry.com\/index.php\/wp-json\/wp\/v2\/comments?post=837"}],"wp:featuredmedia":[{"embeddable":true,"href":"https:\/\/class-jewelry.com\/index.php\/wp-json\/wp\/v2\/media\/838"}],"wp:attachment":[{"href":"https:\/\/class-jewelry.com\/index.php\/wp-json\/wp\/v2\/media?parent=837"}],"wp:term":[{"taxonomy":"product_brand","embeddable":true,"href":"https:\/\/class-jewelry.com\/index.php\/wp-json\/wp\/v2\/product_brand?post=837"},{"taxonomy":"product_cat","embeddable":true,"href":"https:\/\/class-jewelry.com\/index.php\/wp-json\/wp\/v2\/product_cat?post=837"},{"taxonomy":"product_tag","embeddable":true,"href":"https:\/\/class-jewelry.com\/index.php\/wp-json\/wp\/v2\/product_tag?post=837"}],"curies":[{"name":"wp","href":"https:\/\/api.w.org\/{rel}","templated":true}]}}