{"id":842,"date":"2025-08-20T23:53:38","date_gmt":"2025-08-20T21:53:38","guid":{"rendered":"https:\/\/class-jewelry.com\/?post_type=product&#038;p=842"},"modified":"2025-08-20T23:53:38","modified_gmt":"2025-08-20T21:53:38","slug":"varesja-nemi","status":"publish","type":"product","link":"https:\/\/class-jewelry.com\/index.php\/product\/varesja-nemi\/","title":{"rendered":"Var\u00ebsja \u201cNemi\u201d"},"content":{"rendered":"<p>Kjo var\u00ebse me simbolin e peshkut dhe perl\u00eb natyrale \u00ebsht\u00eb nj\u00eb aksesor unik q\u00eb nd\u00ebrthur eleganc\u00ebn klasike me detaje moderne. E punuar me stainless steel 316 dhe e veshur me flori 18K p\u00ebrmes teknologjis\u00eb PVD, ajo ofron nj\u00eb shk\u00eblqim t\u00eb q\u00ebndruesh\u00ebm dhe rezistenc\u00eb ndaj koh\u00ebs. Dizajni i saj i frym\u00ebzuar nga linja luksoze dhe simbolika e peshkut shpreh fines\u00eb, harmonin\u00eb dhe energji pozitive, duke e b\u00ebr\u00eb t\u00eb p\u00ebrsosur p\u00ebr \u00e7do stil. Antialergjik, rezistent ndaj ujit dhe nxirjes, kjo var\u00ebse \u00ebsht\u00eb m\u00eb shum\u00eb se nj\u00eb aksesor \u2013 \u00ebsht\u00eb nj\u00eb detaj q\u00eb ndri\u00e7on \u00e7do pamje dhe e b\u00ebn t\u00eb ndihesh elegante.<\/p>\n","protected":false},"excerpt":{"rendered":"<p>\u25e6 <strong>Material<\/strong>: Stainless Steel 316 \u2013 \u00e7elik inox cil\u00ebsor q\u00eb siguron jet\u00ebgjat\u00ebsi dhe rezistenc\u00eb<\/p>\n<p>\u25e6 <strong>Veshje<\/strong>: I lar\u00eb me flori 18K p\u00ebrmes teknologjis\u00eb PVD \u2013 ngjyr\u00eb e pasur gold dhe shk\u00eblqim q\u00eb nuk zbehet<\/p>\n<p>\u25e6 <strong>Dizajn<\/strong>: Simbol i peshkut me perl\u00eb natyrale \u2013 linja elegante q\u00eb reflekton harmonin\u00eb dhe fines\u00ebn<\/p>\n<p>\u25e6 <strong>Cil\u00ebsi<\/strong>: Antialergjik, rezistent ndaj ujit, g\u00ebrvishtjeve dhe nxirjes<\/p>\n<p>\u25e6 <strong>Stili<\/strong>: Nj\u00eb var\u00ebse q\u00eb i shton sofistikim dhe hijeshi \u00e7do paraqitjeje \u2013 perfekte si p\u00ebr p\u00ebrdorim t\u00eb p\u00ebrditsh\u00ebm, ashtu edhe p\u00ebr raste specia<\/p>\n","protected":false},"featured_media":843,"comment_status":"open","ping_status":"closed","template":"","meta":{"neve_meta_sidebar":"","neve_meta_container":"","neve_meta_enable_content_width":"off","neve_meta_content_width":100,"neve_meta_title_alignment":"","neve_meta_author_avatar":"","neve_post_elements_order":"","neve_meta_disable_header":"","neve_meta_disable_footer":"","neve_meta_disable_title":"","_themeisle_gutenberg_block_has_review":false},"product_brand":[],"product_cat":[23],"product_tag":[],"class_list":{"0":"post-842","1":"product","2":"type-product","3":"status-publish","4":"has-post-thumbnail","6":"product_cat-varse","8":"first","9":"instock","10":"shipping-taxable","11":"purchasable","12":"product-type-simple"},"_links":{"self":[{"href":"https:\/\/class-jewelry.com\/index.php\/wp-json\/wp\/v2\/product\/842","targetHints":{"allow":["GET"]}}],"collection":[{"href":"https:\/\/class-jewelry.com\/index.php\/wp-json\/wp\/v2\/product"}],"about":[{"href":"https:\/\/class-jewelry.com\/index.php\/wp-json\/wp\/v2\/types\/product"}],"replies":[{"embeddable":true,"href":"https:\/\/class-jewelry.com\/index.php\/wp-json\/wp\/v2\/comments?post=842"}],"wp:featuredmedia":[{"embeddable":true,"href":"https:\/\/class-jewelry.com\/index.php\/wp-json\/wp\/v2\/media\/843"}],"wp:attachment":[{"href":"https:\/\/class-jewelry.com\/index.php\/wp-json\/wp\/v2\/media?parent=842"}],"wp:term":[{"taxonomy":"product_brand","embeddable":true,"href":"https:\/\/class-jewelry.com\/index.php\/wp-json\/wp\/v2\/product_brand?post=842"},{"taxonomy":"product_cat","embeddable":true,"href":"https:\/\/class-jewelry.com\/index.php\/wp-json\/wp\/v2\/product_cat?post=842"},{"taxonomy":"product_tag","embeddable":true,"href":"https:\/\/class-jewelry.com\/index.php\/wp-json\/wp\/v2\/product_tag?post=842"}],"curies":[{"name":"wp","href":"https:\/\/api.w.org\/{rel}","templated":true}]}}