{"id":873,"date":"2025-08-21T11:19:44","date_gmt":"2025-08-21T09:19:44","guid":{"rendered":"https:\/\/class-jewelry.com\/?post_type=product&#038;p=873"},"modified":"2025-08-21T11:19:44","modified_gmt":"2025-08-21T09:19:44","slug":"set-ylli-i-perlave","status":"publish","type":"product","link":"https:\/\/class-jewelry.com\/index.php\/product\/set-ylli-i-perlave\/","title":{"rendered":"Set \u201cYlli i Perlave\u201d"},"content":{"rendered":"<p>Ky set \u00ebsht\u00eb krijuar p\u00ebr ata q\u00eb duan nj\u00eb shk\u00eblqim t\u00eb ve\u00e7ant\u00eb n\u00eb \u00e7do detaj \u2728.<\/p>\n<p>I p\u00ebrb\u00ebr\u00eb nga var\u00ebse, unaz\u00eb dhe byzylyk me perl\u00eb dhe simbolin e yllit, ai sjell nj\u00eb kombinim perfekt t\u00eb klasikes dhe modernes.<\/p>\n<p>Punuar n\u00eb Stainless Steel 316 (\u00e7elik) me veshje PVD Gold 18K, ky set \u00ebsht\u00eb i q\u00ebndruesh\u00ebm, antialergjik dhe rezistent ndaj ujit, duke ruajtur shk\u00eblqimin e tij p\u00ebr shum\u00eb koh\u00eb.<\/p>\n","protected":false},"excerpt":{"rendered":"<ul>\n<li>Materiali: Stainless Steel 316 (\u00e7elik) \u2013 cil\u00ebsia m\u00eb e lart\u00eb<\/li>\n<li>Veshje: PVD Gold 18K \u2013 t\u00eb lara n\u00eb flori 18K<\/li>\n<li>Cil\u00ebsi: Antialergjik, nuk nxihet dhe rezistent ndaj ujit<\/li>\n<li>Element\u00ebt kryesor\u00eb:\n<ul>\n<li>Var\u00ebse me perl\u00eb dhe yll \u2013 detaj i ndritsh\u00ebm q\u00eb sjell harmoni<\/li>\n<li>Unaz\u00eb elegante e dekoruar me yll<\/li>\n<li>Byzylyk me perl\u00eb dhe yll \u2013 aksesor i holl\u00eb e delikat<\/li>\n<\/ul>\n<\/li>\n<li><\/li>\n<li>Set i plot\u00eb q\u00eb kombinon klasiken e perl\u00ebs me simbolin e yllit<\/li>\n<\/ul>\n","protected":false},"featured_media":874,"comment_status":"open","ping_status":"closed","template":"","meta":{"neve_meta_sidebar":"","neve_meta_container":"","neve_meta_enable_content_width":"off","neve_meta_content_width":100,"neve_meta_title_alignment":"","neve_meta_author_avatar":"","neve_post_elements_order":"","neve_meta_disable_header":"","neve_meta_disable_footer":"","neve_meta_disable_title":"","_themeisle_gutenberg_block_has_review":false},"product_brand":[],"product_cat":[27],"product_tag":[],"class_list":{"0":"post-873","1":"product","2":"type-product","3":"status-publish","4":"has-post-thumbnail","6":"product_cat-sete","8":"first","9":"instock","10":"shipping-taxable","11":"purchasable","12":"product-type-simple"},"_links":{"self":[{"href":"https:\/\/class-jewelry.com\/index.php\/wp-json\/wp\/v2\/product\/873","targetHints":{"allow":["GET"]}}],"collection":[{"href":"https:\/\/class-jewelry.com\/index.php\/wp-json\/wp\/v2\/product"}],"about":[{"href":"https:\/\/class-jewelry.com\/index.php\/wp-json\/wp\/v2\/types\/product"}],"replies":[{"embeddable":true,"href":"https:\/\/class-jewelry.com\/index.php\/wp-json\/wp\/v2\/comments?post=873"}],"wp:featuredmedia":[{"embeddable":true,"href":"https:\/\/class-jewelry.com\/index.php\/wp-json\/wp\/v2\/media\/874"}],"wp:attachment":[{"href":"https:\/\/class-jewelry.com\/index.php\/wp-json\/wp\/v2\/media?parent=873"}],"wp:term":[{"taxonomy":"product_brand","embeddable":true,"href":"https:\/\/class-jewelry.com\/index.php\/wp-json\/wp\/v2\/product_brand?post=873"},{"taxonomy":"product_cat","embeddable":true,"href":"https:\/\/class-jewelry.com\/index.php\/wp-json\/wp\/v2\/product_cat?post=873"},{"taxonomy":"product_tag","embeddable":true,"href":"https:\/\/class-jewelry.com\/index.php\/wp-json\/wp\/v2\/product_tag?post=873"}],"curies":[{"name":"wp","href":"https:\/\/api.w.org\/{rel}","templated":true}]}}