{"id":883,"date":"2025-08-21T11:38:43","date_gmt":"2025-08-21T09:38:43","guid":{"rendered":"https:\/\/class-jewelry.com\/?post_type=product&#038;p=883"},"modified":"2025-08-21T11:38:43","modified_gmt":"2025-08-21T09:38:43","slug":"vethe-lule","status":"publish","type":"product","link":"https:\/\/class-jewelry.com\/index.php\/product\/vethe-lule\/","title":{"rendered":"V\u00ebth\u00eb \u201cLule\u201d"},"content":{"rendered":"<p>K\u00ebto v\u00ebth\u00eb me lule sjellin nj\u00eb prekje natyrale dhe delikate \ud83c\udf38\u2728.<\/p>\n<p>T\u00eb punuara nga Stainless Steel 316 (\u00e7elik) me veshje PVD Gold 18K, ato jan\u00eb shk\u00eblqyese, t\u00eb q\u00ebndrueshme dhe antialergjike, perfekte p\u00ebr t\u00eb kompletuar \u00e7do stil.<\/p>\n<p>Nj\u00eb aksesor q\u00eb sjell bukuri dhe freski n\u00eb \u00e7do pamje.<\/p>\n","protected":false},"excerpt":{"rendered":"<ul>\n<li><strong>Materiali<\/strong>: Stainless Steel 316 (\u00e7elik) \u2013 cil\u00ebsia m\u00eb e lart\u00eb<\/li>\n<li><strong>Veshje<\/strong>: PVD Gold 18K \u2013 t\u00eb lara n\u00eb flori 18K<\/li>\n<li><strong>Cil\u00ebsi<\/strong>: Antialergjike, nuk nxihet dhe rezistente ndaj ujit<\/li>\n<li><strong>Dizajn<\/strong>: Forma e luleve sjell nj\u00eb look t\u00eb fresk\u00ebt dhe fem\u00ebror<\/li>\n<li><strong>Aksesori<\/strong> perfekt p\u00ebr \u00e7do dit\u00eb ose rast special<\/li>\n<\/ul>\n<p>&nbsp;<\/p>\n<p>&nbsp;<\/p>\n","protected":false},"featured_media":884,"comment_status":"open","ping_status":"closed","template":"","meta":{"neve_meta_sidebar":"","neve_meta_container":"","neve_meta_enable_content_width":"off","neve_meta_content_width":100,"neve_meta_title_alignment":"","neve_meta_author_avatar":"","neve_post_elements_order":"","neve_meta_disable_header":"","neve_meta_disable_footer":"","neve_meta_disable_title":"","_themeisle_gutenberg_block_has_review":false},"product_brand":[],"product_cat":[25],"product_tag":[],"class_list":{"0":"post-883","1":"product","2":"type-product","3":"status-publish","4":"has-post-thumbnail","6":"product_cat-vethe","8":"first","9":"instock","10":"shipping-taxable","11":"purchasable","12":"product-type-simple"},"_links":{"self":[{"href":"https:\/\/class-jewelry.com\/index.php\/wp-json\/wp\/v2\/product\/883","targetHints":{"allow":["GET"]}}],"collection":[{"href":"https:\/\/class-jewelry.com\/index.php\/wp-json\/wp\/v2\/product"}],"about":[{"href":"https:\/\/class-jewelry.com\/index.php\/wp-json\/wp\/v2\/types\/product"}],"replies":[{"embeddable":true,"href":"https:\/\/class-jewelry.com\/index.php\/wp-json\/wp\/v2\/comments?post=883"}],"wp:featuredmedia":[{"embeddable":true,"href":"https:\/\/class-jewelry.com\/index.php\/wp-json\/wp\/v2\/media\/884"}],"wp:attachment":[{"href":"https:\/\/class-jewelry.com\/index.php\/wp-json\/wp\/v2\/media?parent=883"}],"wp:term":[{"taxonomy":"product_brand","embeddable":true,"href":"https:\/\/class-jewelry.com\/index.php\/wp-json\/wp\/v2\/product_brand?post=883"},{"taxonomy":"product_cat","embeddable":true,"href":"https:\/\/class-jewelry.com\/index.php\/wp-json\/wp\/v2\/product_cat?post=883"},{"taxonomy":"product_tag","embeddable":true,"href":"https:\/\/class-jewelry.com\/index.php\/wp-json\/wp\/v2\/product_tag?post=883"}],"curies":[{"name":"wp","href":"https:\/\/api.w.org\/{rel}","templated":true}]}}