{"id":895,"date":"2025-08-21T14:42:07","date_gmt":"2025-08-21T12:42:07","guid":{"rendered":"https:\/\/class-jewelry.com\/?post_type=product&#038;p=895"},"modified":"2025-08-21T14:42:07","modified_gmt":"2025-08-21T12:42:07","slug":"set-petale-3","status":"publish","type":"product","link":"https:\/\/class-jewelry.com\/index.php\/product\/set-petale-3\/","title":{"rendered":"Set \u201cPetale\u201d"},"content":{"rendered":"<h3 data-start=\"136\" data-end=\"207\"><strong data-start=\"140\" data-end=\"207\">Set \u201cPetale\u201d me Lule t\u00eb Kuqe \u2013 Eleganc\u00eb dhe Pasion<\/strong><\/h3>\n<p data-start=\"209\" data-end=\"339\">Ky set p\u00ebrb\u00ebhet nga byzylyk dhe unaz\u00eb me nj\u00eb <strong data-start=\"254\" data-end=\"286\">lule t\u00eb kuqe me kat\u00ebr petale<\/strong>, simbol i dashuris\u00eb, pasionit dhe fuqis\u00eb fem\u00ebrore.<\/p>\n<p data-start=\"341\" data-end=\"476\">Punuar me <strong data-start=\"351\" data-end=\"374\">Stainless Steel 316<\/strong> dhe veshje <strong data-start=\"386\" data-end=\"402\">PVD Gold 18K<\/strong>, seti \u00ebsht\u00eb i q\u00ebndruesh\u00ebm, antialergjik dhe me shk\u00eblqim t\u00eb q\u00ebndruesh\u00ebm.<\/p>\n<p data-start=\"478\" data-end=\"600\">Nj\u00eb aksesor ideal p\u00ebr \u00e7do rast ku d\u00ebshiron t\u00eb shpreh\u00ebsh stilin dhe personalitetin me nj\u00eb prekje t\u00eb zjarrt\u00eb dhe elegante.<\/p>\n","protected":false},"excerpt":{"rendered":"<ul>\n<li data-start=\"203\" data-end=\"395\"><strong data-start=\"203\" data-end=\"217\">Materiali:<\/strong> Stainless Steel 316 \u2013 \u00e7elik cil\u00ebsor dhe i q\u00ebndruesh\u00ebm<\/li>\n<li data-start=\"203\" data-end=\"395\"><strong data-start=\"274\" data-end=\"285\">Veshje:<\/strong> PVD Gold 18K \u2013 shk\u00eblqim luksoz dhe jet\u00ebgjat\u00eb<\/li>\n<li data-start=\"203\" data-end=\"395\"><strong data-start=\"333\" data-end=\"344\">Cil\u00ebsi:<\/strong> Antialergjik, rezistent ndaj ujit dhe nuk nxihet<\/li>\n<li data-start=\"397\" data-end=\"608\"><strong data-start=\"397\" data-end=\"408\">Dizajn:<\/strong><br data-start=\"408\" data-end=\"411\" \/>Seti p\u00ebrfshin byzylyk dhe unaz\u00eb me nj\u00eb <strong data-start=\"450\" data-end=\"476\">lule t\u00eb kuqe t\u00eb gjall\u00eb<\/strong>, simbol i pasionit, dashuris\u00eb dhe fuqis\u00eb. Forma elegante e lules me kat\u00ebr petale i jep setit nj\u00eb prekje t\u00eb ve\u00e7ant\u00eb dhe t\u00ebrheq\u00ebse.<\/li>\n<li data-start=\"610\" data-end=\"683\">\u2764\ufe0f <strong data-start=\"613\" data-end=\"683\">Nj\u00eb kombinim perfekt p\u00ebr t\u2019i dh\u00ebn\u00eb stilit tuaj energji dhe ngjyr\u00eb.<\/strong><\/li>\n<\/ul>\n","protected":false},"featured_media":896,"comment_status":"open","ping_status":"closed","template":"","meta":{"neve_meta_sidebar":"","neve_meta_container":"","neve_meta_enable_content_width":"off","neve_meta_content_width":100,"neve_meta_title_alignment":"","neve_meta_author_avatar":"","neve_post_elements_order":"","neve_meta_disable_header":"","neve_meta_disable_footer":"","neve_meta_disable_title":"","_themeisle_gutenberg_block_has_review":false},"product_brand":[],"product_cat":[27],"product_tag":[],"class_list":{"0":"post-895","1":"product","2":"type-product","3":"status-publish","4":"has-post-thumbnail","6":"product_cat-sete","8":"first","9":"instock","10":"shipping-taxable","11":"purchasable","12":"product-type-simple"},"_links":{"self":[{"href":"https:\/\/class-jewelry.com\/index.php\/wp-json\/wp\/v2\/product\/895","targetHints":{"allow":["GET"]}}],"collection":[{"href":"https:\/\/class-jewelry.com\/index.php\/wp-json\/wp\/v2\/product"}],"about":[{"href":"https:\/\/class-jewelry.com\/index.php\/wp-json\/wp\/v2\/types\/product"}],"replies":[{"embeddable":true,"href":"https:\/\/class-jewelry.com\/index.php\/wp-json\/wp\/v2\/comments?post=895"}],"wp:featuredmedia":[{"embeddable":true,"href":"https:\/\/class-jewelry.com\/index.php\/wp-json\/wp\/v2\/media\/896"}],"wp:attachment":[{"href":"https:\/\/class-jewelry.com\/index.php\/wp-json\/wp\/v2\/media?parent=895"}],"wp:term":[{"taxonomy":"product_brand","embeddable":true,"href":"https:\/\/class-jewelry.com\/index.php\/wp-json\/wp\/v2\/product_brand?post=895"},{"taxonomy":"product_cat","embeddable":true,"href":"https:\/\/class-jewelry.com\/index.php\/wp-json\/wp\/v2\/product_cat?post=895"},{"taxonomy":"product_tag","embeddable":true,"href":"https:\/\/class-jewelry.com\/index.php\/wp-json\/wp\/v2\/product_tag?post=895"}],"curies":[{"name":"wp","href":"https:\/\/api.w.org\/{rel}","templated":true}]}}