{"id":897,"date":"2025-08-21T14:48:13","date_gmt":"2025-08-21T12:48:13","guid":{"rendered":"https:\/\/class-jewelry.com\/?post_type=product&#038;p=897"},"modified":"2025-08-21T14:48:13","modified_gmt":"2025-08-21T12:48:13","slug":"set-ylli","status":"publish","type":"product","link":"https:\/\/class-jewelry.com\/index.php\/product\/set-ylli\/","title":{"rendered":"Set \u201cYlli\u201d"},"content":{"rendered":"<p data-start=\"699\" data-end=\"854\">Ky set i rafinuar dhe i bukur p\u00ebrfshin var\u00ebse, vethe\u00a0 me nj\u00eb <strong data-start=\"771\" data-end=\"791\">yll t\u00eb stilizuar<\/strong>, q\u00eb simbolizon ndri\u00e7imin, frym\u00ebzimin dhe energjin\u00eb pozitive.<\/p>\n<p data-start=\"856\" data-end=\"989\">Punuar me <strong data-start=\"866\" data-end=\"889\">Stainless Steel 316<\/strong> dhe veshje <strong data-start=\"901\" data-end=\"917\">PVD Gold 18K<\/strong>, seti garanton q\u00ebndrueshm\u00ebri dhe komoditet n\u00eb p\u00ebrdorim t\u00eb p\u00ebrditsh\u00ebm.<\/p>\n<p data-start=\"991\" data-end=\"1073\">\u2728 <strong data-start=\"993\" data-end=\"1073\">I p\u00ebrshtatsh\u00ebm p\u00ebr \u00e7do rast, p\u00ebr t\u00eb sjell\u00eb nj\u00eb shk\u00eblqim unik n\u00eb stilin tuaj.<\/strong><\/p>\n","protected":false},"excerpt":{"rendered":"<ul data-start=\"179\" data-end=\"397\">\n<li data-start=\"179\" data-end=\"249\">\n<p data-start=\"181\" data-end=\"249\"><strong data-start=\"181\" data-end=\"195\">Materiali:<\/strong> Stainless Steel 316 \u2013 cil\u00ebsi e lart\u00eb dhe rezistente<\/p>\n<\/li>\n<li data-start=\"251\" data-end=\"314\">\n<p data-start=\"253\" data-end=\"314\"><strong data-start=\"253\" data-end=\"264\">Veshje:<\/strong> PVD Gold 18K \u2013 shk\u00eblqim i ngroht\u00eb dhe jet\u00ebgjat\u00eb<\/p>\n<\/li>\n<li data-start=\"316\" data-end=\"380\">\n<p data-start=\"318\" data-end=\"380\"><strong data-start=\"318\" data-end=\"329\">Cil\u00ebsi:<\/strong> Antialergjik, rezistent ndaj ujit dhe nuk nxihet<\/p>\n<\/li>\n<li data-start=\"382\" data-end=\"397\">\n<p data-start=\"384\" data-end=\"397\"><strong data-start=\"384\" data-end=\"395\">Dizajn:<\/strong>Ky set p\u00ebrmban var\u00ebse, vethe\u00a0 secili me nj\u00eb <strong data-start=\"455\" data-end=\"475\">yll t\u00eb stilizuar<\/strong> si simbol i shpres\u00ebs, udh\u00ebrr\u00ebfyesit dhe \u00ebndrrave q\u00eb nuk shuhet.<\/p>\n<\/li>\n<\/ul>\n<p data-start=\"543\" data-end=\"620\">\u00a0 \u00a0 \u00a0\u2b50 <strong data-start=\"545\" data-end=\"620\">Nj\u00eb aksesor perfekt p\u00ebr t\u00eb shtuar shk\u00eblqim dhe pozitivitet n\u00eb \u00e7do dit\u00eb.<\/strong><\/p>\n","protected":false},"featured_media":898,"comment_status":"open","ping_status":"closed","template":"","meta":{"neve_meta_sidebar":"","neve_meta_container":"","neve_meta_enable_content_width":"off","neve_meta_content_width":100,"neve_meta_title_alignment":"","neve_meta_author_avatar":"","neve_post_elements_order":"","neve_meta_disable_header":"","neve_meta_disable_footer":"","neve_meta_disable_title":"","_themeisle_gutenberg_block_has_review":false},"product_brand":[],"product_cat":[27],"product_tag":[],"class_list":{"0":"post-897","1":"product","2":"type-product","3":"status-publish","4":"has-post-thumbnail","6":"product_cat-sete","8":"first","9":"instock","10":"shipping-taxable","11":"purchasable","12":"product-type-simple"},"_links":{"self":[{"href":"https:\/\/class-jewelry.com\/index.php\/wp-json\/wp\/v2\/product\/897","targetHints":{"allow":["GET"]}}],"collection":[{"href":"https:\/\/class-jewelry.com\/index.php\/wp-json\/wp\/v2\/product"}],"about":[{"href":"https:\/\/class-jewelry.com\/index.php\/wp-json\/wp\/v2\/types\/product"}],"replies":[{"embeddable":true,"href":"https:\/\/class-jewelry.com\/index.php\/wp-json\/wp\/v2\/comments?post=897"}],"wp:featuredmedia":[{"embeddable":true,"href":"https:\/\/class-jewelry.com\/index.php\/wp-json\/wp\/v2\/media\/898"}],"wp:attachment":[{"href":"https:\/\/class-jewelry.com\/index.php\/wp-json\/wp\/v2\/media?parent=897"}],"wp:term":[{"taxonomy":"product_brand","embeddable":true,"href":"https:\/\/class-jewelry.com\/index.php\/wp-json\/wp\/v2\/product_brand?post=897"},{"taxonomy":"product_cat","embeddable":true,"href":"https:\/\/class-jewelry.com\/index.php\/wp-json\/wp\/v2\/product_cat?post=897"},{"taxonomy":"product_tag","embeddable":true,"href":"https:\/\/class-jewelry.com\/index.php\/wp-json\/wp\/v2\/product_tag?post=897"}],"curies":[{"name":"wp","href":"https:\/\/api.w.org\/{rel}","templated":true}]}}