{"id":899,"date":"2025-08-21T14:52:50","date_gmt":"2025-08-21T12:52:50","guid":{"rendered":"https:\/\/class-jewelry.com\/?post_type=product&#038;p=899"},"modified":"2025-08-21T14:52:50","modified_gmt":"2025-08-21T12:52:50","slug":"set-petale-4","status":"publish","type":"product","link":"https:\/\/class-jewelry.com\/index.php\/product\/set-petale-4\/","title":{"rendered":"Set \u201cPetale\u201d"},"content":{"rendered":"<p data-start=\"764\" data-end=\"892\">Set \u201cPetale\u201d me Lule t\u00eb Bardha \u2013 Eleganc\u00eb e Thjesht\u00eb dhe Fem\u00ebrore<\/p>\n<p data-start=\"764\" data-end=\"892\">Ky set p\u00ebrb\u00ebhet nga var\u00ebse dhe byzylyk , vethe me dizajn delikat t\u00eb luleve t\u00eb bardha, q\u00eb simbolizojn\u00eb qet\u00ebsin\u00eb dhe bukurin\u00eb e natyr\u00ebs.<\/p>\n<p data-start=\"894\" data-end=\"1000\">\u2728 <strong data-start=\"896\" data-end=\"910\">Materiali:<\/strong> Stainless Steel 316 me veshje PVD Gold 18K, p\u00ebr rezistenc\u00eb dhe shk\u00eblqim t\u00eb q\u00ebndruesh\u00ebm.<\/p>\n<p data-start=\"1002\" data-end=\"1094\">\ud83c\udf3c <strong data-start=\"1005\" data-end=\"1094\">I p\u00ebrshtatsh\u00ebm p\u00ebr \u00e7do rast, duke sjell\u00eb freski dhe stil t\u00eb rafinuar n\u00eb \u00e7do kombinim.<\/strong><\/p>\n","protected":false},"excerpt":{"rendered":"<ul data-start=\"194\" data-end=\"409\">\n<li data-start=\"194\" data-end=\"266\">\n<p data-start=\"196\" data-end=\"266\"><strong data-start=\"196\" data-end=\"210\">Materiali:<\/strong> Stainless Steel 316 \u2013 \u00e7elik i q\u00ebndruesh\u00ebm dhe cil\u00ebsor<\/p>\n<\/li>\n<li data-start=\"267\" data-end=\"327\">\n<p data-start=\"269\" data-end=\"327\"><strong data-start=\"269\" data-end=\"280\">Veshje:<\/strong> PVD Gold 18K \u2013 shk\u00eblqim luksoz dhe jet\u00ebgjat\u00eb<\/p>\n<\/li>\n<li data-start=\"328\" data-end=\"392\">\n<p data-start=\"330\" data-end=\"392\"><strong data-start=\"330\" data-end=\"341\">Cil\u00ebsi:<\/strong> Antialergjik, rezistent ndaj ujit dhe nuk nxihet<\/p>\n<\/li>\n<li data-start=\"394\" data-end=\"409\">\n<p data-start=\"396\" data-end=\"409\"><strong data-start=\"396\" data-end=\"407\">Dizajn:<\/strong>Ky set elegant p\u00ebrfshin var\u00ebse dhe byzylyk,, vethe\u00a0 secili i zbukuruar me nj\u00eb <strong data-start=\"481\" data-end=\"515\">lule t\u00eb bardh\u00eb me kat\u00ebr petale<\/strong>, simbol i past\u00ebrtis\u00eb, paqes dhe eleganc\u00ebs fem\u00ebrore.<\/p>\n<\/li>\n<\/ul>\n<p data-start=\"571\" data-end=\"669\">\u00a0 \u00a0 \u00a0 \u00a0<strong data-start=\"574\" data-end=\"669\">Nj\u00eb kombinim i but\u00eb dhe delikat p\u00ebr t\u00eb shtuar nj\u00eb prekje freskie dhe hijeshi n\u00eb \u00e7do veshje.<\/strong><\/p>\n","protected":false},"featured_media":900,"comment_status":"open","ping_status":"closed","template":"","meta":{"neve_meta_sidebar":"","neve_meta_container":"","neve_meta_enable_content_width":"off","neve_meta_content_width":100,"neve_meta_title_alignment":"","neve_meta_author_avatar":"","neve_post_elements_order":"","neve_meta_disable_header":"","neve_meta_disable_footer":"","neve_meta_disable_title":"","_themeisle_gutenberg_block_has_review":false},"product_brand":[],"product_cat":[27],"product_tag":[],"class_list":{"0":"post-899","1":"product","2":"type-product","3":"status-publish","4":"has-post-thumbnail","6":"product_cat-sete","8":"first","9":"instock","10":"shipping-taxable","11":"purchasable","12":"product-type-simple"},"_links":{"self":[{"href":"https:\/\/class-jewelry.com\/index.php\/wp-json\/wp\/v2\/product\/899","targetHints":{"allow":["GET"]}}],"collection":[{"href":"https:\/\/class-jewelry.com\/index.php\/wp-json\/wp\/v2\/product"}],"about":[{"href":"https:\/\/class-jewelry.com\/index.php\/wp-json\/wp\/v2\/types\/product"}],"replies":[{"embeddable":true,"href":"https:\/\/class-jewelry.com\/index.php\/wp-json\/wp\/v2\/comments?post=899"}],"wp:featuredmedia":[{"embeddable":true,"href":"https:\/\/class-jewelry.com\/index.php\/wp-json\/wp\/v2\/media\/900"}],"wp:attachment":[{"href":"https:\/\/class-jewelry.com\/index.php\/wp-json\/wp\/v2\/media?parent=899"}],"wp:term":[{"taxonomy":"product_brand","embeddable":true,"href":"https:\/\/class-jewelry.com\/index.php\/wp-json\/wp\/v2\/product_brand?post=899"},{"taxonomy":"product_cat","embeddable":true,"href":"https:\/\/class-jewelry.com\/index.php\/wp-json\/wp\/v2\/product_cat?post=899"},{"taxonomy":"product_tag","embeddable":true,"href":"https:\/\/class-jewelry.com\/index.php\/wp-json\/wp\/v2\/product_tag?post=899"}],"curies":[{"name":"wp","href":"https:\/\/api.w.org\/{rel}","templated":true}]}}