{"id":903,"date":"2025-08-21T15:01:35","date_gmt":"2025-08-21T13:01:35","guid":{"rendered":"https:\/\/class-jewelry.com\/?post_type=product&#038;p=903"},"modified":"2025-08-21T15:01:36","modified_gmt":"2025-08-21T13:01:36","slug":"varese-love-pearl","status":"publish","type":"product","link":"https:\/\/class-jewelry.com\/index.php\/product\/varese-love-pearl\/","title":{"rendered":"Var\u00ebse \u201cLove Pearl\u201d"},"content":{"rendered":"<p data-start=\"677\" data-end=\"821\">Ky aksesor i ve\u00e7ant\u00eb p\u00ebrfshin nj\u00eb perl\u00eb natyrale me shk\u00eblqim t\u00eb but\u00eb dhe nj\u00eb zem\u00ebr t\u00eb art\u00eb, q\u00eb p\u00ebrfaq\u00ebson dashurin\u00eb e past\u00ebr dhe p\u00ebrkushtimin.<\/p>\n<p data-start=\"823\" data-end=\"925\">\u2728 Punuar me Stainless Steel 316 dhe veshje PVD Gold 18K p\u00ebr q\u00ebndrueshm\u00ebri dhe komoditet n\u00eb p\u00ebrdorim.<\/p>\n<p data-start=\"927\" data-end=\"1029\">\u2764\ufe0f <strong data-start=\"930\" data-end=\"1029\">I p\u00ebrshtatsh\u00ebm p\u00ebr \u00e7do dit\u00eb dhe rast special, duke sjell\u00eb nj\u00eb ndjesi t\u00eb ve\u00e7ant\u00eb dhe t\u00eb ngroht\u00eb.<\/strong><\/p>\n","protected":false},"excerpt":{"rendered":"<ul data-start=\"152\" data-end=\"361\">\n<li data-start=\"152\" data-end=\"218\">\n<p data-start=\"154\" data-end=\"218\"><strong data-start=\"154\" data-end=\"168\">Materiali:<\/strong> Stainless Steel 316 \u2013 i q\u00ebndruesh\u00ebm dhe cil\u00ebsor<\/p>\n<\/li>\n<li data-start=\"219\" data-end=\"279\">\n<p data-start=\"221\" data-end=\"279\"><strong data-start=\"221\" data-end=\"232\">Veshje:<\/strong> PVD Gold 18K \u2013 shk\u00eblqim luksoz dhe jet\u00ebgjat\u00eb<\/p>\n<\/li>\n<li data-start=\"280\" data-end=\"344\">\n<p data-start=\"282\" data-end=\"344\"><strong data-start=\"282\" data-end=\"293\">Cil\u00ebsi:<\/strong> Antialergjik, rezistent ndaj ujit dhe nuk nxihet<\/p>\n<\/li>\n<li data-start=\"346\" data-end=\"361\">\n<p data-start=\"348\" data-end=\"361\"><strong data-start=\"348\" data-end=\"359\">Dizajn:<\/strong>Var\u00ebsja kombinon eleganc\u00ebn klasike t\u00eb nj\u00eb perle t\u00eb bukur natyrale me nj\u00eb zem\u00ebr t\u00eb stilizuar, simbol i dashuris\u00eb dhe ndjenjave t\u00eb thella.<\/p>\n<\/li>\n<\/ul>\n<p data-start=\"503\" data-end=\"604\">\u00a0 \u00a0 \u00a0\ud83e\udd0d <strong data-start=\"506\" data-end=\"604\">Nj\u00eb aksesor i thjesht\u00eb por me kuptim, q\u00eb i jep \u00e7do veshjeje nj\u00eb prekje romantike dhe delikate.<\/strong><\/p>\n","protected":false},"featured_media":904,"comment_status":"open","ping_status":"closed","template":"","meta":{"neve_meta_sidebar":"","neve_meta_container":"","neve_meta_enable_content_width":"off","neve_meta_content_width":100,"neve_meta_title_alignment":"","neve_meta_author_avatar":"","neve_post_elements_order":"","neve_meta_disable_header":"","neve_meta_disable_footer":"","neve_meta_disable_title":"","_themeisle_gutenberg_block_has_review":false},"product_brand":[],"product_cat":[23],"product_tag":[],"class_list":{"0":"post-903","1":"product","2":"type-product","3":"status-publish","4":"has-post-thumbnail","6":"product_cat-varse","8":"first","9":"instock","10":"shipping-taxable","11":"purchasable","12":"product-type-simple"},"_links":{"self":[{"href":"https:\/\/class-jewelry.com\/index.php\/wp-json\/wp\/v2\/product\/903","targetHints":{"allow":["GET"]}}],"collection":[{"href":"https:\/\/class-jewelry.com\/index.php\/wp-json\/wp\/v2\/product"}],"about":[{"href":"https:\/\/class-jewelry.com\/index.php\/wp-json\/wp\/v2\/types\/product"}],"replies":[{"embeddable":true,"href":"https:\/\/class-jewelry.com\/index.php\/wp-json\/wp\/v2\/comments?post=903"}],"wp:featuredmedia":[{"embeddable":true,"href":"https:\/\/class-jewelry.com\/index.php\/wp-json\/wp\/v2\/media\/904"}],"wp:attachment":[{"href":"https:\/\/class-jewelry.com\/index.php\/wp-json\/wp\/v2\/media?parent=903"}],"wp:term":[{"taxonomy":"product_brand","embeddable":true,"href":"https:\/\/class-jewelry.com\/index.php\/wp-json\/wp\/v2\/product_brand?post=903"},{"taxonomy":"product_cat","embeddable":true,"href":"https:\/\/class-jewelry.com\/index.php\/wp-json\/wp\/v2\/product_cat?post=903"},{"taxonomy":"product_tag","embeddable":true,"href":"https:\/\/class-jewelry.com\/index.php\/wp-json\/wp\/v2\/product_tag?post=903"}],"curies":[{"name":"wp","href":"https:\/\/api.w.org\/{rel}","templated":true}]}}