{"id":905,"date":"2025-08-21T15:05:43","date_gmt":"2025-08-21T13:05:43","guid":{"rendered":"https:\/\/class-jewelry.com\/?post_type=product&#038;p=905"},"modified":"2025-08-21T15:05:43","modified_gmt":"2025-08-21T13:05:43","slug":"vareseverda","status":"publish","type":"product","link":"https:\/\/class-jewelry.com\/index.php\/product\/vareseverda\/","title":{"rendered":"Var\u00ebse\u201dVerda\u201d"},"content":{"rendered":"<p data-start=\"635\" data-end=\"728\">Ky aksesor unik ka nj\u00eb lule t\u00eb vetme jeshile, q\u00eb p\u00ebrfaq\u00ebson shpres\u00ebn dhe rritjen personale.<\/p>\n<p data-start=\"730\" data-end=\"819\">\u2728 Punuar me Stainless Steel 316 dhe veshje PVD Gold 18K p\u00ebr shk\u00eblqim dhe q\u00ebndrueshm\u00ebri.<\/p>\n<p data-start=\"821\" data-end=\"919\">\ud83c\udf3f <strong data-start=\"824\" data-end=\"919\">I p\u00ebrshtatsh\u00ebm p\u00ebr \u00e7do dit\u00eb, duke sjell\u00eb nj\u00eb prekje t\u00eb natyr\u00ebs dhe bukuris\u00eb n\u00eb stilin tuaj.<\/strong><\/p>\n","protected":false},"excerpt":{"rendered":"<ul data-start=\"152\" data-end=\"361\">\n<li data-start=\"152\" data-end=\"218\">\n<p data-start=\"154\" data-end=\"218\"><strong data-start=\"154\" data-end=\"168\">Materiali:<\/strong> Stainless Steel 316 \u2013 i q\u00ebndruesh\u00ebm dhe cil\u00ebsor<\/p>\n<\/li>\n<li data-start=\"219\" data-end=\"279\">\n<p data-start=\"221\" data-end=\"279\"><strong data-start=\"221\" data-end=\"232\">Veshje:<\/strong> PVD Gold 18K \u2013 shk\u00eblqim luksoz dhe jet\u00ebgjat\u00eb<\/p>\n<\/li>\n<li data-start=\"280\" data-end=\"344\">\n<p data-start=\"282\" data-end=\"344\"><strong data-start=\"282\" data-end=\"293\">Cil\u00ebsi:<\/strong> Antialergjik, rezistent ndaj ujit dhe nuk nxihet<\/p>\n<\/li>\n<li data-start=\"346\" data-end=\"361\">\n<p data-start=\"348\" data-end=\"361\"><strong data-start=\"348\" data-end=\"359\">Dizajn:<\/strong>Var\u00ebsja \u00ebsht\u00eb e zbukuruar me nj\u00eb lule t\u00eb vetme jeshile, simbol i rigjall\u00ebrimit, natyr\u00ebs dhe energjis\u00eb pozitive.<\/p>\n<\/li>\n<\/ul>\n<p data-start=\"478\" data-end=\"563\">\ud83d\udc9a <strong data-start=\"481\" data-end=\"563\">Nj\u00eb aksesor i fresk\u00ebt dhe delikat, q\u00eb sjell gjall\u00ebri dhe stil n\u00eb \u00e7do kombinim.<\/strong><\/p>\n","protected":false},"featured_media":906,"comment_status":"open","ping_status":"closed","template":"","meta":{"neve_meta_sidebar":"","neve_meta_container":"","neve_meta_enable_content_width":"off","neve_meta_content_width":100,"neve_meta_title_alignment":"","neve_meta_author_avatar":"","neve_post_elements_order":"","neve_meta_disable_header":"","neve_meta_disable_footer":"","neve_meta_disable_title":"","_themeisle_gutenberg_block_has_review":false},"product_brand":[],"product_cat":[23],"product_tag":[],"class_list":{"0":"post-905","1":"product","2":"type-product","3":"status-publish","4":"has-post-thumbnail","6":"product_cat-varse","8":"first","9":"instock","10":"shipping-taxable","11":"purchasable","12":"product-type-simple"},"_links":{"self":[{"href":"https:\/\/class-jewelry.com\/index.php\/wp-json\/wp\/v2\/product\/905","targetHints":{"allow":["GET"]}}],"collection":[{"href":"https:\/\/class-jewelry.com\/index.php\/wp-json\/wp\/v2\/product"}],"about":[{"href":"https:\/\/class-jewelry.com\/index.php\/wp-json\/wp\/v2\/types\/product"}],"replies":[{"embeddable":true,"href":"https:\/\/class-jewelry.com\/index.php\/wp-json\/wp\/v2\/comments?post=905"}],"wp:featuredmedia":[{"embeddable":true,"href":"https:\/\/class-jewelry.com\/index.php\/wp-json\/wp\/v2\/media\/906"}],"wp:attachment":[{"href":"https:\/\/class-jewelry.com\/index.php\/wp-json\/wp\/v2\/media?parent=905"}],"wp:term":[{"taxonomy":"product_brand","embeddable":true,"href":"https:\/\/class-jewelry.com\/index.php\/wp-json\/wp\/v2\/product_brand?post=905"},{"taxonomy":"product_cat","embeddable":true,"href":"https:\/\/class-jewelry.com\/index.php\/wp-json\/wp\/v2\/product_cat?post=905"},{"taxonomy":"product_tag","embeddable":true,"href":"https:\/\/class-jewelry.com\/index.php\/wp-json\/wp\/v2\/product_tag?post=905"}],"curies":[{"name":"wp","href":"https:\/\/api.w.org\/{rel}","templated":true}]}}