{"id":911,"date":"2025-08-21T15:18:07","date_gmt":"2025-08-21T13:18:07","guid":{"rendered":"https:\/\/class-jewelry.com\/?post_type=product&#038;p=911"},"modified":"2025-08-21T15:18:07","modified_gmt":"2025-08-21T13:18:07","slug":"byzylyk-tennis","status":"publish","type":"product","link":"https:\/\/class-jewelry.com\/index.php\/product\/byzylyk-tennis\/","title":{"rendered":"Byzylyk \u201cTennis\u201d"},"content":{"rendered":"<p data-start=\"789\" data-end=\"963\">Ky byzylyk p\u00ebrfaq\u00ebson balanc\u00ebn perfekte mes thjesht\u00ebsis\u00eb dhe luksit.<br data-start=\"857\" data-end=\"860\" \/>Me nj\u00eb linj\u00eb t\u00eb past\u00ebr kristalesh q\u00eb ndri\u00e7ojn\u00eb n\u00eb drit\u00eb, ai \u00ebsht\u00eb simbol i fines\u00ebs dhe shijes s\u00eb holl\u00eb.<\/p>\n<p data-start=\"965\" data-end=\"1088\">\u2728 I punuar me <strong data-start=\"979\" data-end=\"997\">\u00e7elik inox 316<\/strong> dhe i veshur me <strong data-start=\"1014\" data-end=\"1030\">PVD Gold 18K<\/strong>, q\u00eb nuk nxihet dhe ruan shk\u00eblqimin p\u00ebr nj\u00eb koh\u00eb t\u00eb gjat\u00eb.<\/p>\n<p data-start=\"1090\" data-end=\"1212\">\ud83d\udcab <strong data-start=\"1093\" data-end=\"1212\">Byzylyku \u201cTennis\u201d \u00ebsht\u00eb zgjedhja ideale p\u00ebr t\u00eb kompletuar \u00e7do veshje me nj\u00eb prekje t\u00eb ndritshme dhe t\u00eb sofistikuar.<\/strong><\/p>\n","protected":false},"excerpt":{"rendered":"<h3 data-start=\"128\" data-end=\"184\"><\/h3>\n<ul data-start=\"186\" data-end=\"584\">\n<li data-start=\"186\" data-end=\"273\">\n<p data-start=\"188\" data-end=\"273\"><strong data-start=\"188\" data-end=\"202\">Materiali:<\/strong> Stainless Steel 316 \u2013 cil\u00ebsi e lart\u00eb, i q\u00ebndruesh\u00ebm dhe antialergjik<\/p>\n<\/li>\n<li data-start=\"274\" data-end=\"337\">\n<p data-start=\"276\" data-end=\"337\"><strong data-start=\"276\" data-end=\"287\">Veshje:<\/strong> PVD Gold 18K \u2013 shk\u00eblqim i ngroht\u00eb dhe jet\u00ebgjat\u00eb<\/p>\n<\/li>\n<li data-start=\"338\" data-end=\"391\">\n<p data-start=\"340\" data-end=\"391\"><strong data-start=\"340\" data-end=\"350\">Stili:<\/strong> Minimal, i rafinuar dhe i gjithmonsh\u00ebm<\/p>\n<\/li>\n<li data-start=\"393\" data-end=\"584\">\n<p data-start=\"395\" data-end=\"584\"><strong data-start=\"395\" data-end=\"406\">Dizajn:<\/strong><br data-start=\"406\" data-end=\"409\" \/>Byzylyku \u201cTennis\u201d \u00ebsht\u00eb i njohur p\u00ebr rreshtin e kristaleve t\u00eb vogla dhe t\u00eb ndritshme, t\u00eb vendosura me sakt\u00ebsi, q\u00eb krijojn\u00eb nj\u00eb pamje t\u00eb pand\u00ebrprer\u00eb dhe shum\u00eb t\u00eb sofistikuar.<\/p>\n<\/li>\n<\/ul>\n<p data-start=\"586\" data-end=\"702\">\ud83d\udc8e <strong data-start=\"589\" data-end=\"637\">Nj\u00eb aksesor klasik q\u00eb nuk del kurr\u00eb nga moda<\/strong>, i p\u00ebrshtatsh\u00ebm p\u00ebr veshje t\u00eb p\u00ebrditshme dhe p\u00ebr raste elegante.<\/p>\n","protected":false},"featured_media":912,"comment_status":"open","ping_status":"closed","template":"","meta":{"neve_meta_sidebar":"","neve_meta_container":"","neve_meta_enable_content_width":"off","neve_meta_content_width":100,"neve_meta_title_alignment":"","neve_meta_author_avatar":"","neve_post_elements_order":"","neve_meta_disable_header":"","neve_meta_disable_footer":"","neve_meta_disable_title":"","_themeisle_gutenberg_block_has_review":false},"product_brand":[],"product_cat":[26],"product_tag":[],"class_list":{"0":"post-911","1":"product","2":"type-product","3":"status-publish","4":"has-post-thumbnail","6":"product_cat-byrzylyk","8":"first","9":"instock","10":"shipping-taxable","11":"purchasable","12":"product-type-simple"},"_links":{"self":[{"href":"https:\/\/class-jewelry.com\/index.php\/wp-json\/wp\/v2\/product\/911","targetHints":{"allow":["GET"]}}],"collection":[{"href":"https:\/\/class-jewelry.com\/index.php\/wp-json\/wp\/v2\/product"}],"about":[{"href":"https:\/\/class-jewelry.com\/index.php\/wp-json\/wp\/v2\/types\/product"}],"replies":[{"embeddable":true,"href":"https:\/\/class-jewelry.com\/index.php\/wp-json\/wp\/v2\/comments?post=911"}],"wp:featuredmedia":[{"embeddable":true,"href":"https:\/\/class-jewelry.com\/index.php\/wp-json\/wp\/v2\/media\/912"}],"wp:attachment":[{"href":"https:\/\/class-jewelry.com\/index.php\/wp-json\/wp\/v2\/media?parent=911"}],"wp:term":[{"taxonomy":"product_brand","embeddable":true,"href":"https:\/\/class-jewelry.com\/index.php\/wp-json\/wp\/v2\/product_brand?post=911"},{"taxonomy":"product_cat","embeddable":true,"href":"https:\/\/class-jewelry.com\/index.php\/wp-json\/wp\/v2\/product_cat?post=911"},{"taxonomy":"product_tag","embeddable":true,"href":"https:\/\/class-jewelry.com\/index.php\/wp-json\/wp\/v2\/product_tag?post=911"}],"curies":[{"name":"wp","href":"https:\/\/api.w.org\/{rel}","templated":true}]}}