{"id":913,"date":"2025-08-21T15:21:40","date_gmt":"2025-08-21T13:21:40","guid":{"rendered":"https:\/\/class-jewelry.com\/?post_type=product&#038;p=913"},"modified":"2025-08-21T15:21:40","modified_gmt":"2025-08-21T13:21:40","slug":"set-guaske","status":"publish","type":"product","link":"https:\/\/class-jewelry.com\/index.php\/product\/set-guaske\/","title":{"rendered":"Set \u201cGuaske\u201d"},"content":{"rendered":"<p data-start=\"845\" data-end=\"1021\">Me nj\u00eb frym\u00eb minimaliste dhe natyrore, ky set p\u00ebrfshin nj\u00eb var\u00ebse dhe nj\u00eb byzylyk t\u00eb zbukuruar me <strong data-start=\"943\" data-end=\"962\">guask\u00eb natyrale<\/strong>, duke krijuar nj\u00eb pamje t\u00eb qet\u00eb, t\u00eb past\u00ebr dhe t\u00eb ve\u00e7ant\u00eb.<\/p>\n<p data-start=\"1023\" data-end=\"1250\">\u2728 E punuar nga <strong data-start=\"1038\" data-end=\"1056\">\u00e7elik inox 316<\/strong> dhe e veshur me <strong data-start=\"1073\" data-end=\"1097\">flori 18K (PVD Gold)<\/strong> p\u00ebr nj\u00eb shk\u00eblqim t\u00eb ngroht\u00eb q\u00eb q\u00ebndron gjat\u00eb.<br data-start=\"1143\" data-end=\"1146\" \/>Guaska sjell me vete ndjesin\u00eb e freskis\u00eb s\u00eb detit dhe nj\u00eb prekje autentike n\u00eb stilin t\u00ebnd t\u00eb p\u00ebrditsh\u00ebm.<\/p>\n<p data-start=\"1252\" data-end=\"1352\">\n","protected":false},"excerpt":{"rendered":"<ul>\n<li data-start=\"196\" data-end=\"269\">\n<p data-start=\"198\" data-end=\"269\"><strong data-start=\"198\" data-end=\"212\">Materiali:<\/strong> Stainless Steel 316 \u2013 cil\u00ebsi e lart\u00eb dhe i q\u00ebndruesh\u00ebm<\/p>\n<\/li>\n<li data-start=\"270\" data-end=\"333\">\n<p data-start=\"272\" data-end=\"333\"><strong data-start=\"272\" data-end=\"283\">Veshje:<\/strong> PVD Gold 18K \u2013 shk\u00eblqim i ngroht\u00eb dhe jet\u00ebgjat\u00eb<\/p>\n<\/li>\n<li data-start=\"334\" data-end=\"405\">\n<p data-start=\"336\" data-end=\"405\"><strong data-start=\"336\" data-end=\"347\">Detaje:<\/strong> Guask\u00eb natyrale \u2013 \u00e7do cop\u00eb unike n\u00eb ngjyr\u00eb dhe tekstur\u00eb<\/p>\n<\/li>\n<li data-start=\"407\" data-end=\"654\">\n<p data-start=\"409\" data-end=\"654\"><strong data-start=\"409\" data-end=\"420\">Dizajn:<\/strong>Ky set i p\u00ebrb\u00ebr\u00eb nga var\u00ebse dhe byzylyk sjell eleganc\u00ebn e natyr\u00ebs n\u00eb nj\u00eb form\u00eb t\u00eb thjesht\u00eb por t\u00eb rafinuar.<br data-start=\"530\" data-end=\"533\" \/>Guaska, simbol i feminitetit dhe mbrojtjes, i shton aksesor\u00ebve nj\u00eb ndjesi t\u00eb thell\u00eb lidhjeje me detin dhe bot\u00ebn natyrore.<\/p>\n<\/li>\n<\/ul>\n","protected":false},"featured_media":914,"comment_status":"open","ping_status":"closed","template":"","meta":{"neve_meta_sidebar":"","neve_meta_container":"","neve_meta_enable_content_width":"off","neve_meta_content_width":100,"neve_meta_title_alignment":"","neve_meta_author_avatar":"","neve_post_elements_order":"","neve_meta_disable_header":"","neve_meta_disable_footer":"","neve_meta_disable_title":"","_themeisle_gutenberg_block_has_review":false},"product_brand":[],"product_cat":[27],"product_tag":[],"class_list":{"0":"post-913","1":"product","2":"type-product","3":"status-publish","4":"has-post-thumbnail","6":"product_cat-sete","8":"first","9":"instock","10":"shipping-taxable","11":"purchasable","12":"product-type-simple"},"_links":{"self":[{"href":"https:\/\/class-jewelry.com\/index.php\/wp-json\/wp\/v2\/product\/913","targetHints":{"allow":["GET"]}}],"collection":[{"href":"https:\/\/class-jewelry.com\/index.php\/wp-json\/wp\/v2\/product"}],"about":[{"href":"https:\/\/class-jewelry.com\/index.php\/wp-json\/wp\/v2\/types\/product"}],"replies":[{"embeddable":true,"href":"https:\/\/class-jewelry.com\/index.php\/wp-json\/wp\/v2\/comments?post=913"}],"wp:featuredmedia":[{"embeddable":true,"href":"https:\/\/class-jewelry.com\/index.php\/wp-json\/wp\/v2\/media\/914"}],"wp:attachment":[{"href":"https:\/\/class-jewelry.com\/index.php\/wp-json\/wp\/v2\/media?parent=913"}],"wp:term":[{"taxonomy":"product_brand","embeddable":true,"href":"https:\/\/class-jewelry.com\/index.php\/wp-json\/wp\/v2\/product_brand?post=913"},{"taxonomy":"product_cat","embeddable":true,"href":"https:\/\/class-jewelry.com\/index.php\/wp-json\/wp\/v2\/product_cat?post=913"},{"taxonomy":"product_tag","embeddable":true,"href":"https:\/\/class-jewelry.com\/index.php\/wp-json\/wp\/v2\/product_tag?post=913"}],"curies":[{"name":"wp","href":"https:\/\/api.w.org\/{rel}","templated":true}]}}