{"id":915,"date":"2025-08-21T15:24:20","date_gmt":"2025-08-21T13:24:20","guid":{"rendered":"https:\/\/class-jewelry.com\/?post_type=product&#038;p=915"},"modified":"2025-08-21T15:24:20","modified_gmt":"2025-08-21T13:24:20","slug":"vethe-hoops","status":"publish","type":"product","link":"https:\/\/class-jewelry.com\/index.php\/product\/vethe-hoops\/","title":{"rendered":"Vethe \u201cHoops\u201d"},"content":{"rendered":"<p data-start=\"729\" data-end=\"982\">K\u00ebto vethe hoops jan\u00eb nj\u00eb klasik i mod\u00ebs q\u00eb nuk njeh koh\u00eb.<br data-start=\"787\" data-end=\"790\" \/>T\u00eb punuara me <strong data-start=\"804\" data-end=\"822\">\u00e7elik inox 316<\/strong> dhe t\u00eb veshura me <strong data-start=\"841\" data-end=\"860\">flori 18K (PVD)<\/strong>, ato jan\u00eb rezistente, t\u00eb lehta dhe antialergjike \u2013 t\u00eb p\u00ebrshtatshme p\u00ebr p\u00ebrdorim t\u00eb p\u00ebrditsh\u00ebm apo p\u00ebr nj\u00eb dalje elegante.<\/p>\n<p data-start=\"984\" data-end=\"1125\">\u2728 Forma e tyre simbolizojn\u00eb <strong data-start=\"1015\" data-end=\"1041\">plot\u00ebsin\u00eb dhe qet\u00ebsin\u00eb<\/strong>, nd\u00ebrsa dizajni minimalist lejon q\u00eb t\u00eb kombinohen leht\u00ebsisht me \u00e7do aksesor tjet\u00ebr.<\/p>\n<p data-start=\"1127\" data-end=\"1184\">\ud83c\udf1f <strong data-start=\"1130\" data-end=\"1184\">Nj\u00eb investim i vog\u00ebl n\u00eb stilin t\u00ebnd t\u00eb p\u00ebrditsh\u00ebm.<\/strong><\/p>\n","protected":false},"excerpt":{"rendered":"<ul data-start=\"161\" data-end=\"507\">\n<li data-start=\"161\" data-end=\"248\">\n<p data-start=\"163\" data-end=\"248\"><strong data-start=\"163\" data-end=\"177\">Materiali:<\/strong> Stainless Steel 316 \u2013 cil\u00ebsi e lart\u00eb, i q\u00ebndruesh\u00ebm dhe antialergjik<\/p>\n<\/li>\n<li data-start=\"249\" data-end=\"313\">\n<p data-start=\"251\" data-end=\"313\"><strong data-start=\"251\" data-end=\"262\">Veshje:<\/strong> PVD Gold 18K \u2013 shk\u00eblqim i ngroht\u00eb, q\u00eb nuk zbehet<\/p>\n<\/li>\n<li data-start=\"314\" data-end=\"363\">\n<p data-start=\"316\" data-end=\"363\"><strong data-start=\"316\" data-end=\"325\">Stil:<\/strong> Rreth klasik me p\u00ebrfundim t\u00eb l\u00ebmuar<\/p>\n<\/li>\n<li data-start=\"365\" data-end=\"507\">\n<p data-start=\"367\" data-end=\"507\"><strong data-start=\"367\" data-end=\"378\">Dizajn:<\/strong>Veth\u00eb t\u00eb katror\u00a0 , t\u00eb thjesht\u00eb dhe t\u00eb p\u00ebrjetsh\u00ebm \u2013 t\u00eb njohur si <strong data-start=\"449\" data-end=\"460\">\u201choops\u201d<\/strong>, q\u00eb kombinohen me \u00e7do stil dhe p\u00ebr \u00e7do rast.<\/p>\n<\/li>\n<\/ul>\n<p data-start=\"509\" data-end=\"652\">\ud83d\udd38 <strong data-start=\"512\" data-end=\"583\">T\u00eb leht\u00eb p\u00ebr t\u2019u mbajtur dhe t\u00eb mjaftuesh\u00ebm p\u00ebr t\u00eb b\u00ebr\u00eb diferenc\u00ebn.<\/strong><\/p>\n","protected":false},"featured_media":916,"comment_status":"open","ping_status":"closed","template":"","meta":{"neve_meta_sidebar":"","neve_meta_container":"","neve_meta_enable_content_width":"off","neve_meta_content_width":100,"neve_meta_title_alignment":"","neve_meta_author_avatar":"","neve_post_elements_order":"","neve_meta_disable_header":"","neve_meta_disable_footer":"","neve_meta_disable_title":"","_themeisle_gutenberg_block_has_review":false},"product_brand":[],"product_cat":[25],"product_tag":[],"class_list":{"0":"post-915","1":"product","2":"type-product","3":"status-publish","4":"has-post-thumbnail","6":"product_cat-vethe","8":"first","9":"instock","10":"shipping-taxable","11":"purchasable","12":"product-type-simple"},"_links":{"self":[{"href":"https:\/\/class-jewelry.com\/index.php\/wp-json\/wp\/v2\/product\/915","targetHints":{"allow":["GET"]}}],"collection":[{"href":"https:\/\/class-jewelry.com\/index.php\/wp-json\/wp\/v2\/product"}],"about":[{"href":"https:\/\/class-jewelry.com\/index.php\/wp-json\/wp\/v2\/types\/product"}],"replies":[{"embeddable":true,"href":"https:\/\/class-jewelry.com\/index.php\/wp-json\/wp\/v2\/comments?post=915"}],"wp:featuredmedia":[{"embeddable":true,"href":"https:\/\/class-jewelry.com\/index.php\/wp-json\/wp\/v2\/media\/916"}],"wp:attachment":[{"href":"https:\/\/class-jewelry.com\/index.php\/wp-json\/wp\/v2\/media?parent=915"}],"wp:term":[{"taxonomy":"product_brand","embeddable":true,"href":"https:\/\/class-jewelry.com\/index.php\/wp-json\/wp\/v2\/product_brand?post=915"},{"taxonomy":"product_cat","embeddable":true,"href":"https:\/\/class-jewelry.com\/index.php\/wp-json\/wp\/v2\/product_cat?post=915"},{"taxonomy":"product_tag","embeddable":true,"href":"https:\/\/class-jewelry.com\/index.php\/wp-json\/wp\/v2\/product_tag?post=915"}],"curies":[{"name":"wp","href":"https:\/\/api.w.org\/{rel}","templated":true}]}}