{"id":917,"date":"2025-08-21T15:32:29","date_gmt":"2025-08-21T13:32:29","guid":{"rendered":"https:\/\/class-jewelry.com\/?post_type=product&#038;p=917"},"modified":"2025-08-21T15:32:29","modified_gmt":"2025-08-21T13:32:29","slug":"varese-pearl","status":"publish","type":"product","link":"https:\/\/class-jewelry.com\/index.php\/product\/varese-pearl\/","title":{"rendered":"Var\u00ebse \u201cPearl\u201d"},"content":{"rendered":"<p>&nbsp;<\/p>\n<p data-start=\"780\" data-end=\"972\">Kjo var\u00ebse unike \u00ebsht\u00eb nj\u00eb p\u00ebrqafim i dy simboleve t\u00eb p\u00ebrjetshme:<br data-start=\"845\" data-end=\"848\" \/>\u2728 <strong data-start=\"850\" data-end=\"861\">Perlave<\/strong>, q\u00eb p\u00ebrfaq\u00ebsojn\u00eb past\u00ebrtin\u00eb dhe hijeshin\u00eb<br data-start=\"903\" data-end=\"906\" \/>\u2764\ufe0f Dhe <strong data-start=\"913\" data-end=\"923\">zemr\u00ebs<\/strong>, q\u00eb simbolizon dashurin\u00eb, kujtimin dhe ndjesin\u00eb.<\/p>\n<p data-start=\"974\" data-end=\"1122\">Me p\u00ebrla t\u00eb vendosura bukur rreth qaf\u00ebs dhe nj\u00eb zem\u00ebr t\u00eb art\u00eb n\u00eb qend\u00ebr, ky aksesor \u00ebsht\u00eb krijuar p\u00ebr t\u00eb ndri\u00e7uar \u00e7do moment me thjesht\u00ebsi dhe klas.<\/p>\n<p data-start=\"1124\" data-end=\"1242\">E punuar me <strong data-start=\"1136\" data-end=\"1154\">\u00e7elik inox 316<\/strong> dhe <strong data-start=\"1159\" data-end=\"1181\">veshje floriri 18K<\/strong>, ofron q\u00ebndrueshm\u00ebri, eleganc\u00eb dhe rehat gjat\u00eb gjith\u00eb dit\u00ebs.<\/p>\n<p data-start=\"1244\" data-end=\"1320\">\ud83c\udf1f <strong data-start=\"1247\" data-end=\"1320\">P\u00ebr dit\u00ebt kur d\u00ebshiron t\u00eb ndjesh dashuri edhe n\u00eb detajet m\u00eb t\u00eb vogla.v<\/strong><\/p>\n","protected":false},"excerpt":{"rendered":"<ul data-start=\"203\" data-end=\"609\">\n<li data-start=\"203\" data-end=\"270\">\n<p data-start=\"205\" data-end=\"270\"><strong data-start=\"205\" data-end=\"219\">Materiali:<\/strong> Stainless Steel 316 \u2013 rezistent dhe antialergjik<\/p>\n<\/li>\n<li data-start=\"271\" data-end=\"331\">\n<p data-start=\"273\" data-end=\"331\"><strong data-start=\"273\" data-end=\"284\">Veshje:<\/strong> PVD Gold 18K \u2013 shk\u00eblqim luksoz dhe jet\u00ebgjat\u00eb<\/p>\n<\/li>\n<li data-start=\"332\" data-end=\"409\">\n<p data-start=\"334\" data-end=\"409\"><strong data-start=\"334\" data-end=\"345\">Detaje:<\/strong> Perla t\u00eb rregulluara rreth qaf\u00ebs &amp; nj\u00eb zem\u00ebr e art\u00eb n\u00eb qend\u00ebr<\/p>\n<\/li>\n<li data-start=\"411\" data-end=\"609\">\n<p data-start=\"413\" data-end=\"609\"><strong data-start=\"413\" data-end=\"424\">Dizajn:<\/strong>Kjo var\u00ebse kombinon <strong data-start=\"447\" data-end=\"469\">klasik\u00ebn e perlave<\/strong> me but\u00ebsin\u00eb e nj\u00eb <strong data-start=\"488\" data-end=\"512\">zemre t\u00eb art\u00eb n\u00eb mes<\/strong>, duke krijuar nj\u00eb aksesor q\u00eb simbolizon <strong data-start=\"553\" data-end=\"608\">dashurin\u00eb, eleganc\u00ebn dhe feminilitetin e p\u00ebrjetsh\u00ebm<\/strong>.<\/p>\n<\/li>\n<\/ul>\n<p data-start=\"611\" data-end=\"701\">\ud83e\udd0d <strong data-start=\"614\" data-end=\"701\">Nj\u00eb zgjedhje e p\u00ebrsosur p\u00ebr t\u00eb reflektuar ndjeshm\u00ebrin\u00eb dhe stili<\/strong><\/p>\n","protected":false},"featured_media":918,"comment_status":"open","ping_status":"closed","template":"","meta":{"neve_meta_sidebar":"","neve_meta_container":"","neve_meta_enable_content_width":"off","neve_meta_content_width":100,"neve_meta_title_alignment":"","neve_meta_author_avatar":"","neve_post_elements_order":"","neve_meta_disable_header":"","neve_meta_disable_footer":"","neve_meta_disable_title":"","_themeisle_gutenberg_block_has_review":false},"product_brand":[],"product_cat":[23],"product_tag":[],"class_list":{"0":"post-917","1":"product","2":"type-product","3":"status-publish","4":"has-post-thumbnail","6":"product_cat-varse","8":"first","9":"instock","10":"shipping-taxable","11":"purchasable","12":"product-type-simple"},"_links":{"self":[{"href":"https:\/\/class-jewelry.com\/index.php\/wp-json\/wp\/v2\/product\/917","targetHints":{"allow":["GET"]}}],"collection":[{"href":"https:\/\/class-jewelry.com\/index.php\/wp-json\/wp\/v2\/product"}],"about":[{"href":"https:\/\/class-jewelry.com\/index.php\/wp-json\/wp\/v2\/types\/product"}],"replies":[{"embeddable":true,"href":"https:\/\/class-jewelry.com\/index.php\/wp-json\/wp\/v2\/comments?post=917"}],"wp:featuredmedia":[{"embeddable":true,"href":"https:\/\/class-jewelry.com\/index.php\/wp-json\/wp\/v2\/media\/918"}],"wp:attachment":[{"href":"https:\/\/class-jewelry.com\/index.php\/wp-json\/wp\/v2\/media?parent=917"}],"wp:term":[{"taxonomy":"product_brand","embeddable":true,"href":"https:\/\/class-jewelry.com\/index.php\/wp-json\/wp\/v2\/product_brand?post=917"},{"taxonomy":"product_cat","embeddable":true,"href":"https:\/\/class-jewelry.com\/index.php\/wp-json\/wp\/v2\/product_cat?post=917"},{"taxonomy":"product_tag","embeddable":true,"href":"https:\/\/class-jewelry.com\/index.php\/wp-json\/wp\/v2\/product_tag?post=917"}],"curies":[{"name":"wp","href":"https:\/\/api.w.org\/{rel}","templated":true}]}}