{"id":922,"date":"2025-08-21T15:38:53","date_gmt":"2025-08-21T13:38:53","guid":{"rendered":"https:\/\/class-jewelry.com\/?post_type=product&#038;p=922"},"modified":"2025-08-21T15:38:53","modified_gmt":"2025-08-21T13:38:53","slug":"set-harmony","status":"publish","type":"product","link":"https:\/\/class-jewelry.com\/index.php\/product\/set-harmony\/","title":{"rendered":"Set \u201c Harmony\u201d"},"content":{"rendered":"<p data-start=\"784\" data-end=\"868\">Ky set p\u00ebrmban tre aksesor\u00eb t\u00eb dizajnuar p\u00ebr t\u2019u kompletuar n\u00eb m\u00ebnyr\u00eb t\u00eb p\u00ebrkryer:<\/p>\n<ul data-start=\"869\" data-end=\"1045\">\n<li data-start=\"869\" data-end=\"927\">\n<p data-start=\"871\" data-end=\"927\"><strong data-start=\"871\" data-end=\"891\">Var\u00ebse elegante,<\/strong> q\u00eb thekson feminitetin dhe stilin<\/p>\n<\/li>\n<li data-start=\"928\" data-end=\"992\">\n<p data-start=\"930\" data-end=\"992\"><strong data-start=\"930\" data-end=\"949\">Unaz\u00eb delikate,<\/strong> p\u00ebr nj\u00eb prekje t\u00eb ve\u00e7ant\u00eb n\u00eb \u00e7do l\u00ebvizje<\/p>\n<\/li>\n<li data-start=\"993\" data-end=\"1045\">\n<p data-start=\"995\" data-end=\"1045\"><strong data-start=\"995\" data-end=\"1018\">Byzylyk i rafinuar,<\/strong> q\u00eb mban stilin n\u00eb \u00e7do rast<\/p>\n<\/li>\n<\/ul>\n<p data-start=\"1047\" data-end=\"1194\">T\u00eb punuar me <strong data-start=\"1060\" data-end=\"1078\">\u00e7elik inox 316<\/strong> dhe t\u00eb veshur me <strong data-start=\"1096\" data-end=\"1115\">flori 18K (PVD)<\/strong>, k\u00ebta aksesor\u00eb jan\u00eb rezistent\u00eb ndaj njollave dhe kan\u00eb shk\u00eblqim t\u00eb q\u00ebndruesh\u00ebm.<\/p>\n<p data-start=\"1196\" data-end=\"1293\">\ud83d\udcabSet <strong data-start=\"1199\" data-end=\"1293\">\u201c Harmony\u201d \u00ebsht\u00eb zgjedhja ideale p\u00ebr t\u00eb kompletuar stilin t\u00ebnd me eleganc\u00eb dhe klas.<\/strong><\/p>\n","protected":false},"excerpt":{"rendered":"<ul data-start=\"195\" data-end=\"614\">\n<li data-start=\"195\" data-end=\"265\">\n<p data-start=\"197\" data-end=\"265\"><strong data-start=\"197\" data-end=\"211\">Materiali:<\/strong> Stainless Steel 316 \u2013 cil\u00ebsi e lart\u00eb dhe rezistente<\/p>\n<\/li>\n<li data-start=\"266\" data-end=\"329\">\n<p data-start=\"268\" data-end=\"329\"><strong data-start=\"268\" data-end=\"279\">Veshje:<\/strong> PVD Gold 18K \u2013 shk\u00eblqim i ngroht\u00eb dhe jet\u00ebgjat\u00eb<\/p>\n<\/li>\n<li data-start=\"330\" data-end=\"443\">\n<p data-start=\"332\" data-end=\"443\"><strong data-start=\"332\" data-end=\"343\">Dizajn:<\/strong> Harmonizim perfekt mes tre aksesor\u00ebve t\u00eb ndrysh\u00ebm, por q\u00eb krijojn\u00eb nj\u00eb kombinim unik dhe elegant.<\/p>\n<\/li>\n<li data-start=\"445\" data-end=\"614\">\n<p data-start=\"447\" data-end=\"614\"><strong data-start=\"447\" data-end=\"459\">Detajet:<\/strong>Var\u00ebsja sjell nj\u00eb detaj delikat n\u00eb qaf\u00eb, unaza i jep dor\u00ebs nj\u00eb prekje t\u00eb rafinuar dhe byzylyku kompleton pamjen me nj\u00eb stil t\u00eb q\u00ebndruesh\u00ebm dhe t\u00ebrheq\u00ebs.<\/p>\n<\/li>\n<\/ul>\n<p data-start=\"616\" data-end=\"696\">\u00a0 \u00a0 \u2728 <strong data-start=\"618\" data-end=\"696\">Nj\u00eb set i projektuar p\u00ebr t\u00eb t\u00eb ndri\u00e7uar n\u00eb \u00e7do moment \u2013 nga dita n\u00eb dark\u00eb.<\/strong><\/p>\n","protected":false},"featured_media":923,"comment_status":"open","ping_status":"closed","template":"","meta":{"neve_meta_sidebar":"","neve_meta_container":"","neve_meta_enable_content_width":"off","neve_meta_content_width":100,"neve_meta_title_alignment":"","neve_meta_author_avatar":"","neve_post_elements_order":"","neve_meta_disable_header":"","neve_meta_disable_footer":"","neve_meta_disable_title":"","_themeisle_gutenberg_block_has_review":false},"product_brand":[],"product_cat":[27],"product_tag":[],"class_list":{"0":"post-922","1":"product","2":"type-product","3":"status-publish","4":"has-post-thumbnail","6":"product_cat-sete","8":"first","9":"instock","10":"shipping-taxable","11":"purchasable","12":"product-type-simple"},"_links":{"self":[{"href":"https:\/\/class-jewelry.com\/index.php\/wp-json\/wp\/v2\/product\/922","targetHints":{"allow":["GET"]}}],"collection":[{"href":"https:\/\/class-jewelry.com\/index.php\/wp-json\/wp\/v2\/product"}],"about":[{"href":"https:\/\/class-jewelry.com\/index.php\/wp-json\/wp\/v2\/types\/product"}],"replies":[{"embeddable":true,"href":"https:\/\/class-jewelry.com\/index.php\/wp-json\/wp\/v2\/comments?post=922"}],"wp:featuredmedia":[{"embeddable":true,"href":"https:\/\/class-jewelry.com\/index.php\/wp-json\/wp\/v2\/media\/923"}],"wp:attachment":[{"href":"https:\/\/class-jewelry.com\/index.php\/wp-json\/wp\/v2\/media?parent=922"}],"wp:term":[{"taxonomy":"product_brand","embeddable":true,"href":"https:\/\/class-jewelry.com\/index.php\/wp-json\/wp\/v2\/product_brand?post=922"},{"taxonomy":"product_cat","embeddable":true,"href":"https:\/\/class-jewelry.com\/index.php\/wp-json\/wp\/v2\/product_cat?post=922"},{"taxonomy":"product_tag","embeddable":true,"href":"https:\/\/class-jewelry.com\/index.php\/wp-json\/wp\/v2\/product_tag?post=922"}],"curies":[{"name":"wp","href":"https:\/\/api.w.org\/{rel}","templated":true}]}}