{"id":926,"date":"2025-08-21T15:47:12","date_gmt":"2025-08-21T13:47:12","guid":{"rendered":"https:\/\/class-jewelry.com\/?post_type=product&#038;p=926"},"modified":"2025-08-21T15:47:12","modified_gmt":"2025-08-21T13:47:12","slug":"vethe-floral","status":"publish","type":"product","link":"https:\/\/class-jewelry.com\/index.php\/product\/vethe-floral\/","title":{"rendered":"Vethe \u201cFloral \u201d"},"content":{"rendered":"<p data-start=\"601\" data-end=\"880\">K\u00ebto vethe jan\u00eb t\u00eb zbukuruara me lule t\u00eb vogla t\u00eb stilizuara, q\u00eb p\u00ebrfaq\u00ebsojn\u00eb bukurin\u00eb e natyr\u00ebs dhe delikates\u00ebn fem\u00ebrore.<br data-start=\"729\" data-end=\"732\" \/>T\u00eb punuara me <strong data-start=\"746\" data-end=\"764\">\u00e7elik inox 316<\/strong> dhe t\u00eb veshura me <strong data-start=\"783\" data-end=\"802\">flori 18K (PVD)<\/strong>, ato ruajn\u00eb shk\u00eblqimin dhe q\u00ebndrueshm\u00ebrin\u00eb edhe pas p\u00ebrdorimit t\u00eb p\u00ebrditsh\u00ebm.<\/p>\n<p data-start=\"882\" data-end=\"956\">\n","protected":false},"excerpt":{"rendered":"<ul data-start=\"175\" data-end=\"447\">\n<li data-start=\"175\" data-end=\"246\">\n<p data-start=\"177\" data-end=\"246\"><strong data-start=\"177\" data-end=\"191\">Materiali:<\/strong> Stainless Steel 316 \u2013 i q\u00ebndruesh\u00ebm dhe antialergjik<\/p>\n<\/li>\n<li data-start=\"247\" data-end=\"310\">\n<p data-start=\"249\" data-end=\"310\"><strong data-start=\"249\" data-end=\"260\">Veshje:<\/strong> PVD Gold 18K \u2013 shk\u00eblqim i ngroht\u00eb dhe jet\u00ebgjat\u00eb<\/p>\n<\/li>\n<li data-start=\"311\" data-end=\"447\">\n<p data-start=\"313\" data-end=\"447\"><strong data-start=\"313\" data-end=\"324\">Dizajn:<\/strong><br data-start=\"324\" data-end=\"327\" \/>Vethe t\u00eb vogla hoop t\u00eb zbukuruara me lule delikate n\u00eb miniatur\u00eb, q\u00eb sjellin nj\u00eb frym\u00eb natyrale dhe freski n\u00eb \u00e7do veshje.<\/p>\n<\/li>\n<\/ul>\n<p data-start=\"449\" data-end=\"519\"><strong data-start=\"452\" data-end=\"519\">\u00a0 \u00a0 \u00a0 Nj\u00eb aksesor i thjesht\u00eb por me shum\u00eb stil, perfekt p\u00ebr \u00e7do dit\u00eb.<\/strong><\/p>\n","protected":false},"featured_media":927,"comment_status":"open","ping_status":"closed","template":"","meta":{"neve_meta_sidebar":"","neve_meta_container":"","neve_meta_enable_content_width":"off","neve_meta_content_width":100,"neve_meta_title_alignment":"","neve_meta_author_avatar":"","neve_post_elements_order":"","neve_meta_disable_header":"","neve_meta_disable_footer":"","neve_meta_disable_title":"","_themeisle_gutenberg_block_has_review":false},"product_brand":[],"product_cat":[25],"product_tag":[],"class_list":{"0":"post-926","1":"product","2":"type-product","3":"status-publish","4":"has-post-thumbnail","6":"product_cat-vethe","8":"first","9":"instock","10":"shipping-taxable","11":"purchasable","12":"product-type-simple"},"_links":{"self":[{"href":"https:\/\/class-jewelry.com\/index.php\/wp-json\/wp\/v2\/product\/926","targetHints":{"allow":["GET"]}}],"collection":[{"href":"https:\/\/class-jewelry.com\/index.php\/wp-json\/wp\/v2\/product"}],"about":[{"href":"https:\/\/class-jewelry.com\/index.php\/wp-json\/wp\/v2\/types\/product"}],"replies":[{"embeddable":true,"href":"https:\/\/class-jewelry.com\/index.php\/wp-json\/wp\/v2\/comments?post=926"}],"wp:featuredmedia":[{"embeddable":true,"href":"https:\/\/class-jewelry.com\/index.php\/wp-json\/wp\/v2\/media\/927"}],"wp:attachment":[{"href":"https:\/\/class-jewelry.com\/index.php\/wp-json\/wp\/v2\/media?parent=926"}],"wp:term":[{"taxonomy":"product_brand","embeddable":true,"href":"https:\/\/class-jewelry.com\/index.php\/wp-json\/wp\/v2\/product_brand?post=926"},{"taxonomy":"product_cat","embeddable":true,"href":"https:\/\/class-jewelry.com\/index.php\/wp-json\/wp\/v2\/product_cat?post=926"},{"taxonomy":"product_tag","embeddable":true,"href":"https:\/\/class-jewelry.com\/index.php\/wp-json\/wp\/v2\/product_tag?post=926"}],"curies":[{"name":"wp","href":"https:\/\/api.w.org\/{rel}","templated":true}]}}