{"id":931,"date":"2025-08-21T15:56:04","date_gmt":"2025-08-21T13:56:04","guid":{"rendered":"https:\/\/class-jewelry.com\/?post_type=product&#038;p=931"},"modified":"2025-08-21T15:56:04","modified_gmt":"2025-08-21T13:56:04","slug":"unaza-stil","status":"publish","type":"product","link":"https:\/\/class-jewelry.com\/index.php\/product\/unaza-stil\/","title":{"rendered":"Unaza \u201c Stil\u201c"},"content":{"rendered":"<p data-start=\"641\" data-end=\"912\">E punuar me kujdes nga <strong data-start=\"664\" data-end=\"682\">\u00e7elik inox 316<\/strong> dhe e veshur me <strong data-start=\"699\" data-end=\"718\">flori 18K (PVD)<\/strong>, kjo unaz\u00eb pasqyron leht\u00ebsin\u00eb dhe freskin\u00eb e ver\u00ebs.<br data-start=\"770\" data-end=\"773\" \/>Me elemente t\u00eb frym\u00ebzuara nga natyra, ajo \u00ebsht\u00eb perfekte p\u00ebr ato q\u00eb duan t\u00eb sjellin n\u00eb stilin e tyre nj\u00eb prekje t\u00eb gjall\u00eb dhe t\u00eb ndritshme.<\/p>\n<p data-start=\"914\" data-end=\"1008\">\n","protected":false},"excerpt":{"rendered":"<ul data-start=\"172\" data-end=\"493\">\n<li data-start=\"172\" data-end=\"243\">\n<p data-start=\"174\" data-end=\"243\"><strong data-start=\"174\" data-end=\"188\">Materiali:<\/strong> Stainless Steel 316 \u2013 i q\u00ebndruesh\u00ebm dhe antialergjik<\/p>\n<\/li>\n<li data-start=\"244\" data-end=\"307\">\n<p data-start=\"246\" data-end=\"307\"><strong data-start=\"246\" data-end=\"257\">Veshje:<\/strong> PVD Gold 18K \u2013 shk\u00eblqim i ngroht\u00eb dhe jet\u00ebgjat\u00eb<\/p>\n<\/li>\n<li data-start=\"308\" data-end=\"493\">\n<p data-start=\"310\" data-end=\"493\"><strong data-start=\"310\" data-end=\"321\">Dizajn:<\/strong>Nj\u00eb unaz\u00eb me dizajn t\u00eb hapur dhe motive q\u00eb t\u00eb kujtojn\u00eb drit\u00ebn e diellit dhe freskin\u00eb e natyr\u00ebs verore. E leht\u00eb, elegante dhe e p\u00ebrshtatshme p\u00ebr \u00e7do dit\u00eb t\u00eb ngroht\u00eb vere.<\/p>\n<\/li>\n<\/ul>\n<p data-start=\"495\" data-end=\"562\">\n","protected":false},"featured_media":929,"comment_status":"open","ping_status":"closed","template":"","meta":{"neve_meta_sidebar":"","neve_meta_container":"","neve_meta_enable_content_width":"off","neve_meta_content_width":100,"neve_meta_title_alignment":"","neve_meta_author_avatar":"","neve_post_elements_order":"","neve_meta_disable_header":"","neve_meta_disable_footer":"","neve_meta_disable_title":"","_themeisle_gutenberg_block_has_review":false},"product_brand":[],"product_cat":[24],"product_tag":[],"class_list":{"0":"post-931","1":"product","2":"type-product","3":"status-publish","4":"has-post-thumbnail","6":"product_cat-unaza","8":"first","9":"instock","10":"shipping-taxable","11":"purchasable","12":"product-type-simple"},"_links":{"self":[{"href":"https:\/\/class-jewelry.com\/index.php\/wp-json\/wp\/v2\/product\/931","targetHints":{"allow":["GET"]}}],"collection":[{"href":"https:\/\/class-jewelry.com\/index.php\/wp-json\/wp\/v2\/product"}],"about":[{"href":"https:\/\/class-jewelry.com\/index.php\/wp-json\/wp\/v2\/types\/product"}],"replies":[{"embeddable":true,"href":"https:\/\/class-jewelry.com\/index.php\/wp-json\/wp\/v2\/comments?post=931"}],"wp:featuredmedia":[{"embeddable":true,"href":"https:\/\/class-jewelry.com\/index.php\/wp-json\/wp\/v2\/media\/929"}],"wp:attachment":[{"href":"https:\/\/class-jewelry.com\/index.php\/wp-json\/wp\/v2\/media?parent=931"}],"wp:term":[{"taxonomy":"product_brand","embeddable":true,"href":"https:\/\/class-jewelry.com\/index.php\/wp-json\/wp\/v2\/product_brand?post=931"},{"taxonomy":"product_cat","embeddable":true,"href":"https:\/\/class-jewelry.com\/index.php\/wp-json\/wp\/v2\/product_cat?post=931"},{"taxonomy":"product_tag","embeddable":true,"href":"https:\/\/class-jewelry.com\/index.php\/wp-json\/wp\/v2\/product_tag?post=931"}],"curies":[{"name":"wp","href":"https:\/\/api.w.org\/{rel}","templated":true}]}}