{"id":938,"date":"2025-08-21T16:56:01","date_gmt":"2025-08-21T14:56:01","guid":{"rendered":"https:\/\/class-jewelry.com\/?post_type=product&#038;p=938"},"modified":"2025-08-21T16:56:01","modified_gmt":"2025-08-21T14:56:01","slug":"hoops-3","status":"publish","type":"product","link":"https:\/\/class-jewelry.com\/index.php\/product\/hoops-3\/","title":{"rendered":"Hoops"},"content":{"rendered":"<p>K\u00ebta v\u00ebth\u00eb hoops rreth jan\u00eb nj\u00eb klasik q\u00eb nuk del kurr\u00eb nga moda \u2728.<\/p>\n<p>Punuar nga Stainless Steel 316 (\u00e7elik) me veshje PVD Gold 18K, ata mbeten shk\u00eblqyes, t\u00eb q\u00ebndruesh\u00ebm dhe antialergjik\u00eb.<\/p>\n<p>Disponohen n\u00eb madh\u00ebsi t\u00eb ndryshme, ndaj zgjidh madh\u00ebsin\u00eb q\u00eb d\u00ebshiron p\u00ebr t\u2019iu p\u00ebrshtatur m\u00eb s\u00eb miri stilit t\u00ebnd \u2013 qoft\u00eb p\u00ebr nj\u00eb look t\u00eb thjesht\u00eb t\u00eb p\u00ebrditsh\u00ebm apo p\u00ebr nj\u00eb paraqitje m\u00eb elegante.<\/p>\n","protected":false},"excerpt":{"rendered":"<p>V\u00ebth\u00eb Hoops Rreth<\/p>\n<ul>\n<li>Materiali: Stainless Steel 316 (\u00e7elik) \u2013 cil\u00ebsia m\u00eb e lart\u00eb<\/li>\n<li>Veshje: PVD Gold 18K \u2013 t\u00eb lara n\u00eb flori 18K<\/li>\n<li>Cil\u00ebsi: Antialergjik, nuk nxihet dhe rezistent ndaj ujit<\/li>\n<li>Dizajn klasik: Rrethe t\u00eb thjeshta, elegante dhe gjithmon\u00eb n\u00eb trend<\/li>\n<li>Aksesor i domosdosh\u00ebm p\u00ebr \u00e7do kombinim t\u00eb p\u00ebrditsh\u00ebm<\/li>\n<\/ul>\n<p>Zgjidhni madhesin qe deshironi<\/p>\n","protected":false},"featured_media":939,"comment_status":"open","ping_status":"closed","template":"","meta":{"neve_meta_sidebar":"","neve_meta_container":"","neve_meta_enable_content_width":"off","neve_meta_content_width":100,"neve_meta_title_alignment":"","neve_meta_author_avatar":"","neve_post_elements_order":"","neve_meta_disable_header":"","neve_meta_disable_footer":"","neve_meta_disable_title":"","_themeisle_gutenberg_block_has_review":false},"product_brand":[],"product_cat":[25],"product_tag":[],"class_list":{"0":"post-938","1":"product","2":"type-product","3":"status-publish","4":"has-post-thumbnail","6":"product_cat-vethe","8":"first","9":"instock","10":"shipping-taxable","11":"purchasable","12":"product-type-simple"},"_links":{"self":[{"href":"https:\/\/class-jewelry.com\/index.php\/wp-json\/wp\/v2\/product\/938","targetHints":{"allow":["GET"]}}],"collection":[{"href":"https:\/\/class-jewelry.com\/index.php\/wp-json\/wp\/v2\/product"}],"about":[{"href":"https:\/\/class-jewelry.com\/index.php\/wp-json\/wp\/v2\/types\/product"}],"replies":[{"embeddable":true,"href":"https:\/\/class-jewelry.com\/index.php\/wp-json\/wp\/v2\/comments?post=938"}],"wp:featuredmedia":[{"embeddable":true,"href":"https:\/\/class-jewelry.com\/index.php\/wp-json\/wp\/v2\/media\/939"}],"wp:attachment":[{"href":"https:\/\/class-jewelry.com\/index.php\/wp-json\/wp\/v2\/media?parent=938"}],"wp:term":[{"taxonomy":"product_brand","embeddable":true,"href":"https:\/\/class-jewelry.com\/index.php\/wp-json\/wp\/v2\/product_brand?post=938"},{"taxonomy":"product_cat","embeddable":true,"href":"https:\/\/class-jewelry.com\/index.php\/wp-json\/wp\/v2\/product_cat?post=938"},{"taxonomy":"product_tag","embeddable":true,"href":"https:\/\/class-jewelry.com\/index.php\/wp-json\/wp\/v2\/product_tag?post=938"}],"curies":[{"name":"wp","href":"https:\/\/api.w.org\/{rel}","templated":true}]}}