{"id":946,"date":"2025-08-25T14:21:17","date_gmt":"2025-08-25T12:21:17","guid":{"rendered":"https:\/\/class-jewelry.com\/?post_type=product&#038;p=946"},"modified":"2025-08-25T14:21:17","modified_gmt":"2025-08-25T12:21:17","slug":"unaza-monedhe","status":"publish","type":"product","link":"https:\/\/class-jewelry.com\/index.php\/product\/unaza-monedhe\/","title":{"rendered":"Unaza Monedh\u00eb"},"content":{"rendered":"<p>\ud83d\udcab Unaza q\u00eb flet vet\u00eb!<\/p>\n<p>Unaza me monedh\u00eb t\u00eb madhe dhe gjelin simbolik, kjo unaz\u00eb sjell stil dhe energji pozitive. E punuar me \u00e7elik inox 316 dhe PVD Gold 18K, q\u00ebndron gjithmon\u00eb me shk\u00eblqim dhe nuk nxihet. Nj\u00eb aksesor i ve\u00e7ant\u00eb q\u00eb t\u00eb shoq\u00ebron kudo \u2728\ud83d\udcb0<\/p>\n","protected":false},"excerpt":{"rendered":"<ul>\n<li><strong>Materiali<\/strong>: Stainless Steel 316 me veshje PVD Gold 18K \u2013 antialergjik dhe i q\u00ebndruesh\u00ebm<\/li>\n<li><strong>Rezistenc\u00eb<\/strong>: Nuk nxihet, rezistent ndaj ujit dhe lag\u00ebshtir\u00ebs<\/li>\n<li><strong>Dizajn<\/strong>: Unaz\u00eb e mbyllur me monedh\u00eb t\u00eb madhe dhe simbol gjelit<\/li>\n<li><strong>P\u00ebrshtatshm\u00ebria<\/strong>: E disponueshme n\u00eb madh\u00ebsi t\u00eb ndryshme gishti<\/li>\n<\/ul>\n","protected":false},"featured_media":947,"comment_status":"open","ping_status":"closed","template":"","meta":{"neve_meta_sidebar":"","neve_meta_container":"","neve_meta_enable_content_width":"off","neve_meta_content_width":100,"neve_meta_title_alignment":"","neve_meta_author_avatar":"","neve_post_elements_order":"","neve_meta_disable_header":"","neve_meta_disable_footer":"","neve_meta_disable_title":"","_themeisle_gutenberg_block_has_review":false},"product_brand":[],"product_cat":[24],"product_tag":[],"class_list":{"0":"post-946","1":"product","2":"type-product","3":"status-publish","4":"has-post-thumbnail","6":"product_cat-unaza","8":"first","9":"instock","10":"shipping-taxable","11":"purchasable","12":"product-type-simple"},"_links":{"self":[{"href":"https:\/\/class-jewelry.com\/index.php\/wp-json\/wp\/v2\/product\/946","targetHints":{"allow":["GET"]}}],"collection":[{"href":"https:\/\/class-jewelry.com\/index.php\/wp-json\/wp\/v2\/product"}],"about":[{"href":"https:\/\/class-jewelry.com\/index.php\/wp-json\/wp\/v2\/types\/product"}],"replies":[{"embeddable":true,"href":"https:\/\/class-jewelry.com\/index.php\/wp-json\/wp\/v2\/comments?post=946"}],"wp:featuredmedia":[{"embeddable":true,"href":"https:\/\/class-jewelry.com\/index.php\/wp-json\/wp\/v2\/media\/947"}],"wp:attachment":[{"href":"https:\/\/class-jewelry.com\/index.php\/wp-json\/wp\/v2\/media?parent=946"}],"wp:term":[{"taxonomy":"product_brand","embeddable":true,"href":"https:\/\/class-jewelry.com\/index.php\/wp-json\/wp\/v2\/product_brand?post=946"},{"taxonomy":"product_cat","embeddable":true,"href":"https:\/\/class-jewelry.com\/index.php\/wp-json\/wp\/v2\/product_cat?post=946"},{"taxonomy":"product_tag","embeddable":true,"href":"https:\/\/class-jewelry.com\/index.php\/wp-json\/wp\/v2\/product_tag?post=946"}],"curies":[{"name":"wp","href":"https:\/\/api.w.org\/{rel}","templated":true}]}}