{"id":954,"date":"2025-08-25T14:31:59","date_gmt":"2025-08-25T12:31:59","guid":{"rendered":"https:\/\/class-jewelry.com\/?post_type=product&#038;p=954"},"modified":"2025-08-31T22:36:18","modified_gmt":"2025-08-31T20:36:18","slug":"unaza-koral","status":"publish","type":"product","link":"https:\/\/class-jewelry.com\/index.php\/product\/unaza-koral\/","title":{"rendered":"Unaza \u201c Koral\u201d"},"content":{"rendered":"<p>\ud83c\udf1e Shk\u00eblqim dhe det n\u00eb \u00e7do detaj!<\/p>\n<p>Unaz\u00eb rrethore, e zbukuruar me nj\u00eb yll dhe nj\u00eb guask\u00eb t\u00eb vog\u00ebl, simbol i drit\u00ebs dhe i detit. E punuar nga \u00e7elik inox 316 me PVD Gold 18K, q\u00ebndron gjithmon\u00eb me shk\u00eblqim dhe nuk nxihet. Nj\u00eb aksesor i ve\u00e7ant\u00eb p\u00ebr t\u00eb dh\u00ebn\u00eb stil dhe ndri\u00e7im n\u00eb \u00e7do veshje \u2728\ud83d\udc1a\u2b50<\/p>\n","protected":false},"excerpt":{"rendered":"<ul>\n<li><strong>Materiali<\/strong>: Stainless Steel 316 me veshje PVD Gold 18K \u2013 antialergjik dhe i q\u00ebndruesh\u00ebm<\/li>\n<li><strong>Rezistenc\u00eb<\/strong>: Nuk nxihet, rezistent ndaj ujit dhe lag\u00ebshtir\u00ebs<\/li>\n<li><strong>Dizajn<\/strong>: Unaz\u00eb rrethore me nj\u00eb yll dhe nj\u00eb guask\u00eb t\u00eb vog\u00ebl mbi sip\u00ebrfaqe<\/li>\n<li><strong>Stil<\/strong>: Elegante, minimaliste dhe verore, e p\u00ebrshtatshme p\u00ebr \u00e7do dit\u00eb<\/li>\n<li><strong>P\u00ebrshtatshm\u00ebria<\/strong>: E disponueshme n\u00eb madh\u00ebsi t\u00eb ndryshme<\/li>\n<\/ul>\n","protected":false},"featured_media":1119,"comment_status":"open","ping_status":"closed","template":"","meta":{"neve_meta_sidebar":"","neve_meta_container":"","neve_meta_enable_content_width":"off","neve_meta_content_width":100,"neve_meta_title_alignment":"","neve_meta_author_avatar":"","neve_post_elements_order":"","neve_meta_disable_header":"","neve_meta_disable_footer":"","neve_meta_disable_title":"","_themeisle_gutenberg_block_has_review":false},"product_brand":[],"product_cat":[24],"product_tag":[],"class_list":{"0":"post-954","1":"product","2":"type-product","3":"status-publish","4":"has-post-thumbnail","6":"product_cat-unaza","8":"first","9":"instock","10":"shipping-taxable","11":"purchasable","12":"product-type-simple"},"_links":{"self":[{"href":"https:\/\/class-jewelry.com\/index.php\/wp-json\/wp\/v2\/product\/954","targetHints":{"allow":["GET"]}}],"collection":[{"href":"https:\/\/class-jewelry.com\/index.php\/wp-json\/wp\/v2\/product"}],"about":[{"href":"https:\/\/class-jewelry.com\/index.php\/wp-json\/wp\/v2\/types\/product"}],"replies":[{"embeddable":true,"href":"https:\/\/class-jewelry.com\/index.php\/wp-json\/wp\/v2\/comments?post=954"}],"wp:featuredmedia":[{"embeddable":true,"href":"https:\/\/class-jewelry.com\/index.php\/wp-json\/wp\/v2\/media\/1119"}],"wp:attachment":[{"href":"https:\/\/class-jewelry.com\/index.php\/wp-json\/wp\/v2\/media?parent=954"}],"wp:term":[{"taxonomy":"product_brand","embeddable":true,"href":"https:\/\/class-jewelry.com\/index.php\/wp-json\/wp\/v2\/product_brand?post=954"},{"taxonomy":"product_cat","embeddable":true,"href":"https:\/\/class-jewelry.com\/index.php\/wp-json\/wp\/v2\/product_cat?post=954"},{"taxonomy":"product_tag","embeddable":true,"href":"https:\/\/class-jewelry.com\/index.php\/wp-json\/wp\/v2\/product_tag?post=954"}],"curies":[{"name":"wp","href":"https:\/\/api.w.org\/{rel}","templated":true}]}}