{"id":962,"date":"2025-08-26T16:51:46","date_gmt":"2025-08-26T14:51:46","guid":{"rendered":"https:\/\/class-jewelry.com\/?post_type=product&#038;p=962"},"modified":"2025-08-26T16:51:46","modified_gmt":"2025-08-26T14:51:46","slug":"byrzylyk-f","status":"publish","type":"product","link":"https:\/\/class-jewelry.com\/index.php\/product\/byrzylyk-f\/","title":{"rendered":"Byrzylyk &#8220;F&#8221;"},"content":{"rendered":"<p data-start=\"534\" data-end=\"1032\">Ky byzylyk me shkronj\u00ebn \u201cF\u201d \u00ebsht\u00eb nj\u00eb aksesor i ve\u00e7ant\u00eb q\u00eb p\u00ebr\u00e7on stil dhe identitet personal.<br data-start=\"628\" data-end=\"631\" \/>E realizuar nga \u00e7elik inox 316 dhe e veshur me flori 18K me teknologji PVD, kjo pjes\u00eb ruan shk\u00eblqimin dhe rezistenc\u00ebn me kalimin e koh\u00ebs.<br data-start=\"768\" data-end=\"771\" \/>Materiali \u00ebsht\u00eb antialergjik dhe nuk ndikohet nga uji apo lag\u00ebshtira \u2013 perfekt p\u00ebr p\u00ebrdorim t\u00eb p\u00ebrditsh\u00ebm.<br data-start=\"877\" data-end=\"880\" \/>Detaji i shkronj\u00ebs \u201cF\u201d sjell nj\u00eb prekje intime dhe unike n\u00eb pamjen tuaj, duke e b\u00ebr\u00eb k\u00ebt\u00eb byzylyk nj\u00eb dhurat\u00eb ideale ose simbol personal t\u00eb stilit tuaj.<\/p>\n","protected":false},"excerpt":{"rendered":"<ul>\n<li data-start=\"97\" data-end=\"506\"><strong data-start=\"97\" data-end=\"111\">Materiali:<\/strong> Stainless Steel 316 me veshje PVD Gold 18K \u2013 antialergjik dhe i q\u00ebndruesh\u00ebm<\/li>\n<li data-start=\"97\" data-end=\"506\"><strong data-start=\"190\" data-end=\"205\">Rezistenc\u00eb:<\/strong> Nuk nxihet, rezistent ndaj ujit dhe lag\u00ebshtir\u00ebs<\/li>\n<li data-start=\"97\" data-end=\"506\"><strong data-start=\"256\" data-end=\"267\">Dizajn:<\/strong> Byzylyk elegant me shkronj\u00ebn \u201cF\u201d t\u00eb stilizuar si detaj qendror<\/li>\n<li data-start=\"97\" data-end=\"506\"><strong data-start=\"333\" data-end=\"342\" data-is-only-node=\"\">Stil:<\/strong> Minimalist, me ndjesi personale dhe fine, i p\u00ebrshtatsh\u00ebm p\u00ebr \u00e7do stil<\/li>\n<li data-start=\"97\" data-end=\"506\"><strong data-start=\"415\" data-end=\"435\">P\u00ebrshtatshm\u00ebria:<\/strong> E leht\u00eb p\u00ebr t\u2019u kombinuar, vjen me dizajn t\u00eb rregulluesh\u00ebm p\u00ebr \u00e7do ky\u00e7<\/li>\n<\/ul>\n","protected":false},"featured_media":963,"comment_status":"open","ping_status":"closed","template":"","meta":{"neve_meta_sidebar":"","neve_meta_container":"","neve_meta_enable_content_width":"off","neve_meta_content_width":100,"neve_meta_title_alignment":"","neve_meta_author_avatar":"","neve_post_elements_order":"","neve_meta_disable_header":"","neve_meta_disable_footer":"","neve_meta_disable_title":"","_themeisle_gutenberg_block_has_review":false},"product_brand":[],"product_cat":[26],"product_tag":[],"class_list":{"0":"post-962","1":"product","2":"type-product","3":"status-publish","4":"has-post-thumbnail","6":"product_cat-byrzylyk","8":"first","9":"instock","10":"shipping-taxable","11":"purchasable","12":"product-type-simple"},"_links":{"self":[{"href":"https:\/\/class-jewelry.com\/index.php\/wp-json\/wp\/v2\/product\/962","targetHints":{"allow":["GET"]}}],"collection":[{"href":"https:\/\/class-jewelry.com\/index.php\/wp-json\/wp\/v2\/product"}],"about":[{"href":"https:\/\/class-jewelry.com\/index.php\/wp-json\/wp\/v2\/types\/product"}],"replies":[{"embeddable":true,"href":"https:\/\/class-jewelry.com\/index.php\/wp-json\/wp\/v2\/comments?post=962"}],"wp:featuredmedia":[{"embeddable":true,"href":"https:\/\/class-jewelry.com\/index.php\/wp-json\/wp\/v2\/media\/963"}],"wp:attachment":[{"href":"https:\/\/class-jewelry.com\/index.php\/wp-json\/wp\/v2\/media?parent=962"}],"wp:term":[{"taxonomy":"product_brand","embeddable":true,"href":"https:\/\/class-jewelry.com\/index.php\/wp-json\/wp\/v2\/product_brand?post=962"},{"taxonomy":"product_cat","embeddable":true,"href":"https:\/\/class-jewelry.com\/index.php\/wp-json\/wp\/v2\/product_cat?post=962"},{"taxonomy":"product_tag","embeddable":true,"href":"https:\/\/class-jewelry.com\/index.php\/wp-json\/wp\/v2\/product_tag?post=962"}],"curies":[{"name":"wp","href":"https:\/\/api.w.org\/{rel}","templated":true}]}}