{"id":964,"date":"2025-08-26T17:17:25","date_gmt":"2025-08-26T15:17:25","guid":{"rendered":"https:\/\/class-jewelry.com\/?post_type=product&#038;p=964"},"modified":"2025-08-26T17:17:25","modified_gmt":"2025-08-26T15:17:25","slug":"byzylyku-s","status":"publish","type":"product","link":"https:\/\/class-jewelry.com\/index.php\/product\/byzylyku-s\/","title":{"rendered":"Byzylyku \u201cS\u201d"},"content":{"rendered":"<p>Byzylyku me shkronj\u00ebn \u201cS\u201d \u00ebsht\u00eb nj\u00eb aksesor me stil t\u00eb past\u00ebr dhe kuptim personal \u2013 perfekt p\u00ebr ata q\u00eb duan t\u00eb mbajn\u00eb di\u00e7ka me simbolik\u00eb pran\u00eb vetes.<br data-start=\"743\" data-end=\"746\" \/>I punuar nga \u00e7elik inox 316 dhe i veshur me flori 18K me metod\u00ebn PVD, ai garanton shk\u00eblqim afatgjat\u00eb dhe q\u00ebndrueshm\u00ebri t\u00eb lart\u00eb.<br data-start=\"874\" data-end=\"877\" \/>Materiali \u00ebsht\u00eb antialergjik dhe i reziston kontaktit me uj\u00eb apo lag\u00ebshti, gj\u00eb q\u00eb e b\u00ebn ideal p\u00ebr p\u00ebrdorim t\u00eb p\u00ebrditsh\u00ebm.<br data-start=\"998\" data-end=\"1001\" \/>Shkronja \u201cS\u201d n\u00eb dizajnin e tij shton nj\u00eb detaj unik dhe t\u00eb personalizuar, duke e b\u00ebr\u00eb k\u00ebt\u00eb byzylyk m\u00eb shum\u00eb se nj\u00eb aksesor \u2013 nj\u00eb simbol i vog\u00ebl i identitetit t\u00ebnd.<\/p>\n","protected":false},"excerpt":{"rendered":"<ul>\n<li data-start=\"139\" data-end=\"231\"><strong data-start=\"139\" data-end=\"153\">Materiali:<\/strong> Stainless Steel 316 me veshje PVD Gold 18K \u2013 antialergjik dhe i q\u00ebndruesh\u00ebm<\/li>\n<li data-start=\"139\" data-end=\"231\"><strong data-start=\"233\" data-end=\"248\">Rezistenc\u00eb:<\/strong> Nuk nxihet, rezistent ndaj ujit dhe lag\u00ebshtir\u00ebs<\/li>\n<li data-start=\"300\" data-end=\"376\"><strong data-start=\"300\" data-end=\"311\">Dizajn:<\/strong> Byzylyk elegant me shkronj\u00ebn \u201cS\u201d t\u00eb stilizuar si detaj qendror<\/li>\n<li data-start=\"378\" data-end=\"458\"><strong data-start=\"378\" data-end=\"387\">Stil:<\/strong> Minimalist, me prekje personale dhe simbolike \u2013 perfekt p\u00ebr \u00e7do stil<\/li>\n<li data-start=\"460\" data-end=\"566\"><strong data-start=\"460\" data-end=\"480\">P\u00ebrshtatshm\u00ebria:<\/strong> I rregulluesh\u00ebm, leht\u00eb i kombinuesh\u00ebm dhe i p\u00ebrshtatsh\u00ebm p\u00ebr p\u00ebrdorim t\u00eb p\u00ebrditsh\u00ebm<\/li>\n<\/ul>\n","protected":false},"featured_media":965,"comment_status":"open","ping_status":"closed","template":"","meta":{"neve_meta_sidebar":"","neve_meta_container":"","neve_meta_enable_content_width":"off","neve_meta_content_width":100,"neve_meta_title_alignment":"","neve_meta_author_avatar":"","neve_post_elements_order":"","neve_meta_disable_header":"","neve_meta_disable_footer":"","neve_meta_disable_title":"","_themeisle_gutenberg_block_has_review":false},"product_brand":[],"product_cat":[26],"product_tag":[],"class_list":{"0":"post-964","1":"product","2":"type-product","3":"status-publish","4":"has-post-thumbnail","6":"product_cat-byrzylyk","8":"first","9":"instock","10":"shipping-taxable","11":"purchasable","12":"product-type-simple"},"_links":{"self":[{"href":"https:\/\/class-jewelry.com\/index.php\/wp-json\/wp\/v2\/product\/964","targetHints":{"allow":["GET"]}}],"collection":[{"href":"https:\/\/class-jewelry.com\/index.php\/wp-json\/wp\/v2\/product"}],"about":[{"href":"https:\/\/class-jewelry.com\/index.php\/wp-json\/wp\/v2\/types\/product"}],"replies":[{"embeddable":true,"href":"https:\/\/class-jewelry.com\/index.php\/wp-json\/wp\/v2\/comments?post=964"}],"wp:featuredmedia":[{"embeddable":true,"href":"https:\/\/class-jewelry.com\/index.php\/wp-json\/wp\/v2\/media\/965"}],"wp:attachment":[{"href":"https:\/\/class-jewelry.com\/index.php\/wp-json\/wp\/v2\/media?parent=964"}],"wp:term":[{"taxonomy":"product_brand","embeddable":true,"href":"https:\/\/class-jewelry.com\/index.php\/wp-json\/wp\/v2\/product_brand?post=964"},{"taxonomy":"product_cat","embeddable":true,"href":"https:\/\/class-jewelry.com\/index.php\/wp-json\/wp\/v2\/product_cat?post=964"},{"taxonomy":"product_tag","embeddable":true,"href":"https:\/\/class-jewelry.com\/index.php\/wp-json\/wp\/v2\/product_tag?post=964"}],"curies":[{"name":"wp","href":"https:\/\/api.w.org\/{rel}","templated":true}]}}