{"id":966,"date":"2025-08-26T17:21:43","date_gmt":"2025-08-26T15:21:43","guid":{"rendered":"https:\/\/class-jewelry.com\/?post_type=product&#038;p=966"},"modified":"2025-08-26T17:21:43","modified_gmt":"2025-08-26T15:21:43","slug":"byzylyku-m","status":"publish","type":"product","link":"https:\/\/class-jewelry.com\/index.php\/product\/byzylyku-m\/","title":{"rendered":"Byzylyku  \u201cM\u201d"},"content":{"rendered":"<p data-start=\"733\" data-end=\"1264\">Byzylyku me shkronj\u00ebn \u201cM\u201d \u00ebsht\u00eb nj\u00eb p\u00ebrzierje perfekte e eleganc\u00ebs dhe simbolik\u00ebs personale \u2013 nj\u00eb aksesor q\u00eb t\u00eb p\u00ebrfaq\u00ebson.<br data-start=\"856\" data-end=\"859\" \/>I realizuar nga \u00e7elik\u00a0 316 dhe i veshur me flori 18K me teknologjin\u00eb PVD, ai ofron shk\u00eblqim t\u00eb q\u00ebndruesh\u00ebm dhe jet\u00ebgjat\u00ebsi.<br data-start=\"986\" data-end=\"989\" \/>Materiali \u00ebsht\u00eb antialergjik dhe rezistent ndaj ujit e lag\u00ebshtir\u00ebs, duke e b\u00ebr\u00eb t\u00eb sigurt p\u00ebr p\u00ebrdorim t\u00eb p\u00ebrditsh\u00ebm.<br data-start=\"1106\" data-end=\"1109\" \/>Shkronja \u201cM\u201d n\u00eb dizajnin e tij shton nj\u00eb not\u00eb intime dhe t\u00eb personalizuar, duke e b\u00ebr\u00eb k\u00ebt\u00eb byzylyk nj\u00eb dhurat\u00eb ideale apo nj\u00eb simbol t\u00eb vlerave personale.<\/p>\n","protected":false},"excerpt":{"rendered":"<p data-start=\"255\" data-end=\"349\">\u2022 <strong data-start=\"257\" data-end=\"271\">Materiali:<\/strong> Stainless Steel 316 me veshje PVD Gold 18K \u2013 antialergjik dhe i q\u00ebndruesh\u00ebm<\/p>\n<p data-start=\"351\" data-end=\"418\">\u2022 <strong data-start=\"353\" data-end=\"368\">Rezistenc\u00eb:<\/strong> Nuk nxihet, rezistent ndaj ujit dhe lag\u00ebshtir\u00ebs<\/p>\n<p data-start=\"420\" data-end=\"498\">\u2022 <strong data-start=\"422\" data-end=\"433\">Dizajn:<\/strong> Byzylyk elegant me shkronj\u00ebn \u201cM\u201d t\u00eb stilizuar si detaj qendror<\/p>\n<p data-start=\"500\" data-end=\"599\">\u2022 <strong data-start=\"502\" data-end=\"511\">Stil:<\/strong> Minimalist, me prekje personale dhe kuptim t\u00eb ve\u00e7ant\u00eb \u2013 i p\u00ebrshtatsh\u00ebm p\u00ebr \u00e7do veshje<\/p>\n<p data-start=\"601\" data-end=\"705\">\u2022 <strong data-start=\"603\" data-end=\"623\">P\u00ebrshtatshm\u00ebria:<\/strong> I rregulluesh\u00ebm, i leht\u00eb p\u00ebr t\u2019u kombinuar dhe ideal p\u00ebr p\u00ebrdorim t\u00eb p\u00ebrditsh\u00ebm<\/p>\n","protected":false},"featured_media":967,"comment_status":"open","ping_status":"closed","template":"","meta":{"neve_meta_sidebar":"","neve_meta_container":"","neve_meta_enable_content_width":"off","neve_meta_content_width":100,"neve_meta_title_alignment":"","neve_meta_author_avatar":"","neve_post_elements_order":"","neve_meta_disable_header":"","neve_meta_disable_footer":"","neve_meta_disable_title":"","_themeisle_gutenberg_block_has_review":false},"product_brand":[],"product_cat":[26],"product_tag":[],"class_list":{"0":"post-966","1":"product","2":"type-product","3":"status-publish","4":"has-post-thumbnail","6":"product_cat-byrzylyk","8":"first","9":"instock","10":"shipping-taxable","11":"purchasable","12":"product-type-simple"},"_links":{"self":[{"href":"https:\/\/class-jewelry.com\/index.php\/wp-json\/wp\/v2\/product\/966","targetHints":{"allow":["GET"]}}],"collection":[{"href":"https:\/\/class-jewelry.com\/index.php\/wp-json\/wp\/v2\/product"}],"about":[{"href":"https:\/\/class-jewelry.com\/index.php\/wp-json\/wp\/v2\/types\/product"}],"replies":[{"embeddable":true,"href":"https:\/\/class-jewelry.com\/index.php\/wp-json\/wp\/v2\/comments?post=966"}],"wp:featuredmedia":[{"embeddable":true,"href":"https:\/\/class-jewelry.com\/index.php\/wp-json\/wp\/v2\/media\/967"}],"wp:attachment":[{"href":"https:\/\/class-jewelry.com\/index.php\/wp-json\/wp\/v2\/media?parent=966"}],"wp:term":[{"taxonomy":"product_brand","embeddable":true,"href":"https:\/\/class-jewelry.com\/index.php\/wp-json\/wp\/v2\/product_brand?post=966"},{"taxonomy":"product_cat","embeddable":true,"href":"https:\/\/class-jewelry.com\/index.php\/wp-json\/wp\/v2\/product_cat?post=966"},{"taxonomy":"product_tag","embeddable":true,"href":"https:\/\/class-jewelry.com\/index.php\/wp-json\/wp\/v2\/product_tag?post=966"}],"curies":[{"name":"wp","href":"https:\/\/api.w.org\/{rel}","templated":true}]}}