{"id":970,"date":"2025-08-26T17:44:52","date_gmt":"2025-08-26T15:44:52","guid":{"rendered":"https:\/\/class-jewelry.com\/?post_type=product&#038;p=970"},"modified":"2025-08-26T17:44:52","modified_gmt":"2025-08-26T15:44:52","slug":"byzylyku-d","status":"publish","type":"product","link":"https:\/\/class-jewelry.com\/index.php\/product\/byzylyku-d\/","title":{"rendered":"Byzylyku  \u201cD\u201d"},"content":{"rendered":"<p>Byzylyku me shkronj\u00ebn \u201cD\u201d \u00ebsht\u00eb nj\u00eb aksesor i ve\u00e7ant\u00eb dhe me dometh\u00ebnie personale \u2013 ideal p\u00ebr ata q\u00eb duan t\u00eb mbajn\u00eb di\u00e7ka me simbolik\u00eb af\u00ebr vetes.<br data-start=\"755\" data-end=\"758\" \/>I punuar nga \u00e7elik inox 316 dhe i veshur me flori 18K me metod\u00ebn PVD, ai ruan shk\u00eblqimin dhe q\u00ebndrueshm\u00ebrin\u00eb p\u00ebr nj\u00eb koh\u00eb t\u00eb gjat\u00eb.<br data-start=\"889\" data-end=\"892\" \/>Materiali \u00ebsht\u00eb antialergjik dhe rezistent ndaj ujit dhe lag\u00ebshtir\u00ebs, gj\u00eb q\u00eb e b\u00ebn t\u00eb sigurt dhe t\u00eb p\u00ebrshtatsh\u00ebm p\u00ebr p\u00ebrdorim t\u00eb p\u00ebrditsh\u00ebm.<br data-start=\"1032\" data-end=\"1035\" \/>Detaji me shkronj\u00ebn \u201cD\u201d shton nj\u00eb not\u00eb personale dhe unike, duke e b\u00ebr\u00eb k\u00ebt\u00eb byzylyk nj\u00eb zgjedhje t\u00eb p\u00ebrkryer si dhurat\u00eb apo si simbol t\u00eb identitetit tuaj.<\/p>\n","protected":false},"excerpt":{"rendered":"<p data-start=\"135\" data-end=\"229\">\u2022 <strong data-start=\"137\" data-end=\"151\">Materiali:<\/strong> Stainless Steel 316 me veshje PVD Gold 18K \u2013 antialergjik dhe i q\u00ebndruesh\u00ebm<\/p>\n<p data-start=\"231\" data-end=\"298\">\u2022 <strong data-start=\"233\" data-end=\"248\">Rezistenc\u00eb:<\/strong> Nuk nxihet, rezistent ndaj ujit dhe lag\u00ebshtir\u00ebs<\/p>\n<p data-start=\"300\" data-end=\"378\">\u2022 <strong data-start=\"302\" data-end=\"313\">Dizajn:<\/strong> Byzylyk elegant me shkronj\u00ebn \u201cD\u201d t\u00eb stilizuar si detaj qendror<\/p>\n<p data-start=\"380\" data-end=\"469\">\u2022 <strong data-start=\"382\" data-end=\"391\">Stil:<\/strong> Minimalist, me prekje personale dhe simbolike \u2013 i p\u00ebrshtatsh\u00ebm p\u00ebr \u00e7do stil<\/p>\n<p data-start=\"471\" data-end=\"581\">\u2022 <strong data-start=\"473\" data-end=\"493\">P\u00ebrshtatshm\u00ebria:<\/strong> I rregulluesh\u00ebm, i leht\u00eb p\u00ebr t\u2019u kombinuar dhe i rehatsh\u00ebm p\u00ebr p\u00ebrdorim t\u00eb p\u00ebrditsh\u00ebm<\/p>\n","protected":false},"featured_media":971,"comment_status":"open","ping_status":"closed","template":"","meta":{"neve_meta_sidebar":"","neve_meta_container":"","neve_meta_enable_content_width":"off","neve_meta_content_width":100,"neve_meta_title_alignment":"","neve_meta_author_avatar":"","neve_post_elements_order":"","neve_meta_disable_header":"","neve_meta_disable_footer":"","neve_meta_disable_title":"","_themeisle_gutenberg_block_has_review":false},"product_brand":[],"product_cat":[26],"product_tag":[],"class_list":{"0":"post-970","1":"product","2":"type-product","3":"status-publish","4":"has-post-thumbnail","6":"product_cat-byrzylyk","8":"first","9":"instock","10":"shipping-taxable","11":"purchasable","12":"product-type-simple"},"_links":{"self":[{"href":"https:\/\/class-jewelry.com\/index.php\/wp-json\/wp\/v2\/product\/970","targetHints":{"allow":["GET"]}}],"collection":[{"href":"https:\/\/class-jewelry.com\/index.php\/wp-json\/wp\/v2\/product"}],"about":[{"href":"https:\/\/class-jewelry.com\/index.php\/wp-json\/wp\/v2\/types\/product"}],"replies":[{"embeddable":true,"href":"https:\/\/class-jewelry.com\/index.php\/wp-json\/wp\/v2\/comments?post=970"}],"wp:featuredmedia":[{"embeddable":true,"href":"https:\/\/class-jewelry.com\/index.php\/wp-json\/wp\/v2\/media\/971"}],"wp:attachment":[{"href":"https:\/\/class-jewelry.com\/index.php\/wp-json\/wp\/v2\/media?parent=970"}],"wp:term":[{"taxonomy":"product_brand","embeddable":true,"href":"https:\/\/class-jewelry.com\/index.php\/wp-json\/wp\/v2\/product_brand?post=970"},{"taxonomy":"product_cat","embeddable":true,"href":"https:\/\/class-jewelry.com\/index.php\/wp-json\/wp\/v2\/product_cat?post=970"},{"taxonomy":"product_tag","embeddable":true,"href":"https:\/\/class-jewelry.com\/index.php\/wp-json\/wp\/v2\/product_tag?post=970"}],"curies":[{"name":"wp","href":"https:\/\/api.w.org\/{rel}","templated":true}]}}