{"id":972,"date":"2025-08-26T17:49:01","date_gmt":"2025-08-26T15:49:01","guid":{"rendered":"https:\/\/class-jewelry.com\/?post_type=product&#038;p=972"},"modified":"2025-08-26T17:49:01","modified_gmt":"2025-08-26T15:49:01","slug":"byzylykuinfinit","status":"publish","type":"product","link":"https:\/\/class-jewelry.com\/index.php\/product\/byzylykuinfinit\/","title":{"rendered":"Byzylyku\u201cInfinit\u201d"},"content":{"rendered":"<p>Byzylyku \u201cInfinit\u201d Rose Gold \u00ebsht\u00eb nj\u00eb aksesor q\u00eb p\u00ebr\u00e7on ndjenja dhe simbolik\u00eb me eleganc\u00eb.<br data-start=\"755\" data-end=\"758\" \/>I punuar nga \u00e7elik inox 316 dhe i veshur me flori Rose Gold 18K me metod\u00ebn PVD, ky byzylyk ofron q\u00ebndrueshm\u00ebri dhe shk\u00eblqim afatgjat\u00eb.<br data-start=\"892\" data-end=\"895\" \/>Materiali \u00ebsht\u00eb antialergjik dhe i reziston ujit dhe lag\u00ebshtir\u00ebs, duke e b\u00ebr\u00eb t\u00eb p\u00ebrshtatsh\u00ebm p\u00ebr p\u00ebrdorim t\u00eb p\u00ebrditsh\u00ebm.<br data-start=\"1016\" data-end=\"1019\" \/>Simboli \u221e (i pafund\u00ebsis\u00eb) n\u00eb qend\u00ebr sjell nj\u00eb mesazh t\u00eb fort\u00eb \u2013 dashuri e p\u00ebrjetshme, miq\u00ebsi e pal\u00ebkundur ose balanc\u00eb e brendshme \u2013 dhe e b\u00ebn k\u00ebt\u00eb aksesor nj\u00eb zgjedhje ideale p\u00ebr dhurat\u00eb me vler\u00eb personale.<\/p>\n","protected":false},"excerpt":{"rendered":"<p data-start=\"147\" data-end=\"246\">\u2022 <strong data-start=\"149\" data-end=\"163\">Materiali:<\/strong> Stainless Steel 316 me veshje PVD Rose Gold 18K \u2013 antialergjik dhe i q\u00ebndruesh\u00ebm<\/p>\n<p data-start=\"248\" data-end=\"315\">\u2022 <strong data-start=\"250\" data-end=\"265\">Rezistenc\u00eb:<\/strong> Nuk nxihet, rezistent ndaj ujit dhe lag\u00ebshtir\u00ebs<\/p>\n<p data-start=\"317\" data-end=\"409\">\u2022 <strong data-start=\"319\" data-end=\"330\">Dizajn:<\/strong> Byzylyk elegant me simbolin e pafund\u00ebsis\u00eb (\u221e) t\u00eb stilizuar n\u00eb form\u00eb delikate<\/p>\n<p data-start=\"411\" data-end=\"503\">\u2022 <strong data-start=\"413\" data-end=\"422\">Stil:<\/strong> Minimalist dhe emocional \u2013 nj\u00eb simbol i lidhjes, dashuris\u00eb ose q\u00ebndrueshm\u00ebris\u00eb<\/p>\n<p data-start=\"505\" data-end=\"636\">\u2022 <strong data-start=\"507\" data-end=\"527\">P\u00ebrshtatshm\u00ebria:<\/strong> I rregulluesh\u00ebm, i leht\u00eb p\u00ebr t\u2019u kombinuar dhe perfekt p\u00ebr p\u00ebrdorim t\u00eb p\u00ebrditsh\u00ebm apo si dhurat\u00eb me kuptim<\/p>\n","protected":false},"featured_media":973,"comment_status":"open","ping_status":"closed","template":"","meta":{"neve_meta_sidebar":"","neve_meta_container":"","neve_meta_enable_content_width":"off","neve_meta_content_width":100,"neve_meta_title_alignment":"","neve_meta_author_avatar":"","neve_post_elements_order":"","neve_meta_disable_header":"","neve_meta_disable_footer":"","neve_meta_disable_title":"","_themeisle_gutenberg_block_has_review":false},"product_brand":[],"product_cat":[26],"product_tag":[],"class_list":{"0":"post-972","1":"product","2":"type-product","3":"status-publish","4":"has-post-thumbnail","6":"product_cat-byrzylyk","8":"first","9":"instock","10":"shipping-taxable","11":"purchasable","12":"product-type-simple"},"_links":{"self":[{"href":"https:\/\/class-jewelry.com\/index.php\/wp-json\/wp\/v2\/product\/972","targetHints":{"allow":["GET"]}}],"collection":[{"href":"https:\/\/class-jewelry.com\/index.php\/wp-json\/wp\/v2\/product"}],"about":[{"href":"https:\/\/class-jewelry.com\/index.php\/wp-json\/wp\/v2\/types\/product"}],"replies":[{"embeddable":true,"href":"https:\/\/class-jewelry.com\/index.php\/wp-json\/wp\/v2\/comments?post=972"}],"wp:featuredmedia":[{"embeddable":true,"href":"https:\/\/class-jewelry.com\/index.php\/wp-json\/wp\/v2\/media\/973"}],"wp:attachment":[{"href":"https:\/\/class-jewelry.com\/index.php\/wp-json\/wp\/v2\/media?parent=972"}],"wp:term":[{"taxonomy":"product_brand","embeddable":true,"href":"https:\/\/class-jewelry.com\/index.php\/wp-json\/wp\/v2\/product_brand?post=972"},{"taxonomy":"product_cat","embeddable":true,"href":"https:\/\/class-jewelry.com\/index.php\/wp-json\/wp\/v2\/product_cat?post=972"},{"taxonomy":"product_tag","embeddable":true,"href":"https:\/\/class-jewelry.com\/index.php\/wp-json\/wp\/v2\/product_tag?post=972"}],"curies":[{"name":"wp","href":"https:\/\/api.w.org\/{rel}","templated":true}]}}