{"id":974,"date":"2025-08-26T17:53:50","date_gmt":"2025-08-26T15:53:50","guid":{"rendered":"https:\/\/class-jewelry.com\/?post_type=product&#038;p=974"},"modified":"2025-08-26T17:53:50","modified_gmt":"2025-08-26T15:53:50","slug":"byzylyk-snake","status":"publish","type":"product","link":"https:\/\/class-jewelry.com\/index.php\/product\/byzylyk-snake\/","title":{"rendered":"Byzylyk \u201cSnake\u201d"},"content":{"rendered":"<p data-start=\"607\" data-end=\"1140\">Byzylyku \u201cSnake\u201d \u00ebsht\u00eb nj\u00eb aksesor me dizajn unik dhe p\u00ebrplot simbolik\u00eb.<br data-start=\"679\" data-end=\"682\" \/>I realizuar nga \u00e7elik\u00a0 316 dhe i veshur me flori 18K n\u00ebp\u00ebrmjet teknologjis\u00eb PVD, ai ofron shk\u00eblqim t\u00eb q\u00ebndruesh\u00ebm dhe rezistenc\u00eb t\u00eb lart\u00eb.<br data-start=\"824\" data-end=\"827\" \/>Materiali \u00ebsht\u00eb antialergjik dhe i p\u00ebrshtatsh\u00ebm p\u00ebr p\u00ebrdorim t\u00eb p\u00ebrditsh\u00ebm, pa u ndikuar nga uji apo lag\u00ebshtira.<br data-start=\"939\" data-end=\"942\" \/>Forma e lakuar \u201cgjarp\u00ebr\u201d jo vet\u00ebm q\u00eb sjell nj\u00eb estetik\u00eb t\u00ebrheq\u00ebse, por p\u00ebrfaq\u00ebson edhe transformimin, mbrojtjen dhe energjin\u00eb \u2013 duke e kthyer k\u00ebt\u00eb byzylyk n\u00eb nj\u00eb deklarat\u00eb stili dhe force personale.<\/p>\n","protected":false},"excerpt":{"rendered":"<p data-start=\"109\" data-end=\"203\">\u2022 <strong data-start=\"111\" data-end=\"125\">Materiali:<\/strong> Stainless Steel 316 me veshje PVD Gold 18K \u2013 antialergjik dhe i q\u00ebndruesh\u00ebm<\/p>\n<p data-start=\"205\" data-end=\"272\">\u2022 <strong data-start=\"207\" data-end=\"222\">Rezistenc\u00eb:<\/strong> Nuk nxihet, rezistent ndaj ujit dhe lag\u00ebshtir\u00ebs<\/p>\n<p data-start=\"274\" data-end=\"381\">\u2022 <strong data-start=\"276\" data-end=\"287\">Dizajn:<\/strong> Byzylyk me form\u00eb t\u00eb lakuar \u201csnake style\u201d q\u00eb i jep dor\u00ebs nj\u00eb pamje elegante dhe t\u00eb guximshme<\/p>\n<p data-start=\"383\" data-end=\"476\">\u2022 <strong data-start=\"385\" data-end=\"394\">Stil:<\/strong> Modern dhe i ve\u00e7ant\u00eb \u2013 frym\u00ebzuar nga simbolika e rinovimit, forc\u00ebs dhe misterit<\/p>\n<p data-start=\"478\" data-end=\"579\">\u2022 <strong data-start=\"480\" data-end=\"500\">P\u00ebrshtatshm\u00ebria:<\/strong> Fleksib\u00ebl dhe i rregulluesh\u00ebm, p\u00ebrshtatet leht\u00eb n\u00eb \u00e7do ky\u00e7 dhe stil veshjeje<\/p>\n","protected":false},"featured_media":975,"comment_status":"open","ping_status":"closed","template":"","meta":{"neve_meta_sidebar":"","neve_meta_container":"","neve_meta_enable_content_width":"off","neve_meta_content_width":100,"neve_meta_title_alignment":"","neve_meta_author_avatar":"","neve_post_elements_order":"","neve_meta_disable_header":"","neve_meta_disable_footer":"","neve_meta_disable_title":"","_themeisle_gutenberg_block_has_review":false},"product_brand":[],"product_cat":[26],"product_tag":[],"class_list":{"0":"post-974","1":"product","2":"type-product","3":"status-publish","4":"has-post-thumbnail","6":"product_cat-byrzylyk","8":"first","9":"instock","10":"shipping-taxable","11":"purchasable","12":"product-type-simple"},"_links":{"self":[{"href":"https:\/\/class-jewelry.com\/index.php\/wp-json\/wp\/v2\/product\/974","targetHints":{"allow":["GET"]}}],"collection":[{"href":"https:\/\/class-jewelry.com\/index.php\/wp-json\/wp\/v2\/product"}],"about":[{"href":"https:\/\/class-jewelry.com\/index.php\/wp-json\/wp\/v2\/types\/product"}],"replies":[{"embeddable":true,"href":"https:\/\/class-jewelry.com\/index.php\/wp-json\/wp\/v2\/comments?post=974"}],"wp:featuredmedia":[{"embeddable":true,"href":"https:\/\/class-jewelry.com\/index.php\/wp-json\/wp\/v2\/media\/975"}],"wp:attachment":[{"href":"https:\/\/class-jewelry.com\/index.php\/wp-json\/wp\/v2\/media?parent=974"}],"wp:term":[{"taxonomy":"product_brand","embeddable":true,"href":"https:\/\/class-jewelry.com\/index.php\/wp-json\/wp\/v2\/product_brand?post=974"},{"taxonomy":"product_cat","embeddable":true,"href":"https:\/\/class-jewelry.com\/index.php\/wp-json\/wp\/v2\/product_cat?post=974"},{"taxonomy":"product_tag","embeddable":true,"href":"https:\/\/class-jewelry.com\/index.php\/wp-json\/wp\/v2\/product_tag?post=974"}],"curies":[{"name":"wp","href":"https:\/\/api.w.org\/{rel}","templated":true}]}}