{"id":978,"date":"2025-08-26T18:01:53","date_gmt":"2025-08-26T16:01:53","guid":{"rendered":"https:\/\/class-jewelry.com\/?post_type=product&#038;p=978"},"modified":"2025-08-26T18:01:53","modified_gmt":"2025-08-26T16:01:53","slug":"unaze-diell","status":"publish","type":"product","link":"https:\/\/class-jewelry.com\/index.php\/product\/unaze-diell\/","title":{"rendered":"Unaz\u00eb  &#8220;Diell&#8221;"},"content":{"rendered":"<p>Kjo unaz\u00eb me simbolin e diellit \u00ebsht\u00eb nj\u00eb aksesor q\u00eb p\u00ebrfaq\u00ebson drit\u00ebn, forc\u00ebn dhe energjin\u00eb pozitive.<br data-start=\"700\" data-end=\"703\" \/>E punuar nga \u00e7elik inox 316 dhe e veshur me flori 18K me metod\u00ebn PVD, ajo ofron nj\u00eb shk\u00eblqim t\u00eb q\u00ebndruesh\u00ebm dhe cil\u00ebsi t\u00eb lart\u00eb.<br data-start=\"831\" data-end=\"834\" \/>Materiali \u00ebsht\u00eb antialergjik dhe rezistent ndaj ujit dhe lag\u00ebshtir\u00ebs, \u00e7ka e b\u00ebn ideale p\u00ebr p\u00ebrdorim t\u00eb p\u00ebrditsh\u00ebm.<br data-start=\"948\" data-end=\"951\" \/>Simboli i diellit n\u00eb qend\u00ebr sjell nj\u00eb ndjesi ngroht\u00ebsie dhe harmonie, duke e kthyer k\u00ebt\u00eb unaz\u00eb n\u00eb nj\u00eb detaj t\u00eb vog\u00ebl me ndikim t\u00eb madh n\u00eb stilin dhe energjin\u00eb tuaj.<\/p>\n","protected":false},"excerpt":{"rendered":"<p data-start=\"119\" data-end=\"213\">\u2022 <strong data-start=\"121\" data-end=\"135\">Materiali:<\/strong> Stainless Steel 316 me veshje PVD Gold 18K \u2013 antialergjik dhe i q\u00ebndruesh\u00ebm<\/p>\n<p data-start=\"215\" data-end=\"283\">\u2022 <strong data-start=\"217\" data-end=\"232\">Rezistenc\u00eb:<\/strong> Nuk nxihet, rezistente ndaj ujit dhe lag\u00ebshtir\u00ebs<\/p>\n<p data-start=\"285\" data-end=\"362\">\u2022 <strong data-start=\"287\" data-end=\"298\">Dizajn:<\/strong> Unaz\u00eb elegante me simbolin e diellit t\u00eb gravuar mbi sip\u00ebrfaqe<\/p>\n<p data-start=\"364\" data-end=\"460\">\u2022 <strong data-start=\"366\" data-end=\"375\">Stil:<\/strong> Minimaliste, me energji pozitive dhe simbolik\u00eb shpirt\u00ebrore \u2013 perfekte p\u00ebr \u00e7do stil<\/p>\n<p data-start=\"462\" data-end=\"570\">\u2022 <strong data-start=\"464\" data-end=\"484\">P\u00ebrshtatshm\u00ebria:<\/strong> E disponueshme n\u00eb madh\u00ebsi t\u00eb ndryshme dhe e p\u00ebrshtatshme p\u00ebr p\u00ebrdorim t\u00eb p\u00ebrditsh\u00ebm<\/p>\n","protected":false},"featured_media":979,"comment_status":"open","ping_status":"closed","template":"","meta":{"neve_meta_sidebar":"","neve_meta_container":"","neve_meta_enable_content_width":"off","neve_meta_content_width":100,"neve_meta_title_alignment":"","neve_meta_author_avatar":"","neve_post_elements_order":"","neve_meta_disable_header":"","neve_meta_disable_footer":"","neve_meta_disable_title":"","_themeisle_gutenberg_block_has_review":false},"product_brand":[],"product_cat":[24],"product_tag":[],"class_list":{"0":"post-978","1":"product","2":"type-product","3":"status-publish","4":"has-post-thumbnail","6":"product_cat-unaza","8":"first","9":"instock","10":"shipping-taxable","11":"purchasable","12":"product-type-simple"},"_links":{"self":[{"href":"https:\/\/class-jewelry.com\/index.php\/wp-json\/wp\/v2\/product\/978","targetHints":{"allow":["GET"]}}],"collection":[{"href":"https:\/\/class-jewelry.com\/index.php\/wp-json\/wp\/v2\/product"}],"about":[{"href":"https:\/\/class-jewelry.com\/index.php\/wp-json\/wp\/v2\/types\/product"}],"replies":[{"embeddable":true,"href":"https:\/\/class-jewelry.com\/index.php\/wp-json\/wp\/v2\/comments?post=978"}],"wp:featuredmedia":[{"embeddable":true,"href":"https:\/\/class-jewelry.com\/index.php\/wp-json\/wp\/v2\/media\/979"}],"wp:attachment":[{"href":"https:\/\/class-jewelry.com\/index.php\/wp-json\/wp\/v2\/media?parent=978"}],"wp:term":[{"taxonomy":"product_brand","embeddable":true,"href":"https:\/\/class-jewelry.com\/index.php\/wp-json\/wp\/v2\/product_brand?post=978"},{"taxonomy":"product_cat","embeddable":true,"href":"https:\/\/class-jewelry.com\/index.php\/wp-json\/wp\/v2\/product_cat?post=978"},{"taxonomy":"product_tag","embeddable":true,"href":"https:\/\/class-jewelry.com\/index.php\/wp-json\/wp\/v2\/product_tag?post=978"}],"curies":[{"name":"wp","href":"https:\/\/api.w.org\/{rel}","templated":true}]}}