{"id":986,"date":"2025-08-26T20:29:37","date_gmt":"2025-08-26T18:29:37","guid":{"rendered":"https:\/\/class-jewelry.com\/?post_type=product&#038;p=986"},"modified":"2025-09-01T22:47:46","modified_gmt":"2025-09-01T20:47:46","slug":"unaza-noa","status":"publish","type":"product","link":"https:\/\/class-jewelry.com\/index.php\/product\/unaza-noa\/","title":{"rendered":"Unaza &#8220;Noa&#8221;"},"content":{"rendered":"<p>Kjo unaz\u00eb \u00ebsht\u00eb nj\u00eb p\u00ebrzierje e harmonishme mes fines\u00ebs s\u00eb argjendit dhe luksit t\u00eb arit.<br data-start=\"754\" data-end=\"757\" \/>E punuar nga argjend 925 dhe e lar\u00eb me flori 18K, ajo ofron nj\u00eb pamje t\u00eb ngroht\u00eb dhe elegante, me nj\u00eb shk\u00eblqim t\u00eb rafinuar.<br data-start=\"880\" data-end=\"883\" \/>Materiali \u00ebsht\u00eb antialergjik dhe rezistent ndaj faktor\u00ebve t\u00eb p\u00ebrditsh\u00ebm, duke e b\u00ebr\u00eb t\u00eb sigurt dhe t\u00eb rehatshme p\u00ebr p\u00ebrdorim t\u00eb gjat\u00eb.<br data-start=\"1017\" data-end=\"1020\" \/>Dizajni i saj i thjesht\u00eb por i sofistikuar e b\u00ebn k\u00ebt\u00eb unaz\u00eb nj\u00eb zgjedhje t\u00eb p\u00ebrkryer p\u00ebr \u00e7do stil \u2013 nga klasik n\u00eb modern.<\/p>\n","protected":false},"excerpt":{"rendered":"<p data-start=\"152\" data-end=\"251\">\u2022 <strong data-start=\"154\" data-end=\"168\">Materiali:<\/strong> Argjend 925 i lar\u00eb me flori 18K \u2013 cil\u00ebsi e lart\u00eb, antialergjik dhe i q\u00ebndruesh\u00ebm<\/p>\n<p data-start=\"253\" data-end=\"347\">\u2022 <strong data-start=\"255\" data-end=\"270\">Rezistenc\u00eb:<\/strong> Nuk nxihet leht\u00eb, rezistente ndaj lag\u00ebshtir\u00ebs dhe p\u00ebrdorimit t\u00eb p\u00ebrditsh\u00ebm<\/p>\n<p data-start=\"349\" data-end=\"427\">\u2022 <strong data-start=\"351\" data-end=\"362\">Dizajn:<\/strong> Unaz\u00eb elegante me p\u00ebrfundim t\u00eb l\u00ebmuar n\u00eb ngjyr\u00eb ari t\u00eb ngroht\u00eb<\/p>\n<p data-start=\"429\" data-end=\"525\">\u2022 <strong data-start=\"431\" data-end=\"440\">Stil:<\/strong> Minimaliste, klasike dhe gjithmon\u00eb n\u00eb mod\u00eb \u2013 p\u00ebr \u00e7do dit\u00eb ose p\u00ebr raste t\u00eb ve\u00e7anta<\/p>\n<p data-start=\"527\" data-end=\"638\">\u2022 <strong data-start=\"529\" data-end=\"549\">P\u00ebrshtatshm\u00ebria:<\/strong> E disponueshme n\u00eb madh\u00ebsi t\u00eb ndryshme, leht\u00ebsisht e kombinueshme me bizhuteri t\u00eb tjera<\/p>\n","protected":false},"featured_media":1213,"comment_status":"open","ping_status":"closed","template":"","meta":{"neve_meta_sidebar":"","neve_meta_container":"","neve_meta_enable_content_width":"off","neve_meta_content_width":100,"neve_meta_title_alignment":"","neve_meta_author_avatar":"","neve_post_elements_order":"","neve_meta_disable_header":"","neve_meta_disable_footer":"","neve_meta_disable_title":"","_themeisle_gutenberg_block_has_review":false},"product_brand":[],"product_cat":[24],"product_tag":[],"class_list":{"0":"post-986","1":"product","2":"type-product","3":"status-publish","4":"has-post-thumbnail","6":"product_cat-unaza","8":"first","9":"instock","10":"shipping-taxable","11":"purchasable","12":"product-type-simple"},"_links":{"self":[{"href":"https:\/\/class-jewelry.com\/index.php\/wp-json\/wp\/v2\/product\/986","targetHints":{"allow":["GET"]}}],"collection":[{"href":"https:\/\/class-jewelry.com\/index.php\/wp-json\/wp\/v2\/product"}],"about":[{"href":"https:\/\/class-jewelry.com\/index.php\/wp-json\/wp\/v2\/types\/product"}],"replies":[{"embeddable":true,"href":"https:\/\/class-jewelry.com\/index.php\/wp-json\/wp\/v2\/comments?post=986"}],"wp:featuredmedia":[{"embeddable":true,"href":"https:\/\/class-jewelry.com\/index.php\/wp-json\/wp\/v2\/media\/1213"}],"wp:attachment":[{"href":"https:\/\/class-jewelry.com\/index.php\/wp-json\/wp\/v2\/media?parent=986"}],"wp:term":[{"taxonomy":"product_brand","embeddable":true,"href":"https:\/\/class-jewelry.com\/index.php\/wp-json\/wp\/v2\/product_brand?post=986"},{"taxonomy":"product_cat","embeddable":true,"href":"https:\/\/class-jewelry.com\/index.php\/wp-json\/wp\/v2\/product_cat?post=986"},{"taxonomy":"product_tag","embeddable":true,"href":"https:\/\/class-jewelry.com\/index.php\/wp-json\/wp\/v2\/product_tag?post=986"}],"curies":[{"name":"wp","href":"https:\/\/api.w.org\/{rel}","templated":true}]}}