{"id":996,"date":"2025-08-26T20:56:32","date_gmt":"2025-08-26T18:56:32","guid":{"rendered":"https:\/\/class-jewelry.com\/?post_type=product&#038;p=996"},"modified":"2025-08-26T20:56:32","modified_gmt":"2025-08-26T18:56:32","slug":"byrzylyk-naya","status":"publish","type":"product","link":"https:\/\/class-jewelry.com\/index.php\/product\/byrzylyk-naya\/","title":{"rendered":"Byrzylyk &#8220;Naya\u201d&#8221;"},"content":{"rendered":"<p>Ky byzylyk i punuar nga \u00e7elik inox 316 dhe i veshur me flori 18K \u00ebsht\u00eb nj\u00eb aksesor i thjesht\u00eb por shum\u00eb i ve\u00e7ant\u00eb.<br data-start=\"718\" data-end=\"721\" \/>Guaska e vog\u00ebl e vendosur sip\u00ebr i jep byzylykut nj\u00eb ndjesi natyrale dhe freski deti, duke sjell\u00eb energji pozitive dhe simbolik\u00eb t\u00eb thell\u00eb.<br data-start=\"859\" data-end=\"862\" \/>Materiali antialergjik dhe rezistent ndaj lag\u00ebshtir\u00ebs e b\u00ebn t\u00eb p\u00ebrshtatsh\u00ebm p\u00ebr p\u00ebrdorim t\u00eb p\u00ebrditsh\u00ebm.<br data-start=\"965\" data-end=\"968\" \/>Nj\u00eb aksesor elegant dhe minimal q\u00eb plot\u00ebson \u00e7do stil dhe veshje.<\/p>\n","protected":false},"excerpt":{"rendered":"<p data-start=\"136\" data-end=\"236\">\u2022 <strong data-start=\"138\" data-end=\"152\">Materiali:<\/strong> Stainless Steel 316 me veshje PVD Gold 18K \u2013 antialergjik dhe shum\u00eb i q\u00ebndruesh\u00ebm<\/p>\n<p data-start=\"238\" data-end=\"305\">\u2022 <strong data-start=\"240\" data-end=\"255\">Rezistenc\u00eb:<\/strong> Nuk nxihet, rezistent ndaj ujit dhe lag\u00ebshtir\u00ebs<\/p>\n<p data-start=\"307\" data-end=\"419\">\u2022 <strong data-start=\"309\" data-end=\"320\">Dizajn:<\/strong> Byzylyk elegant me nj\u00eb guask\u00eb t\u00eb vog\u00ebl t\u00eb vendosur sip\u00ebr, p\u00ebr nj\u00eb prekje t\u00eb ve\u00e7ant\u00eb dhe natyrale<\/p>\n<p data-start=\"421\" data-end=\"494\">\u2022 <strong data-start=\"423\" data-end=\"432\">Stil:<\/strong> Minimalist dhe i rafinuar \u2013 ideal p\u00ebr \u00e7do dit\u00eb dhe \u00e7do rast<\/p>\n<p data-start=\"496\" data-end=\"576\">\u2022 <strong data-start=\"498\" data-end=\"518\">P\u00ebrshtatshm\u00ebria:<\/strong> I rregulluesh\u00ebm dhe i p\u00ebrshtatsh\u00ebm p\u00ebr \u00e7do madh\u00ebsi dore<\/p>\n","protected":false},"featured_media":997,"comment_status":"open","ping_status":"closed","template":"","meta":{"neve_meta_sidebar":"","neve_meta_container":"","neve_meta_enable_content_width":"off","neve_meta_content_width":100,"neve_meta_title_alignment":"","neve_meta_author_avatar":"","neve_post_elements_order":"","neve_meta_disable_header":"","neve_meta_disable_footer":"","neve_meta_disable_title":"","_themeisle_gutenberg_block_has_review":false},"product_brand":[],"product_cat":[26],"product_tag":[],"class_list":{"0":"post-996","1":"product","2":"type-product","3":"status-publish","4":"has-post-thumbnail","6":"product_cat-byrzylyk","8":"first","9":"instock","10":"shipping-taxable","11":"purchasable","12":"product-type-simple"},"_links":{"self":[{"href":"https:\/\/class-jewelry.com\/index.php\/wp-json\/wp\/v2\/product\/996","targetHints":{"allow":["GET"]}}],"collection":[{"href":"https:\/\/class-jewelry.com\/index.php\/wp-json\/wp\/v2\/product"}],"about":[{"href":"https:\/\/class-jewelry.com\/index.php\/wp-json\/wp\/v2\/types\/product"}],"replies":[{"embeddable":true,"href":"https:\/\/class-jewelry.com\/index.php\/wp-json\/wp\/v2\/comments?post=996"}],"wp:featuredmedia":[{"embeddable":true,"href":"https:\/\/class-jewelry.com\/index.php\/wp-json\/wp\/v2\/media\/997"}],"wp:attachment":[{"href":"https:\/\/class-jewelry.com\/index.php\/wp-json\/wp\/v2\/media?parent=996"}],"wp:term":[{"taxonomy":"product_brand","embeddable":true,"href":"https:\/\/class-jewelry.com\/index.php\/wp-json\/wp\/v2\/product_brand?post=996"},{"taxonomy":"product_cat","embeddable":true,"href":"https:\/\/class-jewelry.com\/index.php\/wp-json\/wp\/v2\/product_cat?post=996"},{"taxonomy":"product_tag","embeddable":true,"href":"https:\/\/class-jewelry.com\/index.php\/wp-json\/wp\/v2\/product_tag?post=996"}],"curies":[{"name":"wp","href":"https:\/\/api.w.org\/{rel}","templated":true}]}}